{"id":4409,"date":"2024-11-28T18:19:38","date_gmt":"2024-11-28T17:19:38","guid":{"rendered":"https:\/\/www.weinfreunde-vom-hellweg.de\/alex\/wordpress\/?page_id=4409"},"modified":"2024-11-28T19:12:36","modified_gmt":"2024-11-28T18:12:36","slug":"weinfreunde-besuchen-orte-der-hellweg-region","status":"publish","type":"page","link":"https:\/\/www.weinfreunde-vom-hellweg.de\/alex\/wordpress\/?page_id=4409","title":{"rendered":"Weinfreunde besuchen Orte der Hellweg-Region"},"content":{"rendered":"\n<p>Samstag, 15.06.2019, 14:45 Uhr in Fr\u00f6ndenberg<\/p>\n\n\n\n<p>Auf Initiative unseres Weinfreundes Herbert Ziegenbein besichtigen wir um 15 Uhr das Wasserkraftwerk in Fr\u00f6ndenberg. Anschlie\u00dfend besuchen wir das Westf\u00e4lische Kettenschmiedemuseum, bei dem nat\u00fcrlich eine Schmiedevorstellung nicht fehlen wird.<\/p>\n\n\n\n<p>Gegen 17 Uhr besuchen wir das Wasserwerk Fr\u00f6ndenberg-Menden GmbH, das zu den modernsten Wasserwerken Deutschlands z\u00e4hlt. Dort haben wir Gelegenheit den Betrieb kennenzulernen und werden traditionell den Tag mit einem gem\u00fctlichen Beisammensein, rustikalem Essen und verschiedenen Weinen abschlie\u00dfen.<\/p>\n\n\n\n<p>Alle Sehensw\u00fcrdigkeiten liegen in unmittelbarer N\u00e4he zueinander und k\u00f6nnen fu\u00dfl\u00e4ufig erreicht werden.<\/p>\n","protected":false},"excerpt":{"rendered":"<p>Samstag, 15.06.2019, 14:45 Uhr in Fr\u00f6ndenberg Auf Initiative unseres Weinfreundes Herbert Ziegenbein besichtigen wir um 15 Uhr das Wasserkraftwerk in Fr\u00f6ndenberg. Anschlie\u00dfend besuchen wir das Westf\u00e4lische Kettenschmiedemuseum, bei dem nat\u00fcrlich eine Schmiedevorstellung nicht fehlen wird. Gegen 17 Uhr besuchen wir &hellip; <a href=\"https:\/\/www.weinfreunde-vom-hellweg.de\/alex\/wordpress\/?page_id=4409\">Weiterlesen <span class=\"meta-nav\">&rarr;<\/span><\/a><\/p>\n","protected":false},"author":14,"featured_media":0,"parent":4386,"menu_order":30,"comment_status":"closed","ping_status":"closed","template":"","meta":{"ngg_post_thumbnail":0,"footnotes":""},"class_list":["post-4409","page","type-page","status-publish","hentry"],"_links":{"self":[{"href":"https:\/\/www.weinfreunde-vom-hellweg.de\/alex\/wordpress\/index.php?rest_route=\/wp\/v2\/pages\/4409","targetHints":{"allow":["GET"]}}],"collection":[{"href":"https:\/\/www.weinfreunde-vom-hellweg.de\/alex\/wordpress\/index.php?rest_route=\/wp\/v2\/pages"}],"about":[{"href":"https:\/\/www.weinfreunde-vom-hellweg.de\/alex\/wordpress\/index.php?rest_route=\/wp\/v2\/types\/page"}],"author":[{"embeddable":true,"href":"https:\/\/www.weinfreunde-vom-hellweg.de\/alex\/wordpress\/index.php?rest_route=\/wp\/v2\/users\/14"}],"replies":[{"embeddable":true,"href":"https:\/\/www.weinfreunde-vom-hellweg.de\/alex\/wordpress\/index.php?rest_route=%2Fwp%2Fv2%2Fcomments&post=4409"}],"version-history":[{"count":2,"href":"https:\/\/www.weinfreunde-vom-hellweg.de\/alex\/wordpress\/index.php?rest_route=\/wp\/v2\/pages\/4409\/revisions"}],"predecessor-version":[{"id":4454,"href":"https:\/\/www.weinfreunde-vom-hellweg.de\/alex\/wordpress\/index.php?rest_route=\/wp\/v2\/pages\/4409\/revisions\/4454"}],"up":[{"embeddable":true,"href":"https:\/\/www.weinfreunde-vom-hellweg.de\/alex\/wordpress\/index.php?rest_route=\/wp\/v2\/pages\/4386"}],"wp:attachment":[{"href":"https:\/\/www.weinfreunde-vom-hellweg.de\/alex\/wordpress\/index.php?rest_route=%2Fwp%2Fv2%2Fmedia&parent=4409"}],"curies":[{"name":"wp","href":"https:\/\/api.w.org\/{rel}","templated":true}]}}