{"id":4417,"date":"2024-11-28T18:24:14","date_gmt":"2024-11-28T17:24:14","guid":{"rendered":"https:\/\/www.weinfreunde-vom-hellweg.de\/alex\/wordpress\/?page_id=4417"},"modified":"2024-11-29T12:17:43","modified_gmt":"2024-11-29T11:17:43","slug":"messwein-ein-goettliches-getraenk","status":"publish","type":"page","link":"https:\/\/www.weinfreunde-vom-hellweg.de\/alex\/wordpress\/?page_id=4417","title":{"rendered":"Messwein, ein g\u00f6ttliches Getr\u00e4nk"},"content":{"rendered":"\n<p>Donnerstag, 15.08.2019, 19:30 Uhr im Atelier der Lindenbrauerei Unna<\/p>\n\n\n\n<p>Wesentlich f\u00fcr die Ausbreitung des Weinanbaus seit dem fr\u00fchen Mittelalter in Deutschland war die F\u00f6rderung des Christentums durch Karl des Gro\u00dfen sowie Schenkungen an Bist\u00fcmer und Kl\u00f6ster und zahlreiche Klostergr\u00fcndungen. Die Kirchen und die Kl\u00f6ster bauten schon fr\u00fch qualitativ hochwertigen Wein an, den sie f\u00fcr die Herstellung und den Verbrauch von Messwein ben\u00f6tigten. Aber auch dar\u00fcber hinaus stellte der Weinverkauf an weltliche F\u00fcrstenh\u00e4user eine wichtige Einnahmequelle dar.<\/p>\n\n\n\n<p>Im Gegensatz zum Wein, den das Volk trank, wurden an Messwein hohe qualitative Anspr\u00fcche gestellt. Der in der katholischen Eucharistiefeier und der in der Heiligen Liturgie der Ostkirchen verwendete Wein sollte und soll auch heute noch \u201eder W\u00fcrde des Sakraments\u201c entsprechend rein und ohne Beimischung von Fremdstoffen sein. Die evangelische Kirche hingegen nutzt in manchen Gemeinden aus R\u00fccksicht auf alkoholkranke Menschen fast ausschlie\u00dflich Traubensaft. Die selbstst\u00e4ndigen Evangelisch-Lutherischen Kirchen allerdings erlauben kein Getr\u00e4nk au\u00dfer Wein zur Sakramentsfeier.<\/p>\n\n\n\n<p>Welche Qualit\u00e4tsanforderungen an Messwein gestellt werden, k\u00f6nnen die Teilnehmer an diesem Abend erfahren und nat\u00fcrlich auch schmecken (dass z. B. ein uns sehr bekannter Wein, der Gutedel von Zotz, auch als Messweinen gelistet ist, habe ich erst bei der Vorbereitung zu dieser Veranstaltung erfahren). Zahlreiche Informationen zu geschichtlichen Details, konfessionelle Unterschiede und nat\u00fcrlich zu den Weinen und den Winzern runden den Abend entsprechend ab.<\/p>\n\n\n\n<p><a href=\"https:\/\/www.weinfreunde-vom-hellweg.de\/alex\/wordpress\/wp-content\/uploads\/2024\/11\/2019-08-15-Weinbewertung-Messweine.pdf\" target=\"_blank\" rel=\"noreferrer noopener\">Weinbewertung<\/a> (PDF)<\/p>\n\n\n\n<p><a href=\"https:\/\/www.weinfreunde-vom-hellweg.de\/alex\/wordpress\/wp-content\/uploads\/2024\/11\/2019-08-15-Zeitungsartikel.pdf\" target=\"_blank\" rel=\"noreferrer noopener\">Zeitungsartikel<\/a> (PDF)<\/p>\n","protected":false},"excerpt":{"rendered":"<p>Donnerstag, 15.08.2019, 19:30 Uhr im Atelier der Lindenbrauerei Unna Wesentlich f\u00fcr die Ausbreitung des Weinanbaus seit dem fr\u00fchen Mittelalter in Deutschland war die F\u00f6rderung des Christentums durch Karl des Gro\u00dfen sowie Schenkungen an Bist\u00fcmer und Kl\u00f6ster und zahlreiche Klostergr\u00fcndungen. Die &hellip; <a href=\"https:\/\/www.weinfreunde-vom-hellweg.de\/alex\/wordpress\/?page_id=4417\">Weiterlesen <span class=\"meta-nav\">&rarr;<\/span><\/a><\/p>\n","protected":false},"author":14,"featured_media":0,"parent":4386,"menu_order":45,"comment_status":"closed","ping_status":"closed","template":"","meta":{"ngg_post_thumbnail":0,"footnotes":""},"class_list":["post-4417","page","type-page","status-publish","hentry"],"_links":{"self":[{"href":"https:\/\/www.weinfreunde-vom-hellweg.de\/alex\/wordpress\/index.php?rest_route=\/wp\/v2\/pages\/4417","targetHints":{"allow":["GET"]}}],"collection":[{"href":"https:\/\/www.weinfreunde-vom-hellweg.de\/alex\/wordpress\/index.php?rest_route=\/wp\/v2\/pages"}],"about":[{"href":"https:\/\/www.weinfreunde-vom-hellweg.de\/alex\/wordpress\/index.php?rest_route=\/wp\/v2\/types\/page"}],"author":[{"embeddable":true,"href":"https:\/\/www.weinfreunde-vom-hellweg.de\/alex\/wordpress\/index.php?rest_route=\/wp\/v2\/users\/14"}],"replies":[{"embeddable":true,"href":"https:\/\/www.weinfreunde-vom-hellweg.de\/alex\/wordpress\/index.php?rest_route=%2Fwp%2Fv2%2Fcomments&post=4417"}],"version-history":[{"count":3,"href":"https:\/\/www.weinfreunde-vom-hellweg.de\/alex\/wordpress\/index.php?rest_route=\/wp\/v2\/pages\/4417\/revisions"}],"predecessor-version":[{"id":4488,"href":"https:\/\/www.weinfreunde-vom-hellweg.de\/alex\/wordpress\/index.php?rest_route=\/wp\/v2\/pages\/4417\/revisions\/4488"}],"up":[{"embeddable":true,"href":"https:\/\/www.weinfreunde-vom-hellweg.de\/alex\/wordpress\/index.php?rest_route=\/wp\/v2\/pages\/4386"}],"wp:attachment":[{"href":"https:\/\/www.weinfreunde-vom-hellweg.de\/alex\/wordpress\/index.php?rest_route=%2Fwp%2Fv2%2Fmedia&parent=4417"}],"curies":[{"name":"wp","href":"https:\/\/api.w.org\/{rel}","templated":true}]}}