{"id":4423,"date":"2024-11-28T18:27:40","date_gmt":"2024-11-28T17:27:40","guid":{"rendered":"https:\/\/www.weinfreunde-vom-hellweg.de\/alex\/wordpress\/?page_id=4423"},"modified":"2024-11-28T19:42:59","modified_gmt":"2024-11-28T18:42:59","slug":"faszination-gereifter-weine","status":"publish","type":"page","link":"https:\/\/www.weinfreunde-vom-hellweg.de\/alex\/wordpress\/?page_id=4423","title":{"rendered":"Faszination gereifter Weine"},"content":{"rendered":"\n<p>Donnerstag, 19.09.2019, 19:30 Uhr im Atelier der Lindenbrauerei Unna<\/p>\n\n\n\n<p>Unser Weingeschmack hat sich in den letzten Jahrzehnten hin zu jungen und frischen Weinen entwickelt. Werden beim Rotwein mit abnehmender Tendenz noch einige Jahre Flaschenreife akzeptiert, so sieht das beim Wei\u00dfwein dagegen ganz anders aus. Aber gerade gereifte Weine haben h\u00e4ufig ein Aromen- und Geschmackspotential, das seinesgleichen sucht. So erreicht ein guter Riesling seinen H\u00f6hepunkt erst viele Jahre nach der Abf\u00fcllung und edels\u00fc\u00dfe Weine besitzen auch nach jahrzehntelanger Lagerung h\u00e4ufig noch ein unvergleichliches Geschmackserlebnis. Das Aromenspektrum gereifter Weine ist nat\u00fcrlich mit jungen, frischen Weinen nicht zu vergleichen. Durch den Alterungsprozess werden fruchtige Aromen zugunsten w\u00fcrziger Aromen verdr\u00e4ngt. Ebenso ver\u00e4ndern sich S\u00fc\u00dfe, S\u00e4ure und Gerbstoffe.<\/p>\n\n\n\n<p>Da jeder Weintrinker seinen Weingeschmack anders definiert, werden Noten von Sherry bzw. auch Petrolnoten von dem einen als Erlebnis definiert, w\u00e4hrend andere ihn als \u00fcberaltert ansehen. Um dies zu beurteilen haben wir Gelegenheit, uns an diesem Abend auf die Faszination alter Weine einmal einzulassen.<\/p>\n\n\n\n<p>Uns Weinfreunden wurde der Inhalt des Weinkellers der Familie K. \u00fcberlassen. In mehreren Probierrunden, die wir -anders als gewohnt- diesmal in kleineren Gruppen an verschiedenen Probiertischen durchf\u00fchren werden, k\u00f6nnen wir uns \u00fcberraschen lassen, wie verschiedene Weine sich \u00fcber die Jahre entwickelt haben.<\/p>\n\n\n\n<p>Mit der Familie K. haben wir vereinbart, dass der Erl\u00f6s dieser Veranstaltung dem Heilig-Geist Hospiz zugutekommt.<\/p>\n\n\n\n<p><a href=\"https:\/\/www.weinfreunde-vom-hellweg.de\/alex\/wordpress\/wp-content\/uploads\/2024\/11\/2019-09-19-Weinliste-Gereifte-Weine.pdf\" target=\"_blank\" rel=\"noreferrer noopener\">Weinliste<\/a> (PDF)<\/p>\n","protected":false},"excerpt":{"rendered":"<p>Donnerstag, 19.09.2019, 19:30 Uhr im Atelier der Lindenbrauerei Unna Unser Weingeschmack hat sich in den letzten Jahrzehnten hin zu jungen und frischen Weinen entwickelt. Werden beim Rotwein mit abnehmender Tendenz noch einige Jahre Flaschenreife akzeptiert, so sieht das beim Wei\u00dfwein &hellip; <a href=\"https:\/\/www.weinfreunde-vom-hellweg.de\/alex\/wordpress\/?page_id=4423\">Weiterlesen <span class=\"meta-nav\">&rarr;<\/span><\/a><\/p>\n","protected":false},"author":14,"featured_media":0,"parent":4386,"menu_order":55,"comment_status":"closed","ping_status":"closed","template":"","meta":{"ngg_post_thumbnail":0,"footnotes":""},"class_list":["post-4423","page","type-page","status-publish","hentry"],"_links":{"self":[{"href":"https:\/\/www.weinfreunde-vom-hellweg.de\/alex\/wordpress\/index.php?rest_route=\/wp\/v2\/pages\/4423","targetHints":{"allow":["GET"]}}],"collection":[{"href":"https:\/\/www.weinfreunde-vom-hellweg.de\/alex\/wordpress\/index.php?rest_route=\/wp\/v2\/pages"}],"about":[{"href":"https:\/\/www.weinfreunde-vom-hellweg.de\/alex\/wordpress\/index.php?rest_route=\/wp\/v2\/types\/page"}],"author":[{"embeddable":true,"href":"https:\/\/www.weinfreunde-vom-hellweg.de\/alex\/wordpress\/index.php?rest_route=\/wp\/v2\/users\/14"}],"replies":[{"embeddable":true,"href":"https:\/\/www.weinfreunde-vom-hellweg.de\/alex\/wordpress\/index.php?rest_route=%2Fwp%2Fv2%2Fcomments&post=4423"}],"version-history":[{"count":2,"href":"https:\/\/www.weinfreunde-vom-hellweg.de\/alex\/wordpress\/index.php?rest_route=\/wp\/v2\/pages\/4423\/revisions"}],"predecessor-version":[{"id":4468,"href":"https:\/\/www.weinfreunde-vom-hellweg.de\/alex\/wordpress\/index.php?rest_route=\/wp\/v2\/pages\/4423\/revisions\/4468"}],"up":[{"embeddable":true,"href":"https:\/\/www.weinfreunde-vom-hellweg.de\/alex\/wordpress\/index.php?rest_route=\/wp\/v2\/pages\/4386"}],"wp:attachment":[{"href":"https:\/\/www.weinfreunde-vom-hellweg.de\/alex\/wordpress\/index.php?rest_route=%2Fwp%2Fv2%2Fmedia&parent=4423"}],"curies":[{"name":"wp","href":"https:\/\/api.w.org\/{rel}","templated":true}]}}