{"id":4519,"date":"2024-12-01T13:34:19","date_gmt":"2024-12-01T12:34:19","guid":{"rendered":"https:\/\/www.weinfreunde-vom-hellweg.de\/alex\/wordpress\/?page_id=4519"},"modified":"2024-12-01T16:47:51","modified_gmt":"2024-12-01T15:47:51","slug":"denn-das-gute-liegt-so-nahr","status":"publish","type":"page","link":"https:\/\/www.weinfreunde-vom-hellweg.de\/alex\/wordpress\/?page_id=4519","title":{"rendered":"\u201edenn das Gute liegt so nAhr\u201c"},"content":{"rendered":"\n<p>Donnerstag, 18.02.2018, 19:30 Uhr im Atelier der Lindenbrauerei Unna<\/p>\n\n\n\n<p>Im Weinanbaugebiet Ahr werden ca. 560 Hektar Rebfl\u00e4che bewirtschaftet, damit z\u00e4hlt die Ahr zu den kleinsten Anbaugebieten Deutschlands. Aufgrund des einzigartigen Mikroklimas geh\u00f6rt das Weinanbaugebiet Ahr, trotz seiner n\u00f6rdlichen Lage, zu den profiliertesten deutschen Rotweinanbaugebieten.<\/p>\n\n\n\n<p>An Steil- und Steilsth\u00e4ngen wird neben Fr\u00fchburgunder, Portugieser, Riesling und anderen Rebsorten heute \u00fcberwiegend Sp\u00e4tburgunder angebaut. Den engagierten Ahrwinzern ist es zu verdanken, dass die selten anzutreffenden Fr\u00fchburgunder-Weinberge heute noch erhalten sind. Unsere Weinfreunde Steffi und Werner Schmitz haben f\u00fcr uns Dernau an der Ahr besucht und werden uns in einer virtuellen abendlichen Weinreise, bei der das 1800 Einwohnerdorf im Ahrtal Ausgangs- und Endpunkt ist, ihre Eindr\u00fccke und nat\u00fcrlich auch ihre ausgesuchten Weine im Rahmen einer Bilderpr\u00e4sentation n\u00e4her bringen.<\/p>\n\n\n\n<p>Trotz der geringen Einwohnerzahl hat Dernau acht verschiedene Weing\u00fcter und eine Winzergenossenschaft zu bieten, die wir fast alle mit einem Wein besuchen werden. Wenn auch das Ahrtal f\u00fcr seine Sp\u00e4tburgunder ber\u00fchmt ist, werden wir nicht nur bei dieser Weinsorte bleiben, sondern auch helle Weine verkosten. Aber nicht nur die Weine aus Dernau, sondern Dernau selbst, eingebettet in die steilen Weinbergterrassen, hat eine Menge diesseits und jenseits des Tourismus zu bieten. Wir wollen auch darauf einen Blick werfen und sehen, wie die r\u00f6mische sowie die aktuelle Geschichte Einfluss auf die Einwohner und die Weinerzeugung genommen hat.<\/p>\n\n\n\n<p><a href=\"https:\/\/www.weinfreunde-vom-hellweg.de\/alex\/wordpress\/wp-content\/uploads\/2018-02-18-Weinbewertung-Ahr.pdf\" target=\"_blank\" rel=\"noreferrer noopener\">Weinbewertung<\/a> (PDF)<\/p>\n","protected":false},"excerpt":{"rendered":"<p>Donnerstag, 18.02.2018, 19:30 Uhr im Atelier der Lindenbrauerei Unna Im Weinanbaugebiet Ahr werden ca. 560 Hektar Rebfl\u00e4che bewirtschaftet, damit z\u00e4hlt die Ahr zu den kleinsten Anbaugebieten Deutschlands. Aufgrund des einzigartigen Mikroklimas geh\u00f6rt das Weinanbaugebiet Ahr, trotz seiner n\u00f6rdlichen Lage, zu &hellip; <a href=\"https:\/\/www.weinfreunde-vom-hellweg.de\/alex\/wordpress\/?page_id=4519\">Weiterlesen <span class=\"meta-nav\">&rarr;<\/span><\/a><\/p>\n","protected":false},"author":14,"featured_media":0,"parent":4477,"menu_order":10,"comment_status":"closed","ping_status":"closed","template":"","meta":{"ngg_post_thumbnail":0,"footnotes":""},"class_list":["post-4519","page","type-page","status-publish","hentry"],"_links":{"self":[{"href":"https:\/\/www.weinfreunde-vom-hellweg.de\/alex\/wordpress\/index.php?rest_route=\/wp\/v2\/pages\/4519","targetHints":{"allow":["GET"]}}],"collection":[{"href":"https:\/\/www.weinfreunde-vom-hellweg.de\/alex\/wordpress\/index.php?rest_route=\/wp\/v2\/pages"}],"about":[{"href":"https:\/\/www.weinfreunde-vom-hellweg.de\/alex\/wordpress\/index.php?rest_route=\/wp\/v2\/types\/page"}],"author":[{"embeddable":true,"href":"https:\/\/www.weinfreunde-vom-hellweg.de\/alex\/wordpress\/index.php?rest_route=\/wp\/v2\/users\/14"}],"replies":[{"embeddable":true,"href":"https:\/\/www.weinfreunde-vom-hellweg.de\/alex\/wordpress\/index.php?rest_route=%2Fwp%2Fv2%2Fcomments&post=4519"}],"version-history":[{"count":3,"href":"https:\/\/www.weinfreunde-vom-hellweg.de\/alex\/wordpress\/index.php?rest_route=\/wp\/v2\/pages\/4519\/revisions"}],"predecessor-version":[{"id":4569,"href":"https:\/\/www.weinfreunde-vom-hellweg.de\/alex\/wordpress\/index.php?rest_route=\/wp\/v2\/pages\/4519\/revisions\/4569"}],"up":[{"embeddable":true,"href":"https:\/\/www.weinfreunde-vom-hellweg.de\/alex\/wordpress\/index.php?rest_route=\/wp\/v2\/pages\/4477"}],"wp:attachment":[{"href":"https:\/\/www.weinfreunde-vom-hellweg.de\/alex\/wordpress\/index.php?rest_route=%2Fwp%2Fv2%2Fmedia&parent=4519"}],"curies":[{"name":"wp","href":"https:\/\/api.w.org\/{rel}","templated":true}]}}