{"id":4525,"date":"2024-12-01T13:39:48","date_gmt":"2024-12-01T12:39:48","guid":{"rendered":"https:\/\/www.weinfreunde-vom-hellweg.de\/alex\/wordpress\/?page_id=4525"},"modified":"2024-12-01T18:21:09","modified_gmt":"2024-12-01T17:21:09","slug":"weinreise-bordeaux","status":"publish","type":"page","link":"https:\/\/www.weinfreunde-vom-hellweg.de\/alex\/wordpress\/?page_id=4525","title":{"rendered":"Weinreise Bordeaux"},"content":{"rendered":"\n<p>Samstag, 21.04.2018 bis Sonntag 29.04.2018<\/p>\n\n\n\n<p>Ca. 30 Weinfreundinnen und Weinfreunde werden bei dieser rund einw\u00f6chigen Weinreise das Weinanbaugebiet Bordeaux, das das gr\u00f6\u00dfte zusammenh\u00e4ngende Anbaugebiet der Welt ist, kennenlernen. Da die Rebfl\u00e4che im Bordelais mit 120.000 ha wesentlich gr\u00f6\u00dfer ist als alle deutschen Rebfl\u00e4chen zusammen, werden die Teilnehmer nat\u00fcrlich nicht s\u00e4mtliche entlegenen Winkel bereisen k\u00f6nnen, aber einen \u00dcberblick \u00fcber die wichtigsten Regionen erhalten.<\/p>\n\n\n\n<p>Auf dem Programm stehen Besuche mit Weinproben in verschiedenen Chateaus, aber auch kulinarischen Gen\u00fcsse der einfachen und gehobenen franz\u00f6sischen K\u00fcche. Bestandteil unserer Weinreise ist selbstverst\u00e4ndlich auch die Geschichte und die Kultur der jeweiligen Region. So sieht unser Programm neben dem Erleben von Wein auch verschiedene Besichtigungen und F\u00fchrungen vor. Auf der Hin- und R\u00fcckreise werden dann noch die Anbaugebiete Loire und Burgund durchquert.<\/p>\n\n\n\n<p>Wer von den Weinfreundinnen und Weinfreunden hat mehr Informationen zu dieser Weinreise? Gibt es einen Reisebericht?<\/p>\n","protected":false},"excerpt":{"rendered":"<p>Samstag, 21.04.2018 bis Sonntag 29.04.2018 Ca. 30 Weinfreundinnen und Weinfreunde werden bei dieser rund einw\u00f6chigen Weinreise das Weinanbaugebiet Bordeaux, das das gr\u00f6\u00dfte zusammenh\u00e4ngende Anbaugebiet der Welt ist, kennenlernen. Da die Rebfl\u00e4che im Bordelais mit 120.000 ha wesentlich gr\u00f6\u00dfer ist als &hellip; <a href=\"https:\/\/www.weinfreunde-vom-hellweg.de\/alex\/wordpress\/?page_id=4525\">Weiterlesen <span class=\"meta-nav\">&rarr;<\/span><\/a><\/p>\n","protected":false},"author":14,"featured_media":0,"parent":4477,"menu_order":25,"comment_status":"closed","ping_status":"closed","template":"","meta":{"ngg_post_thumbnail":0,"footnotes":""},"class_list":["post-4525","page","type-page","status-publish","hentry"],"_links":{"self":[{"href":"https:\/\/www.weinfreunde-vom-hellweg.de\/alex\/wordpress\/index.php?rest_route=\/wp\/v2\/pages\/4525","targetHints":{"allow":["GET"]}}],"collection":[{"href":"https:\/\/www.weinfreunde-vom-hellweg.de\/alex\/wordpress\/index.php?rest_route=\/wp\/v2\/pages"}],"about":[{"href":"https:\/\/www.weinfreunde-vom-hellweg.de\/alex\/wordpress\/index.php?rest_route=\/wp\/v2\/types\/page"}],"author":[{"embeddable":true,"href":"https:\/\/www.weinfreunde-vom-hellweg.de\/alex\/wordpress\/index.php?rest_route=\/wp\/v2\/users\/14"}],"replies":[{"embeddable":true,"href":"https:\/\/www.weinfreunde-vom-hellweg.de\/alex\/wordpress\/index.php?rest_route=%2Fwp%2Fv2%2Fcomments&post=4525"}],"version-history":[{"count":3,"href":"https:\/\/www.weinfreunde-vom-hellweg.de\/alex\/wordpress\/index.php?rest_route=\/wp\/v2\/pages\/4525\/revisions"}],"predecessor-version":[{"id":4599,"href":"https:\/\/www.weinfreunde-vom-hellweg.de\/alex\/wordpress\/index.php?rest_route=\/wp\/v2\/pages\/4525\/revisions\/4599"}],"up":[{"embeddable":true,"href":"https:\/\/www.weinfreunde-vom-hellweg.de\/alex\/wordpress\/index.php?rest_route=\/wp\/v2\/pages\/4477"}],"wp:attachment":[{"href":"https:\/\/www.weinfreunde-vom-hellweg.de\/alex\/wordpress\/index.php?rest_route=%2Fwp%2Fv2%2Fmedia&parent=4525"}],"curies":[{"name":"wp","href":"https:\/\/api.w.org\/{rel}","templated":true}]}}