{"id":4529,"date":"2024-12-01T13:41:26","date_gmt":"2024-12-01T12:41:26","guid":{"rendered":"https:\/\/www.weinfreunde-vom-hellweg.de\/alex\/wordpress\/?page_id=4529"},"modified":"2024-12-01T16:53:03","modified_gmt":"2024-12-01T15:53:03","slug":"ein-jahr-deutsche-weinkoenigin","status":"publish","type":"page","link":"https:\/\/www.weinfreunde-vom-hellweg.de\/alex\/wordpress\/?page_id=4529","title":{"rendered":"Ein Jahr Deutsche Weink\u00f6nigin"},"content":{"rendered":"\n<p>Donnerstag, 24.05.2018, 19:30 Uhr im Atelier der Lindenbrauerei Unna<\/p>\n\n\n\n<p>Ein Jahr Deutsche Weink\u00f6nigin mit Josefine Schlumberger, 67. Deutschen Weink\u00f6nigin im Jahr 2016.<\/p>\n\n\n\n<p>Seit 1949 wird, organisiert vom Deutschen Weininstitut (DWI), aus den Kandidatinnen der einzelnen Anbaugebiete die Deutsche Weink\u00f6nigin gew\u00e4hlt. Die Amtszeit der Deutschen Weink\u00f6nigin betr\u00e4gt ein Jahr. Die Aufgaben und das Image der Deutschen Weink\u00f6niginnen haben sich im Laufe der Jahre stark gewandelt. W\u00e4hrend fr\u00fcher rein repr\u00e4sentative Aufgaben im Mittelpunkt standen, wird heute viel Fachwissen, Wortgewandtheit, Fremdsprachenbeherrschung und Exportwissen verlangt. Alle Bewerberinnen m\u00fcssen eine eindeutige und starke Verbundenheit mit deutschen Weinen nachweisen.<\/p>\n\n\n\n<p>Die Deutsche Weink\u00f6nigin ist die Botschafterin des Deutschen Weines im In- und Ausland und soll durch ihr Wissen und Auftreten Fachleute. und Weinkonsumenten weltweit von der Qualit\u00e4t, Vielfalt und Einzigartigkeit unserer heimischen Weine \u00fcberzeugen. Deutsche Weink\u00f6nigin zu sein, ist mit einem gro\u00dfen Engagement verbunden. Das Jahr der Amtszeit, in dem die Weink\u00f6nigin an rund 200 Tagen im In- und Ausland unterwegs ist, bedeutet nicht nur eine h\u00e4ufige Trennung von Familie und Freunden, sondern beinhaltet auch, in der Ausbildung oder im Beruf eine Auszeit zu nehmen und andere Hobbys zur\u00fcckzustellen.<\/p>\n\n\n\n<p>\u00dcber den Verlauf ihres Amtsjahres als Deutsche Weink\u00f6nigin und welche Erfahrungen damit verbunden sind, das wird uns der Gast des heutigen Abends Josefine Schlumberger, die bis September 2016 amtierende Deutsche Weink\u00f6nigin war, berichten. Wie gewohnt findet der Abend im Rahmen einer Verkostung statt, in der Josefine Schlumberger ausgesuchte Weine aus dem elterlichen Weingut Rainer Schlumberger aus Laufen im Markgr\u00e4flerland vorstellen wird.<\/p>\n\n\n\n<p><a href=\"https:\/\/www.weinfreunde-vom-hellweg.de\/alex\/wordpress\/wp-content\/uploads\/2018-05-24-Weinliste.pdf\" target=\"_blank\" rel=\"noreferrer noopener\">Weinliste<\/a> (PDF)<\/p>\n\n\n\n<p><a href=\"https:\/\/www.weinfreunde-vom-hellweg.de\/alex\/wordpress\/wp-content\/uploads\/2018-05-24-Weinbewertung.pdf\" target=\"_blank\" rel=\"noreferrer noopener\">Weinbewertung<\/a> (PDF)<\/p>\n\n\n\n<p><a href=\"https:\/\/www.weinfreunde-vom-hellweg.de\/alex\/wordpress\/wp-content\/uploads\/2018-05-24-Zeitungsartikel.pdf\" target=\"_blank\" rel=\"noreferrer noopener\">Zeitungsartikel<\/a> (PDF)<\/p>\n","protected":false},"excerpt":{"rendered":"<p>Donnerstag, 24.05.2018, 19:30 Uhr im Atelier der Lindenbrauerei Unna Ein Jahr Deutsche Weink\u00f6nigin mit Josefine Schlumberger, 67. Deutschen Weink\u00f6nigin im Jahr 2016. Seit 1949 wird, organisiert vom Deutschen Weininstitut (DWI), aus den Kandidatinnen der einzelnen Anbaugebiete die Deutsche Weink\u00f6nigin gew\u00e4hlt. &hellip; <a href=\"https:\/\/www.weinfreunde-vom-hellweg.de\/alex\/wordpress\/?page_id=4529\">Weiterlesen <span class=\"meta-nav\">&rarr;<\/span><\/a><\/p>\n","protected":false},"author":14,"featured_media":0,"parent":4477,"menu_order":30,"comment_status":"closed","ping_status":"closed","template":"","meta":{"ngg_post_thumbnail":0,"footnotes":""},"class_list":["post-4529","page","type-page","status-publish","hentry"],"_links":{"self":[{"href":"https:\/\/www.weinfreunde-vom-hellweg.de\/alex\/wordpress\/index.php?rest_route=\/wp\/v2\/pages\/4529","targetHints":{"allow":["GET"]}}],"collection":[{"href":"https:\/\/www.weinfreunde-vom-hellweg.de\/alex\/wordpress\/index.php?rest_route=\/wp\/v2\/pages"}],"about":[{"href":"https:\/\/www.weinfreunde-vom-hellweg.de\/alex\/wordpress\/index.php?rest_route=\/wp\/v2\/types\/page"}],"author":[{"embeddable":true,"href":"https:\/\/www.weinfreunde-vom-hellweg.de\/alex\/wordpress\/index.php?rest_route=\/wp\/v2\/users\/14"}],"replies":[{"embeddable":true,"href":"https:\/\/www.weinfreunde-vom-hellweg.de\/alex\/wordpress\/index.php?rest_route=%2Fwp%2Fv2%2Fcomments&post=4529"}],"version-history":[{"count":4,"href":"https:\/\/www.weinfreunde-vom-hellweg.de\/alex\/wordpress\/index.php?rest_route=\/wp\/v2\/pages\/4529\/revisions"}],"predecessor-version":[{"id":4578,"href":"https:\/\/www.weinfreunde-vom-hellweg.de\/alex\/wordpress\/index.php?rest_route=\/wp\/v2\/pages\/4529\/revisions\/4578"}],"up":[{"embeddable":true,"href":"https:\/\/www.weinfreunde-vom-hellweg.de\/alex\/wordpress\/index.php?rest_route=\/wp\/v2\/pages\/4477"}],"wp:attachment":[{"href":"https:\/\/www.weinfreunde-vom-hellweg.de\/alex\/wordpress\/index.php?rest_route=%2Fwp%2Fv2%2Fmedia&parent=4529"}],"curies":[{"name":"wp","href":"https:\/\/api.w.org\/{rel}","templated":true}]}}