{"id":4538,"date":"2024-12-01T13:46:23","date_gmt":"2024-12-01T12:46:23","guid":{"rendered":"https:\/\/www.weinfreunde-vom-hellweg.de\/alex\/wordpress\/?page_id=4538"},"modified":"2024-12-01T16:57:52","modified_gmt":"2024-12-01T15:57:52","slug":"rhein-und-wein-die-unzertrennlichen","status":"publish","type":"page","link":"https:\/\/www.weinfreunde-vom-hellweg.de\/alex\/wordpress\/?page_id=4538","title":{"rendered":"Rhein und Wein -Die Unzertrennlichen"},"content":{"rendered":"\n<p>Donnerstag, 09.08.2018, 19:30 Uhr im Atelier der Lindenbrauerei Unna<\/p>\n\n\n\n<p>Obwohl der Rhein mit seinen nur wenig mehr als 1.200 Kilometern Gesamtl\u00e4nge nicht zu den l\u00e4ngsten Str\u00f6men der Welt geh\u00f6rt (selbst auf europ\u00e4ischer Ebene liegt er damit \u201enur\u201c auf Platz 6), hat der Fluss speziell f\u00fcr Deutschland eine \u00fcberragende Bedeutung und ist dar\u00fcber hinaus auch ein bedeutendes Touristenziel, man denke nur an St\u00e4dte wie K\u00f6ln oder auch R\u00fcdesheim.<\/p>\n\n\n\n<p>In seinem in Deutschland ca. 100.000 km\u00b2 gro\u00dfen Einzugsgebiet leben mehr als 40% der deutschen Bev\u00f6lkerung. Die Landschaften in seiner direkten Umgebung weisen h\u00e4ufig klimatische Vorteile gegen\u00fcber anderen Gebieten auf und eignen sich daher bekannterma\u00dfen an vielen Stellen hervorragend f\u00fcr den Weinbau<\/p>\n\n\n\n<p>In einer virtuellen Reise entlang des Rheins vom Bodensee bis nach NRW werden wir viele (durchaus auch weniger bekannte) Informationen \u00fcber den \u201edeutschesten\u201c aller Fl\u00fcsse erhalten. Eine vielf\u00e4ltige Auswahl an jeweils passenden Weinen wird zeigen, dass Rhein und Wein wirklich untrennbar miteinander verbunden sind.<\/p>\n\n\n\n<p>Moderation: Ralph Tegethoff<\/p>\n\n\n\n<p><a href=\"https:\/\/www.weinfreunde-vom-hellweg.de\/alex\/wordpress\/wp-content\/uploads\/2018-08-09-Weinbewertung-Rhein-und-Wein.pdf\" target=\"_blank\" rel=\"noreferrer noopener\">Weinbewertung<\/a> (PDF)<\/p>\n","protected":false},"excerpt":{"rendered":"<p>Donnerstag, 09.08.2018, 19:30 Uhr im Atelier der Lindenbrauerei Unna Obwohl der Rhein mit seinen nur wenig mehr als 1.200 Kilometern Gesamtl\u00e4nge nicht zu den l\u00e4ngsten Str\u00f6men der Welt geh\u00f6rt (selbst auf europ\u00e4ischer Ebene liegt er damit \u201enur\u201c auf Platz 6), &hellip; <a href=\"https:\/\/www.weinfreunde-vom-hellweg.de\/alex\/wordpress\/?page_id=4538\">Weiterlesen <span class=\"meta-nav\">&rarr;<\/span><\/a><\/p>\n","protected":false},"author":14,"featured_media":0,"parent":4477,"menu_order":45,"comment_status":"closed","ping_status":"closed","template":"","meta":{"ngg_post_thumbnail":0,"footnotes":""},"class_list":["post-4538","page","type-page","status-publish","hentry"],"_links":{"self":[{"href":"https:\/\/www.weinfreunde-vom-hellweg.de\/alex\/wordpress\/index.php?rest_route=\/wp\/v2\/pages\/4538","targetHints":{"allow":["GET"]}}],"collection":[{"href":"https:\/\/www.weinfreunde-vom-hellweg.de\/alex\/wordpress\/index.php?rest_route=\/wp\/v2\/pages"}],"about":[{"href":"https:\/\/www.weinfreunde-vom-hellweg.de\/alex\/wordpress\/index.php?rest_route=\/wp\/v2\/types\/page"}],"author":[{"embeddable":true,"href":"https:\/\/www.weinfreunde-vom-hellweg.de\/alex\/wordpress\/index.php?rest_route=\/wp\/v2\/users\/14"}],"replies":[{"embeddable":true,"href":"https:\/\/www.weinfreunde-vom-hellweg.de\/alex\/wordpress\/index.php?rest_route=%2Fwp%2Fv2%2Fcomments&post=4538"}],"version-history":[{"count":3,"href":"https:\/\/www.weinfreunde-vom-hellweg.de\/alex\/wordpress\/index.php?rest_route=\/wp\/v2\/pages\/4538\/revisions"}],"predecessor-version":[{"id":4583,"href":"https:\/\/www.weinfreunde-vom-hellweg.de\/alex\/wordpress\/index.php?rest_route=\/wp\/v2\/pages\/4538\/revisions\/4583"}],"up":[{"embeddable":true,"href":"https:\/\/www.weinfreunde-vom-hellweg.de\/alex\/wordpress\/index.php?rest_route=\/wp\/v2\/pages\/4477"}],"wp:attachment":[{"href":"https:\/\/www.weinfreunde-vom-hellweg.de\/alex\/wordpress\/index.php?rest_route=%2Fwp%2Fv2%2Fmedia&parent=4538"}],"curies":[{"name":"wp","href":"https:\/\/api.w.org\/{rel}","templated":true}]}}