{"id":4540,"date":"2024-12-01T13:48:02","date_gmt":"2024-12-01T12:48:02","guid":{"rendered":"https:\/\/www.weinfreunde-vom-hellweg.de\/alex\/wordpress\/?page_id=4540"},"modified":"2024-12-01T16:06:17","modified_gmt":"2024-12-01T15:06:17","slug":"bier-trifft-wein","status":"publish","type":"page","link":"https:\/\/www.weinfreunde-vom-hellweg.de\/alex\/wordpress\/?page_id=4540","title":{"rendered":"Bier trifft Wein"},"content":{"rendered":"\n<p>Freitag, 21.09.2018, 19:30 Uhr in der Spelunke zur alten Unke in Unna<\/p>\n\n\n\n<p>Der Ursprung des Bierbrauens liegt, \u00e4hnlich wie die Herstellung von Wein, tausende Jahre zur\u00fcck. Schon vor 2000 Jahren breitete sich die Kunst des Bierbrauens insbesondere in den n\u00f6rdlichen Regionen Europas aus. Erst den R\u00f6mern und haupts\u00e4chlich auch den Kl\u00f6stern im Mittelalter ist es zu verdanken, dass sich in unseren Breiten neben dem Bier langsam auch der Wein durchsetzt und in den Weingegenden das Bier sogar verdr\u00e4ngte. Die sich so im deutschen Sprachraum gebildeten Bier- und Weinregionen bestehen zum gro\u00dfen Teil auch heute noch. Brautradition und Weinkultur haben nicht nur unsere Geschichte begleitet, sondern sind auch heute noch ein fester Bestandteil unseres Lebens. Was liegt daher n\u00e4her, wenn wir uns als Weinfreunde in einer Bierregion auch einmal n\u00e4her mit dem Gerstensaft besch\u00e4ftigen, denn so mancher von uns wei\u00df bei passender Gelegenheit neben dem Wein auch ein Glas Bier durchaus zu sch\u00e4tzen.<\/p>\n\n\n\n<p>Wolfgang Patzkowsky, Vorsitzender des Vereins \u201ecerevisia unnae clara\u201c, der sich f\u00fcr die F\u00f6rderung und Pflege der Brau- und Kneipenkultur und der Geschichte des Bieres in Unna einsetzt, hat sich bereitgefunden, uns in seine \u201eSpelunke\u201c im Buhre-Haus einzuladen. Im Rahmen einer Verkostung werden wir nicht nur verschiedene Biere kennenlernen, sondern auch die Chronik des Hauses und in humorvoller Weise auch viele Anekdoten zur Biergeschichte erfahren.<\/p>\n","protected":false},"excerpt":{"rendered":"<p>Freitag, 21.09.2018, 19:30 Uhr in der Spelunke zur alten Unke in Unna Der Ursprung des Bierbrauens liegt, \u00e4hnlich wie die Herstellung von Wein, tausende Jahre zur\u00fcck. Schon vor 2000 Jahren breitete sich die Kunst des Bierbrauens insbesondere in den n\u00f6rdlichen &hellip; <a href=\"https:\/\/www.weinfreunde-vom-hellweg.de\/alex\/wordpress\/?page_id=4540\">Weiterlesen <span class=\"meta-nav\">&rarr;<\/span><\/a><\/p>\n","protected":false},"author":14,"featured_media":0,"parent":4477,"menu_order":55,"comment_status":"closed","ping_status":"closed","template":"","meta":{"ngg_post_thumbnail":0,"footnotes":""},"class_list":["post-4540","page","type-page","status-publish","hentry"],"_links":{"self":[{"href":"https:\/\/www.weinfreunde-vom-hellweg.de\/alex\/wordpress\/index.php?rest_route=\/wp\/v2\/pages\/4540","targetHints":{"allow":["GET"]}}],"collection":[{"href":"https:\/\/www.weinfreunde-vom-hellweg.de\/alex\/wordpress\/index.php?rest_route=\/wp\/v2\/pages"}],"about":[{"href":"https:\/\/www.weinfreunde-vom-hellweg.de\/alex\/wordpress\/index.php?rest_route=\/wp\/v2\/types\/page"}],"author":[{"embeddable":true,"href":"https:\/\/www.weinfreunde-vom-hellweg.de\/alex\/wordpress\/index.php?rest_route=\/wp\/v2\/users\/14"}],"replies":[{"embeddable":true,"href":"https:\/\/www.weinfreunde-vom-hellweg.de\/alex\/wordpress\/index.php?rest_route=%2Fwp%2Fv2%2Fcomments&post=4540"}],"version-history":[{"count":2,"href":"https:\/\/www.weinfreunde-vom-hellweg.de\/alex\/wordpress\/index.php?rest_route=\/wp\/v2\/pages\/4540\/revisions"}],"predecessor-version":[{"id":4559,"href":"https:\/\/www.weinfreunde-vom-hellweg.de\/alex\/wordpress\/index.php?rest_route=\/wp\/v2\/pages\/4540\/revisions\/4559"}],"up":[{"embeddable":true,"href":"https:\/\/www.weinfreunde-vom-hellweg.de\/alex\/wordpress\/index.php?rest_route=\/wp\/v2\/pages\/4477"}],"wp:attachment":[{"href":"https:\/\/www.weinfreunde-vom-hellweg.de\/alex\/wordpress\/index.php?rest_route=%2Fwp%2Fv2%2Fmedia&parent=4540"}],"curies":[{"name":"wp","href":"https:\/\/api.w.org\/{rel}","templated":true}]}}