{"id":4542,"date":"2024-12-01T13:50:15","date_gmt":"2024-12-01T12:50:15","guid":{"rendered":"https:\/\/www.weinfreunde-vom-hellweg.de\/alex\/wordpress\/?page_id=4542"},"modified":"2024-12-01T16:59:48","modified_gmt":"2024-12-01T15:59:48","slug":"griechenland-die-unterschaetzte-europaeische-weinnation","status":"publish","type":"page","link":"https:\/\/www.weinfreunde-vom-hellweg.de\/alex\/wordpress\/?page_id=4542","title":{"rendered":"Griechenland, die untersch\u00e4tzte europ\u00e4ische Weinnation"},"content":{"rendered":"\n<p>Donnerstag, 18.10.2018, 19:30 Uhr im Atelier der Lindenbrauerei Unna<\/p>\n\n\n\n<p>Wein hat in Griechenland hat eine sehr lange Tradition. Schon in der Antike wurde intensiver Weinbau betrieben. Im Laufe der Geschichte, ins- besondere seit der Zugeh\u00f6rigkeit Griechenlands zum Osmanischen Reich ab dem 15. Jahrhundert, hat der griechische Weinanbau seine urspr\u00fcngliche Bedeutung eingeb\u00fc\u00dft. Erst mit der Demokratisierung in den 70er Jahren des letzten Jahrhunderts und dem Beitritt Griechenlands zur EU wurden die Voraussetzungen f\u00fcr einen Neuanfang im Weinbau geschaffen. Neben dem bestehenden Genossenschaftswesen haben neue private Weing\u00fcter einhergehend mit der Modernisierung von Keller und Technik sowie eine verst\u00e4rkte Wiederanpflanzung daf\u00fcr gesorgt, dass viele griechische Weine mittlerweile ein Qualit\u00e4tsniveau haben, das den europ\u00e4ischen Vergleich nicht scheuen muss. Aufgrund fehlender Strukturen sind viele private Winzer derzeit aber noch auf sich allein gestellt, so dass viele der qualitativ hochwertigen Weine in Deutschland weitgehend unbekannt sind und griechische Weine immer noch das Image von Massenware haben.<\/p>\n\n\n\n<p>Welchen Qualit\u00e4tsstandard griechische Weine tats\u00e4chlich haben, wird unser Gast Kosmas Nikolaou an diesem Abend im Rahmen einer 10-teiligen Weinprobe ausgesuchter Wei\u00df- und Rotweine aus verschiedenen Weinbauregionen Griechenlands beweisen. Kosmas Nikolaou ist Sommelier und Offizielles Mitglied der ASE &#8211; Association Sommelier d\u2019Europ sowie Jurymitglied bei der Berliner Wein Trophy seit 2009 und Jurymitglied bei der Asia Wein Trophy seit 2016.<\/p>\n\n\n\n<p><a href=\"https:\/\/www.weinfreunde-vom-hellweg.de\/alex\/wordpress\/wp-content\/uploads\/2018-10-18-Weinliste.pdf\" target=\"_blank\" rel=\"noreferrer noopener\">Weinliste<\/a> (PDF)<\/p>\n\n\n\n<p><a href=\"https:\/\/www.weinfreunde-vom-hellweg.de\/alex\/wordpress\/wp-content\/uploads\/2018-10-18-Weinbewertung-Griechenland.pdf\" target=\"_blank\" rel=\"noreferrer noopener\">Weinbewertung<\/a> (PDF)<\/p>\n","protected":false},"excerpt":{"rendered":"<p>Donnerstag, 18.10.2018, 19:30 Uhr im Atelier der Lindenbrauerei Unna Wein hat in Griechenland hat eine sehr lange Tradition. Schon in der Antike wurde intensiver Weinbau betrieben. Im Laufe der Geschichte, ins- besondere seit der Zugeh\u00f6rigkeit Griechenlands zum Osmanischen Reich ab &hellip; <a href=\"https:\/\/www.weinfreunde-vom-hellweg.de\/alex\/wordpress\/?page_id=4542\">Weiterlesen <span class=\"meta-nav\">&rarr;<\/span><\/a><\/p>\n","protected":false},"author":14,"featured_media":0,"parent":4477,"menu_order":60,"comment_status":"closed","ping_status":"closed","template":"","meta":{"ngg_post_thumbnail":0,"footnotes":""},"class_list":["post-4542","page","type-page","status-publish","hentry"],"_links":{"self":[{"href":"https:\/\/www.weinfreunde-vom-hellweg.de\/alex\/wordpress\/index.php?rest_route=\/wp\/v2\/pages\/4542","targetHints":{"allow":["GET"]}}],"collection":[{"href":"https:\/\/www.weinfreunde-vom-hellweg.de\/alex\/wordpress\/index.php?rest_route=\/wp\/v2\/pages"}],"about":[{"href":"https:\/\/www.weinfreunde-vom-hellweg.de\/alex\/wordpress\/index.php?rest_route=\/wp\/v2\/types\/page"}],"author":[{"embeddable":true,"href":"https:\/\/www.weinfreunde-vom-hellweg.de\/alex\/wordpress\/index.php?rest_route=\/wp\/v2\/users\/14"}],"replies":[{"embeddable":true,"href":"https:\/\/www.weinfreunde-vom-hellweg.de\/alex\/wordpress\/index.php?rest_route=%2Fwp%2Fv2%2Fcomments&post=4542"}],"version-history":[{"count":3,"href":"https:\/\/www.weinfreunde-vom-hellweg.de\/alex\/wordpress\/index.php?rest_route=\/wp\/v2\/pages\/4542\/revisions"}],"predecessor-version":[{"id":4587,"href":"https:\/\/www.weinfreunde-vom-hellweg.de\/alex\/wordpress\/index.php?rest_route=\/wp\/v2\/pages\/4542\/revisions\/4587"}],"up":[{"embeddable":true,"href":"https:\/\/www.weinfreunde-vom-hellweg.de\/alex\/wordpress\/index.php?rest_route=\/wp\/v2\/pages\/4477"}],"wp:attachment":[{"href":"https:\/\/www.weinfreunde-vom-hellweg.de\/alex\/wordpress\/index.php?rest_route=%2Fwp%2Fv2%2Fmedia&parent=4542"}],"curies":[{"name":"wp","href":"https:\/\/api.w.org\/{rel}","templated":true}]}}