{"id":4545,"date":"2024-12-01T13:51:40","date_gmt":"2024-12-01T12:51:40","guid":{"rendered":"https:\/\/www.weinfreunde-vom-hellweg.de\/alex\/wordpress\/?page_id=4545"},"modified":"2025-01-03T13:12:40","modified_gmt":"2025-01-03T12:12:40","slug":"jahresabschlussveranstaltung","status":"publish","type":"page","link":"https:\/\/www.weinfreunde-vom-hellweg.de\/alex\/wordpress\/?page_id=4545","title":{"rendered":"Jahresabschlussveranstaltung"},"content":{"rendered":"\n<p>Samstag, 24.11.2018, 19 Uhr im Caf\u00e9 Bellevue, Unna<\/p>\n\n\n\n<p>Nach der musikalisch gestalteten Jahresabschlussveranstaltung im Vorjahr, wollen wir unsere letzte Veranstaltung im laufenden Jahr wieder einmal traditionell und gem\u00fctlich begehen.<\/p>\n\n\n\n<p>Nach einem warmen Essen mit ausgesuchten Weinen haben wir uns eine sensorische Besonderheit einfallen lassen. Statt Nachtisch werden wir verschiede Kombinationen von Christstollen und Weinen verkosten und beurteilen. Ein geschmackliches Experiment, das sicher gut zur vorweihnachtlichen Zeit passt. Lasst euch \u00fcberraschen!<\/p>\n\n\n\n<p>Wie gewohnt werden wir den weiteren Abend bei Gespr\u00e4chen und Wein gem\u00fctlich ausklingen lassen. Der Teilnahmebetrag beinhaltet die Kosten f\u00fcr das Abendessen, die verschiedenen Christstollen, s\u00e4mtliche Getr\u00e4nke sowie die Raummiete und die Bedienungshilfe. Dar\u00fcber hinausgehende Kosten tr\u00e4gt die Vereinskasse.<\/p>\n\n\n\n<p><a href=\"https:\/\/www.weinfreunde-vom-hellweg.de\/alex\/wordpress\/wp-content\/uploads\/2018-11-24-Bewertung-Stollen-und-Wein.pdf\" target=\"_blank\" rel=\"noreferrer noopener\">Bewertung Stollen und Wein<\/a> (PDF)<\/p>\n\n\n\n<p><a href=\"https:\/\/www.weinfreunde-vom-hellweg.de\/alex\/wordpress\/wp-content\/uploads\/2018-11-10-Wein-soll-Spass-machen.pdf\" target=\"_blank\" rel=\"noreferrer noopener\">Zeitungsartikel<\/a> (PDF)<\/p>\n","protected":false},"excerpt":{"rendered":"<p>Samstag, 24.11.2018, 19 Uhr im Caf\u00e9 Bellevue, Unna Nach der musikalisch gestalteten Jahresabschlussveranstaltung im Vorjahr, wollen wir unsere letzte Veranstaltung im laufenden Jahr wieder einmal traditionell und gem\u00fctlich begehen. Nach einem warmen Essen mit ausgesuchten Weinen haben wir uns eine &hellip; <a href=\"https:\/\/www.weinfreunde-vom-hellweg.de\/alex\/wordpress\/?page_id=4545\">Weiterlesen <span class=\"meta-nav\">&rarr;<\/span><\/a><\/p>\n","protected":false},"author":14,"featured_media":0,"parent":4477,"menu_order":70,"comment_status":"closed","ping_status":"closed","template":"","meta":{"ngg_post_thumbnail":0,"footnotes":""},"class_list":["post-4545","page","type-page","status-publish","hentry"],"_links":{"self":[{"href":"https:\/\/www.weinfreunde-vom-hellweg.de\/alex\/wordpress\/index.php?rest_route=\/wp\/v2\/pages\/4545","targetHints":{"allow":["GET"]}}],"collection":[{"href":"https:\/\/www.weinfreunde-vom-hellweg.de\/alex\/wordpress\/index.php?rest_route=\/wp\/v2\/pages"}],"about":[{"href":"https:\/\/www.weinfreunde-vom-hellweg.de\/alex\/wordpress\/index.php?rest_route=\/wp\/v2\/types\/page"}],"author":[{"embeddable":true,"href":"https:\/\/www.weinfreunde-vom-hellweg.de\/alex\/wordpress\/index.php?rest_route=\/wp\/v2\/users\/14"}],"replies":[{"embeddable":true,"href":"https:\/\/www.weinfreunde-vom-hellweg.de\/alex\/wordpress\/index.php?rest_route=%2Fwp%2Fv2%2Fcomments&post=4545"}],"version-history":[{"count":5,"href":"https:\/\/www.weinfreunde-vom-hellweg.de\/alex\/wordpress\/index.php?rest_route=\/wp\/v2\/pages\/4545\/revisions"}],"predecessor-version":[{"id":5184,"href":"https:\/\/www.weinfreunde-vom-hellweg.de\/alex\/wordpress\/index.php?rest_route=\/wp\/v2\/pages\/4545\/revisions\/5184"}],"up":[{"embeddable":true,"href":"https:\/\/www.weinfreunde-vom-hellweg.de\/alex\/wordpress\/index.php?rest_route=\/wp\/v2\/pages\/4477"}],"wp:attachment":[{"href":"https:\/\/www.weinfreunde-vom-hellweg.de\/alex\/wordpress\/index.php?rest_route=%2Fwp%2Fv2%2Fmedia&parent=4545"}],"curies":[{"name":"wp","href":"https:\/\/api.w.org\/{rel}","templated":true}]}}