{"id":4609,"date":"2024-12-02T18:51:26","date_gmt":"2024-12-02T17:51:26","guid":{"rendered":"https:\/\/www.weinfreunde-vom-hellweg.de\/alex\/wordpress\/?page_id=4609"},"modified":"2024-12-03T17:13:52","modified_gmt":"2024-12-03T16:13:52","slug":"spaetlese-musik-licht-lyrik-und-wein","status":"publish","type":"page","link":"https:\/\/www.weinfreunde-vom-hellweg.de\/alex\/wordpress\/?page_id=4609","title":{"rendered":"\u201eSp\u00e4tlese\u201d: Musik, Licht, Lyrik und Wein"},"content":{"rendered":"\n<p>Donnerstag, 02.03.2017, 19:30 Uhr im Atelier der Lindenbrauerei Unna<\/p>\n\n\n\n<p>Ein au\u00dfergew\u00f6hnlicher weinmusikalischer H\u00f6hepunkt erwartet uns an diesem Abend. Unter dem Titel \u201eSp\u00e4tlese\u201d: Musik, Licht, Lyrik und Wein werden uns der Kammermusikkreis Dellwig unter der Leitung von Marion Winkler sowie Detlef Hauck als Sprecher und S\u00e4nger Heiteres, Nachdenkliches, die Liebe und den Wein musikalisch und literarisch n\u00e4herbringen. Das Atelier der Lindenbrauerei wird dabei themengerecht durch David Dinse farblich illuminiert.<\/p>\n\n\n\n<p>Selbstverst\u00e4ndlich kommt an diesem Abend auch der Weingenuss nicht zu kurz. Dass Licht auf den Weingenuss einen pr\u00e4genden Einfluss aus\u00fcbt, konnten wir in vergangenen Veranstaltungen schon eindrucksvoll demonstrieren. Dass aber auch die Musik und die Lyrik dazugeh\u00f6ren, werden wir an diesem Abend bei der Pr\u00e4sentation und Verkostung ausgesuchter zum jeweiligen Themenabschnitt passender Weine erfahren.<\/p>\n\n\n\n<p><a href=\"https:\/\/www.weinfreunde-vom-hellweg.de\/alex\/wordpress\/wp-content\/uploads\/2017-02-16-Weinliste.pdf\" target=\"_blank\" rel=\"noreferrer noopener\">Weinliste<\/a> (PDF)<\/p>\n\n\n\n<p><a href=\"https:\/\/www.weinfreunde-vom-hellweg.de\/alex\/wordpress\/wp-content\/uploads\/2017-03-02-Zeitungsartikel.pdf\" target=\"_blank\" rel=\"noreferrer noopener\">Zeitungsbericht<\/a> (PDF)<\/p>\n","protected":false},"excerpt":{"rendered":"<p>Donnerstag, 02.03.2017, 19:30 Uhr im Atelier der Lindenbrauerei Unna Ein au\u00dfergew\u00f6hnlicher weinmusikalischer H\u00f6hepunkt erwartet uns an diesem Abend. Unter dem Titel \u201eSp\u00e4tlese\u201d: Musik, Licht, Lyrik und Wein werden uns der Kammermusikkreis Dellwig unter der Leitung von Marion Winkler sowie Detlef &hellip; <a href=\"https:\/\/www.weinfreunde-vom-hellweg.de\/alex\/wordpress\/?page_id=4609\">Weiterlesen <span class=\"meta-nav\">&rarr;<\/span><\/a><\/p>\n","protected":false},"author":14,"featured_media":0,"parent":4592,"menu_order":5,"comment_status":"closed","ping_status":"closed","template":"","meta":{"ngg_post_thumbnail":0,"footnotes":""},"class_list":["post-4609","page","type-page","status-publish","hentry"],"_links":{"self":[{"href":"https:\/\/www.weinfreunde-vom-hellweg.de\/alex\/wordpress\/index.php?rest_route=\/wp\/v2\/pages\/4609","targetHints":{"allow":["GET"]}}],"collection":[{"href":"https:\/\/www.weinfreunde-vom-hellweg.de\/alex\/wordpress\/index.php?rest_route=\/wp\/v2\/pages"}],"about":[{"href":"https:\/\/www.weinfreunde-vom-hellweg.de\/alex\/wordpress\/index.php?rest_route=\/wp\/v2\/types\/page"}],"author":[{"embeddable":true,"href":"https:\/\/www.weinfreunde-vom-hellweg.de\/alex\/wordpress\/index.php?rest_route=\/wp\/v2\/users\/14"}],"replies":[{"embeddable":true,"href":"https:\/\/www.weinfreunde-vom-hellweg.de\/alex\/wordpress\/index.php?rest_route=%2Fwp%2Fv2%2Fcomments&post=4609"}],"version-history":[{"count":5,"href":"https:\/\/www.weinfreunde-vom-hellweg.de\/alex\/wordpress\/index.php?rest_route=\/wp\/v2\/pages\/4609\/revisions"}],"predecessor-version":[{"id":4686,"href":"https:\/\/www.weinfreunde-vom-hellweg.de\/alex\/wordpress\/index.php?rest_route=\/wp\/v2\/pages\/4609\/revisions\/4686"}],"up":[{"embeddable":true,"href":"https:\/\/www.weinfreunde-vom-hellweg.de\/alex\/wordpress\/index.php?rest_route=\/wp\/v2\/pages\/4592"}],"wp:attachment":[{"href":"https:\/\/www.weinfreunde-vom-hellweg.de\/alex\/wordpress\/index.php?rest_route=%2Fwp%2Fv2%2Fmedia&parent=4609"}],"curies":[{"name":"wp","href":"https:\/\/api.w.org\/{rel}","templated":true}]}}