{"id":4611,"date":"2024-12-02T18:53:04","date_gmt":"2024-12-02T17:53:04","guid":{"rendered":"https:\/\/www.weinfreunde-vom-hellweg.de\/alex\/wordpress\/?page_id=4611"},"modified":"2024-12-02T20:03:09","modified_gmt":"2024-12-02T19:03:09","slug":"hundert-jahre-scheurebe","status":"publish","type":"page","link":"https:\/\/www.weinfreunde-vom-hellweg.de\/alex\/wordpress\/?page_id=4611","title":{"rendered":"Hundert Jahre Scheurebe"},"content":{"rendered":"\n<p>Donnerstag, 16.03.2017, 19:30 Uhr im Atelier der Lindenbrauerei Unna<\/p>\n\n\n\n<p>Nach vielen Kreuzungsversuchen gelang dem Rebenz\u00fcchter Georg Julius Scheu 1916 im rheinhessischen Alzey der Durchbruch. Sein \u201eS\u00e4mling 88&#8243; einer Kreuzungsserie aus Riesling und Silvaner erf\u00fcllte seine Vorstellungen von einem aromatischen und gleichzeitig fruchtigen und rassigen Wein. Scheu glaubte, dass sein S\u00e4mling 88 eine Kreuzung aus Riesling und Silvaner sei. Erst in den letzten Jahren wurde genetisch nachgewiesen, dass nicht der Silvaner, sondern eine Bukettrebe Kreuzungspartner war. Die Neuz\u00fcchtung wurde als S\u00e4mling 88 in das amtliche Sortenregister eingetragen.<\/p>\n\n\n\n<p>Erst 1956 bekam die Rebe den nach ihrem Z\u00fcchter benannten Namen (in \u00d6sterreich wird sie auch heute noch als S\u00e4mling 88 bezeichnet). Die Scheurebe wurde in den 1950er Jahren vor allem in Rheinhessen vermehrt angebaut. Da die Scheurebe fast nur lieblich ausgebaut wurde, erreichte sie in den 70er bis Mitte der 80er Jahren ihre h\u00f6chste Verbreitung (1985 = 4.400 ha).<\/p>\n\n\n\n<p>Insbesondere durch den Trend zu mehr trockenen Weinen wurden in den folgenden Jahrzehnten der gr\u00f6\u00dfte Teil der Scheu-Rebanlagen wieder gerodet. Heute betr\u00e4gt die Anbaufl\u00e4che in Deutschland noch ca. 1.400 ha (1,4% der Rebfl\u00e4che), davon allein in Rheinhessen 740 ha. Die Scheurebe stellt hohe Anspr\u00fcche an die Lage und die Trauben m\u00fcssen ausgereift sein. Unter diesen Voraussetzungen liefert die Sorte k\u00f6rperreiche und bukettbetonte Weine, im edels\u00fc\u00dfen Bereich gilt sie als \u00fcberragend.<\/p>\n\n\n\n<p>Scheurebenweine sind daher der ideale Begleiter einer aromatisch-w\u00fcrzigen K\u00fcche, von der Vorspeise bis zum Dessert. Mittlerweile ist die Scheurebe vor allem durch engagierte junge Winzerinnen und Winzer, die zeigen, was an Potential in dieser Traube steckt, wieder voll im Trend.<\/p>\n\n\n\n<p>Ein Grund f\u00fcr uns Weinfreunde, sich ebenfalls mit dieser 100 Jahre alten Rebsorte zu besch\u00e4ftigen und in einer von unserem Weinfreund Reiner Sch\u00e4fer moderierten Probe die Geschmacks- und Aromenvielfalt der Scheurebe zu ergr\u00fcnden.<\/p>\n\n\n\n<p><a href=\"https:\/\/www.weinfreunde-vom-hellweg.de\/alex\/wordpress\/wp-content\/uploads\/2017-03-16-Weinliste-Scheurebe.pdf\" target=\"_blank\" rel=\"noreferrer noopener\">Weinliste<\/a> (PDF)<\/p>\n\n\n\n<p><a href=\"https:\/\/www.weinfreunde-vom-hellweg.de\/alex\/wordpress\/wp-content\/uploads\/2017-03-16-Weinbewertung-Scheurebe.pdf\" target=\"_blank\" rel=\"noreferrer noopener\">Weinbewertung<\/a> (PDF)<\/p>\n","protected":false},"excerpt":{"rendered":"<p>Donnerstag, 16.03.2017, 19:30 Uhr im Atelier der Lindenbrauerei Unna Nach vielen Kreuzungsversuchen gelang dem Rebenz\u00fcchter Georg Julius Scheu 1916 im rheinhessischen Alzey der Durchbruch. Sein \u201eS\u00e4mling 88&#8243; einer Kreuzungsserie aus Riesling und Silvaner erf\u00fcllte seine Vorstellungen von einem aromatischen und &hellip; <a href=\"https:\/\/www.weinfreunde-vom-hellweg.de\/alex\/wordpress\/?page_id=4611\">Weiterlesen <span class=\"meta-nav\">&rarr;<\/span><\/a><\/p>\n","protected":false},"author":14,"featured_media":0,"parent":4592,"menu_order":10,"comment_status":"closed","ping_status":"closed","template":"","meta":{"ngg_post_thumbnail":0,"footnotes":""},"class_list":["post-4611","page","type-page","status-publish","hentry"],"_links":{"self":[{"href":"https:\/\/www.weinfreunde-vom-hellweg.de\/alex\/wordpress\/index.php?rest_route=\/wp\/v2\/pages\/4611","targetHints":{"allow":["GET"]}}],"collection":[{"href":"https:\/\/www.weinfreunde-vom-hellweg.de\/alex\/wordpress\/index.php?rest_route=\/wp\/v2\/pages"}],"about":[{"href":"https:\/\/www.weinfreunde-vom-hellweg.de\/alex\/wordpress\/index.php?rest_route=\/wp\/v2\/types\/page"}],"author":[{"embeddable":true,"href":"https:\/\/www.weinfreunde-vom-hellweg.de\/alex\/wordpress\/index.php?rest_route=\/wp\/v2\/users\/14"}],"replies":[{"embeddable":true,"href":"https:\/\/www.weinfreunde-vom-hellweg.de\/alex\/wordpress\/index.php?rest_route=%2Fwp%2Fv2%2Fcomments&post=4611"}],"version-history":[{"count":3,"href":"https:\/\/www.weinfreunde-vom-hellweg.de\/alex\/wordpress\/index.php?rest_route=\/wp\/v2\/pages\/4611\/revisions"}],"predecessor-version":[{"id":4665,"href":"https:\/\/www.weinfreunde-vom-hellweg.de\/alex\/wordpress\/index.php?rest_route=\/wp\/v2\/pages\/4611\/revisions\/4665"}],"up":[{"embeddable":true,"href":"https:\/\/www.weinfreunde-vom-hellweg.de\/alex\/wordpress\/index.php?rest_route=\/wp\/v2\/pages\/4592"}],"wp:attachment":[{"href":"https:\/\/www.weinfreunde-vom-hellweg.de\/alex\/wordpress\/index.php?rest_route=%2Fwp%2Fv2%2Fmedia&parent=4611"}],"curies":[{"name":"wp","href":"https:\/\/api.w.org\/{rel}","templated":true}]}}