{"id":4624,"date":"2024-12-02T19:00:39","date_gmt":"2024-12-02T18:00:39","guid":{"rendered":"https:\/\/www.weinfreunde-vom-hellweg.de\/alex\/wordpress\/?page_id=4624"},"modified":"2024-12-02T20:08:21","modified_gmt":"2024-12-02T19:08:21","slug":"heller-wein-aus-dunklen-trauben","status":"publish","type":"page","link":"https:\/\/www.weinfreunde-vom-hellweg.de\/alex\/wordpress\/?page_id=4624","title":{"rendered":"Heller Wein aus dunklen Trauben"},"content":{"rendered":"\n<p>Donnerstag, 17.08.2017, 19:30 Uhr im Atelier der Lindenbrauerei Unna<\/p>\n\n\n\n<p>Der sommerlichen Jahreszeit entsprechend, werden wir uns an diesem Abend mit frischen und leichten Varianten der Weinherstellung besch\u00e4ftigen, n\u00e4mlich den Weinarten Ros\u00e9, Wei\u00dfherbst, Blanc de Noir, sowie dem Rotling.<\/p>\n\n\n\n<p>Allen Varianten ist gemeinsam, dass sie, bis auf den Rotling, nur aus Rotweintrauben hergestellt, aber wie Wei\u00dfweintrauben verarbeitet werden. Die roten Farbpigmente in der Beerenhaut l\u00f6sen sich in der Maische und gehen in den Saft \u00fcber. Wird die Maischestandzeit kurz gehalten, ergeben sich rosefarbige Moste, die dann wie Wei\u00dfwein vergoren werden. Beim Blanc de Noir werden die roten Trauben ohne Maischestandzeit direkt schonend gepresst. Das Ergebnis ist ein Wein, der oft farblich von einem Wei\u00dfwein kaum noch zu unterscheiden ist.<\/p>\n\n\n\n<p>Wegen ihrer Leichtigkeit und Frische sind helle Weine aus roten Trauben hervorragend als Sommerweine geeignet. Aber nicht nur im Sommer, sondern auch zu anderen Jahreszeiten sind sie ein idealer Partner zur leichten K\u00fcche oder auch bei geselligen Anl\u00e4ssen.<\/p>\n\n\n\n<p>Ralph Tegethoff und Hermann Bley werden uns im Rahmen einer Verkostung nicht nur verschiedenste Varianten dieser Weinarten vorstellen, sondern auch auf Herkunft, Besonderheiten bei der Herstellung, rechtliche Rahmenbedingungen und nat\u00fcrlich auch auf die Winzer eingehen.<\/p>\n\n\n\n<p><a href=\"https:\/\/www.weinfreunde-vom-hellweg.de\/alex\/wordpress\/wp-content\/uploads\/2017-08-17-Weinbewertung-Heller-Wein.pdf\" target=\"_blank\" rel=\"noreferrer noopener\">Weinbewertung<\/a> (PDF)<\/p>\n","protected":false},"excerpt":{"rendered":"<p>Donnerstag, 17.08.2017, 19:30 Uhr im Atelier der Lindenbrauerei Unna Der sommerlichen Jahreszeit entsprechend, werden wir uns an diesem Abend mit frischen und leichten Varianten der Weinherstellung besch\u00e4ftigen, n\u00e4mlich den Weinarten Ros\u00e9, Wei\u00dfherbst, Blanc de Noir, sowie dem Rotling. Allen Varianten &hellip; <a href=\"https:\/\/www.weinfreunde-vom-hellweg.de\/alex\/wordpress\/?page_id=4624\">Weiterlesen <span class=\"meta-nav\">&rarr;<\/span><\/a><\/p>\n","protected":false},"author":14,"featured_media":0,"parent":4592,"menu_order":45,"comment_status":"closed","ping_status":"closed","template":"","meta":{"ngg_post_thumbnail":0,"footnotes":""},"class_list":["post-4624","page","type-page","status-publish","hentry"],"_links":{"self":[{"href":"https:\/\/www.weinfreunde-vom-hellweg.de\/alex\/wordpress\/index.php?rest_route=\/wp\/v2\/pages\/4624","targetHints":{"allow":["GET"]}}],"collection":[{"href":"https:\/\/www.weinfreunde-vom-hellweg.de\/alex\/wordpress\/index.php?rest_route=\/wp\/v2\/pages"}],"about":[{"href":"https:\/\/www.weinfreunde-vom-hellweg.de\/alex\/wordpress\/index.php?rest_route=\/wp\/v2\/types\/page"}],"author":[{"embeddable":true,"href":"https:\/\/www.weinfreunde-vom-hellweg.de\/alex\/wordpress\/index.php?rest_route=\/wp\/v2\/users\/14"}],"replies":[{"embeddable":true,"href":"https:\/\/www.weinfreunde-vom-hellweg.de\/alex\/wordpress\/index.php?rest_route=%2Fwp%2Fv2%2Fcomments&post=4624"}],"version-history":[{"count":3,"href":"https:\/\/www.weinfreunde-vom-hellweg.de\/alex\/wordpress\/index.php?rest_route=\/wp\/v2\/pages\/4624\/revisions"}],"predecessor-version":[{"id":4674,"href":"https:\/\/www.weinfreunde-vom-hellweg.de\/alex\/wordpress\/index.php?rest_route=\/wp\/v2\/pages\/4624\/revisions\/4674"}],"up":[{"embeddable":true,"href":"https:\/\/www.weinfreunde-vom-hellweg.de\/alex\/wordpress\/index.php?rest_route=\/wp\/v2\/pages\/4592"}],"wp:attachment":[{"href":"https:\/\/www.weinfreunde-vom-hellweg.de\/alex\/wordpress\/index.php?rest_route=%2Fwp%2Fv2%2Fmedia&parent=4624"}],"curies":[{"name":"wp","href":"https:\/\/api.w.org\/{rel}","templated":true}]}}