{"id":4627,"date":"2024-12-02T19:02:02","date_gmt":"2024-12-02T18:02:02","guid":{"rendered":"https:\/\/www.weinfreunde-vom-hellweg.de\/alex\/wordpress\/?page_id=4627"},"modified":"2024-12-02T20:09:12","modified_gmt":"2024-12-02T19:09:12","slug":"weinmarkt-deutschland","status":"publish","type":"page","link":"https:\/\/www.weinfreunde-vom-hellweg.de\/alex\/wordpress\/?page_id=4627","title":{"rendered":"Weinmarkt Deutschland"},"content":{"rendered":"\n<p>Donnerstag, 14.09.2017, 19:30 Uhr im Atelier der Lindenbrauerei Unna<\/p>\n\n\n\n<p>Es ist noch gar nicht so lange her, dass deutsche Weinkonsumenten lieber einen aus Massenproduktion stammenden italienischen Pinot Grigio kauften, anstatt einen deutschen Grauburgunder bzw. Rul\u00e4nder. Grund war der zweifelhafte Ruf deutscher Weine, der aus den von \u00dcbermengen und fragw\u00fcrdigen Qualit\u00e4ten gepr\u00e4gten 70er und 80er Jahren stammte. Eine neue Generation engagierter Winzerinnen und Winzer, modernisierte Rebanlagen und Keller sowie H\u00f6chstertragsregeln f\u00fchrten dazu, dass die Qualit\u00e4t und der Ruf deutscher Weine sich radikal ver\u00e4ndert haben. Welchen Stellenwert hat nun der deutsche Wein auf dem Weinmarkt Deutschland? Der Wein- und Sektkonsum in Deutschland liegt seit vielen Jahren stabil bei ca. 24 l\/Kopf, das entspricht einem Konsum von 19,5 Mio. hi. Die inl\u00e4ndische Produktion liegt bei zur Zeit bei 9,3 Millionen Hektoliter, das hei\u00dft. es bleibt ein riesiger Markt f\u00fcr ausl\u00e4ndische Erzeugnisse. Dies zeigt, welch gro\u00dfer Konkurrenz sich die Weinerzeuger im eigenen Land stellen m\u00fcssen. Der Preisdruck auf diesen Markt ist nach wie vor hoch. Auch die Marktanteile sind stark umk\u00e4mpft. Nicht nur ausl\u00e4ndische Billigproduktionen, sondern auch hochwertige Weine werden mittlerweile \u00fcberwiegend durch Discounter verkauft. Wie ist das Image deutscher Weine auf dem Markt? Wie \u00e4ndert sich das Verbrauchsverhalten?<\/p>\n\n\n\n<p>Wie werden sich die Marktanteile auf dem deutschen Weinmarkt zuk\u00fcnftig entwickeln? Wie reagiert die deutsche Weinwirtschaft auf steigenden Wettbewerbsdruck? Auf diese und weitere Fragen wird Hermann Bley an diesem Abend anhand interessanter Statistiken und Ergebnissen von Marktforschungsanalysen eingehen. Der Weingenuss kommt nat\u00fcrlich auch nicht zu kurz.<\/p>\n\n\n\n<p><a href=\"https:\/\/www.weinfreunde-vom-hellweg.de\/alex\/wordpress\/wp-content\/uploads\/2017-09-14-Weinliste.pdf\" target=\"_blank\" rel=\"noreferrer noopener\">Weinliste<\/a> (PDF)<\/p>\n","protected":false},"excerpt":{"rendered":"<p>Donnerstag, 14.09.2017, 19:30 Uhr im Atelier der Lindenbrauerei Unna Es ist noch gar nicht so lange her, dass deutsche Weinkonsumenten lieber einen aus Massenproduktion stammenden italienischen Pinot Grigio kauften, anstatt einen deutschen Grauburgunder bzw. Rul\u00e4nder. Grund war der zweifelhafte Ruf &hellip; <a href=\"https:\/\/www.weinfreunde-vom-hellweg.de\/alex\/wordpress\/?page_id=4627\">Weiterlesen <span class=\"meta-nav\">&rarr;<\/span><\/a><\/p>\n","protected":false},"author":14,"featured_media":0,"parent":4592,"menu_order":50,"comment_status":"closed","ping_status":"closed","template":"","meta":{"ngg_post_thumbnail":0,"footnotes":""},"class_list":["post-4627","page","type-page","status-publish","hentry"],"_links":{"self":[{"href":"https:\/\/www.weinfreunde-vom-hellweg.de\/alex\/wordpress\/index.php?rest_route=\/wp\/v2\/pages\/4627","targetHints":{"allow":["GET"]}}],"collection":[{"href":"https:\/\/www.weinfreunde-vom-hellweg.de\/alex\/wordpress\/index.php?rest_route=\/wp\/v2\/pages"}],"about":[{"href":"https:\/\/www.weinfreunde-vom-hellweg.de\/alex\/wordpress\/index.php?rest_route=\/wp\/v2\/types\/page"}],"author":[{"embeddable":true,"href":"https:\/\/www.weinfreunde-vom-hellweg.de\/alex\/wordpress\/index.php?rest_route=\/wp\/v2\/users\/14"}],"replies":[{"embeddable":true,"href":"https:\/\/www.weinfreunde-vom-hellweg.de\/alex\/wordpress\/index.php?rest_route=%2Fwp%2Fv2%2Fcomments&post=4627"}],"version-history":[{"count":3,"href":"https:\/\/www.weinfreunde-vom-hellweg.de\/alex\/wordpress\/index.php?rest_route=\/wp\/v2\/pages\/4627\/revisions"}],"predecessor-version":[{"id":4676,"href":"https:\/\/www.weinfreunde-vom-hellweg.de\/alex\/wordpress\/index.php?rest_route=\/wp\/v2\/pages\/4627\/revisions\/4676"}],"up":[{"embeddable":true,"href":"https:\/\/www.weinfreunde-vom-hellweg.de\/alex\/wordpress\/index.php?rest_route=\/wp\/v2\/pages\/4592"}],"wp:attachment":[{"href":"https:\/\/www.weinfreunde-vom-hellweg.de\/alex\/wordpress\/index.php?rest_route=%2Fwp%2Fv2%2Fmedia&parent=4627"}],"curies":[{"name":"wp","href":"https:\/\/api.w.org\/{rel}","templated":true}]}}