{"id":4630,"date":"2024-12-02T19:03:30","date_gmt":"2024-12-02T18:03:30","guid":{"rendered":"https:\/\/www.weinfreunde-vom-hellweg.de\/alex\/wordpress\/?page_id=4630"},"modified":"2025-01-03T18:08:44","modified_gmt":"2025-01-03T17:08:44","slug":"stammtisch-bei-detlef-krischek","status":"publish","type":"page","link":"https:\/\/www.weinfreunde-vom-hellweg.de\/alex\/wordpress\/?page_id=4630","title":{"rendered":"Stammtisch bei Detlef Krischek"},"content":{"rendered":"\n<p>Freitag, 06.10.2017, 19 Uhr auf dem Hof Krischek, Schwerte-Westhofen<\/p>\n\n\n\n<p>Unser Weinfreund Detlef Krischek hatte zu einem Stammtisch auf das Gel\u00e4nde des ehemaligen Forsthauses mitten im Schwerterwald eingeladen und 24 Weinfreunde waren dem Ruf gefolgt. Trotz Heizstrahler, Feuers\u00e4ule und warmen Decken h\u00e4tte nur Gl\u00fchwein der Unterk\u00fchlung der Weinfreunde noch abgeholfen.<br>Aber Detlef und Simone verw\u00f6hnten uns mit Leckereien aus der K\u00fcche: es gab Krokodilspie\u00dfe mit rotem Pesto, Strau\u00dfengulasch mit Reis und Pumkin Frites und dazu jeweils passend zu den Gerichten eine exzellente Weinauswahl aus Deutschland, Frankreich und nat\u00fcrlich S\u00fcdafrika. Dieser \u201eunterk\u00fchlte\u201c Abend wird uns lange in guter Erinnerung bleiben.<\/p>\n","protected":false},"excerpt":{"rendered":"<p>Freitag, 06.10.2017, 19 Uhr auf dem Hof Krischek, Schwerte-Westhofen Unser Weinfreund Detlef Krischek hatte zu einem Stammtisch auf das Gel\u00e4nde des ehemaligen Forsthauses mitten im Schwerterwald eingeladen und 24 Weinfreunde waren dem Ruf gefolgt. Trotz Heizstrahler, Feuers\u00e4ule und warmen Decken &hellip; <a href=\"https:\/\/www.weinfreunde-vom-hellweg.de\/alex\/wordpress\/?page_id=4630\">Weiterlesen <span class=\"meta-nav\">&rarr;<\/span><\/a><\/p>\n","protected":false},"author":14,"featured_media":0,"parent":4592,"menu_order":55,"comment_status":"closed","ping_status":"closed","template":"","meta":{"ngg_post_thumbnail":0,"footnotes":""},"class_list":["post-4630","page","type-page","status-publish","hentry"],"_links":{"self":[{"href":"https:\/\/www.weinfreunde-vom-hellweg.de\/alex\/wordpress\/index.php?rest_route=\/wp\/v2\/pages\/4630","targetHints":{"allow":["GET"]}}],"collection":[{"href":"https:\/\/www.weinfreunde-vom-hellweg.de\/alex\/wordpress\/index.php?rest_route=\/wp\/v2\/pages"}],"about":[{"href":"https:\/\/www.weinfreunde-vom-hellweg.de\/alex\/wordpress\/index.php?rest_route=\/wp\/v2\/types\/page"}],"author":[{"embeddable":true,"href":"https:\/\/www.weinfreunde-vom-hellweg.de\/alex\/wordpress\/index.php?rest_route=\/wp\/v2\/users\/14"}],"replies":[{"embeddable":true,"href":"https:\/\/www.weinfreunde-vom-hellweg.de\/alex\/wordpress\/index.php?rest_route=%2Fwp%2Fv2%2Fcomments&post=4630"}],"version-history":[{"count":3,"href":"https:\/\/www.weinfreunde-vom-hellweg.de\/alex\/wordpress\/index.php?rest_route=\/wp\/v2\/pages\/4630\/revisions"}],"predecessor-version":[{"id":5201,"href":"https:\/\/www.weinfreunde-vom-hellweg.de\/alex\/wordpress\/index.php?rest_route=\/wp\/v2\/pages\/4630\/revisions\/5201"}],"up":[{"embeddable":true,"href":"https:\/\/www.weinfreunde-vom-hellweg.de\/alex\/wordpress\/index.php?rest_route=\/wp\/v2\/pages\/4592"}],"wp:attachment":[{"href":"https:\/\/www.weinfreunde-vom-hellweg.de\/alex\/wordpress\/index.php?rest_route=%2Fwp%2Fv2%2Fmedia&parent=4630"}],"curies":[{"name":"wp","href":"https:\/\/api.w.org\/{rel}","templated":true}]}}