{"id":4712,"date":"2024-12-04T17:02:35","date_gmt":"2024-12-04T16:02:35","guid":{"rendered":"https:\/\/www.weinfreunde-vom-hellweg.de\/alex\/wordpress\/?page_id=4712"},"modified":"2024-12-04T17:06:59","modified_gmt":"2024-12-04T16:06:59","slug":"rheinwein","status":"publish","type":"page","link":"https:\/\/www.weinfreunde-vom-hellweg.de\/alex\/wordpress\/?page_id=4712","title":{"rendered":"Rheinwein"},"content":{"rendered":"\n<p>Donnerstag, 23.09.2010, 19:30 Uhr im Atelier der Lindenbrauerei Unna<\/p>\n\n\n\n<p>Eine virtuelle Reise durch das sch\u00f6ne und vielf\u00e4ltige Mittelrheintal, 2002 von der UNESCO zum Weltkulturerbe ernannt, dazu laden Peter Schampera und Detlef Krischek die Weinfreunde ein. Von Bingen bis K\u00f6nigswinter f\u00fchrt Peter die Strecke. Vorbei an Burgen, Schl\u00f6ssern und Baudenkm\u00e4lern, die in dieser Anzahl selten in anderen Teilen Europas zu finden sind. Links und rechts des romantischen Rheins erstrecken sich die Steillagen mit vielen bekannten Rheinweinen. Es geh\u00f6rt mit zu den \u00e4ltesten Weinanbaugebieten in Deutschland. Zu \u00fcber 80% werden Wei\u00dfweine angebaut, vorwiegend Riesling.<\/p>\n\n\n\n<p><a href=\"https:\/\/www.weinfreunde-vom-hellweg.de\/alex\/wordpress\/wp-content\/uploads\/2010-09-23-Weinliste-Rheinwein.pdf\" target=\"_blank\" rel=\"noreferrer noopener\">Weinliste<\/a> (PDF)<\/p>\n","protected":false},"excerpt":{"rendered":"<p>Donnerstag, 23.09.2010, 19:30 Uhr im Atelier der Lindenbrauerei Unna Eine virtuelle Reise durch das sch\u00f6ne und vielf\u00e4ltige Mittelrheintal, 2002 von der UNESCO zum Weltkulturerbe ernannt, dazu laden Peter Schampera und Detlef Krischek die Weinfreunde ein. Von Bingen bis K\u00f6nigswinter f\u00fchrt &hellip; <a href=\"https:\/\/www.weinfreunde-vom-hellweg.de\/alex\/wordpress\/?page_id=4712\">Weiterlesen <span class=\"meta-nav\">&rarr;<\/span><\/a><\/p>\n","protected":false},"author":14,"featured_media":0,"parent":3232,"menu_order":14,"comment_status":"closed","ping_status":"closed","template":"","meta":{"ngg_post_thumbnail":0,"footnotes":""},"class_list":["post-4712","page","type-page","status-publish","hentry"],"_links":{"self":[{"href":"https:\/\/www.weinfreunde-vom-hellweg.de\/alex\/wordpress\/index.php?rest_route=\/wp\/v2\/pages\/4712","targetHints":{"allow":["GET"]}}],"collection":[{"href":"https:\/\/www.weinfreunde-vom-hellweg.de\/alex\/wordpress\/index.php?rest_route=\/wp\/v2\/pages"}],"about":[{"href":"https:\/\/www.weinfreunde-vom-hellweg.de\/alex\/wordpress\/index.php?rest_route=\/wp\/v2\/types\/page"}],"author":[{"embeddable":true,"href":"https:\/\/www.weinfreunde-vom-hellweg.de\/alex\/wordpress\/index.php?rest_route=\/wp\/v2\/users\/14"}],"replies":[{"embeddable":true,"href":"https:\/\/www.weinfreunde-vom-hellweg.de\/alex\/wordpress\/index.php?rest_route=%2Fwp%2Fv2%2Fcomments&post=4712"}],"version-history":[{"count":2,"href":"https:\/\/www.weinfreunde-vom-hellweg.de\/alex\/wordpress\/index.php?rest_route=\/wp\/v2\/pages\/4712\/revisions"}],"predecessor-version":[{"id":4716,"href":"https:\/\/www.weinfreunde-vom-hellweg.de\/alex\/wordpress\/index.php?rest_route=\/wp\/v2\/pages\/4712\/revisions\/4716"}],"up":[{"embeddable":true,"href":"https:\/\/www.weinfreunde-vom-hellweg.de\/alex\/wordpress\/index.php?rest_route=\/wp\/v2\/pages\/3232"}],"wp:attachment":[{"href":"https:\/\/www.weinfreunde-vom-hellweg.de\/alex\/wordpress\/index.php?rest_route=%2Fwp%2Fv2%2Fmedia&parent=4712"}],"curies":[{"name":"wp","href":"https:\/\/api.w.org\/{rel}","templated":true}]}}