{"id":4906,"date":"2024-12-21T14:52:48","date_gmt":"2024-12-21T13:52:48","guid":{"rendered":"https:\/\/www.weinfreunde-vom-hellweg.de\/alex\/wordpress\/?page_id=4906"},"modified":"2024-12-29T16:40:39","modified_gmt":"2024-12-29T15:40:39","slug":"datenschutzerklaerung","status":"publish","type":"page","link":"https:\/\/www.weinfreunde-vom-hellweg.de\/alex\/wordpress\/?page_id=4906","title":{"rendered":"Datenschutzerkl\u00e4rung"},"content":{"rendered":"\n<p>Datenschutzhinweise gem\u00e4\u00df Artikel 13 DSGVO<\/p>\n\n\n\n<p><strong>Verantwortliche Stelle<\/strong><\/p>\n\n\n\n<p>Weinfreunde vom Hellweg e.V.<br>Ackerstra\u00dfe 20<br>59423 Unna<br>E-Mail: vorstand@weinfreunde-vom-hellweg.de<\/p>\n\n\n\n<p>Bei Fragen zum Datenschutz stehen wir Ihnen unter vorstand@weinfreunde-vom-hellweg.de oder unter der oben angegebenen postalischen Anschrift zur Verf\u00fcgung.<\/p>\n\n\n\n<p>Datenverarbeitung im Rahmen unserer Vereinsarbeit.<\/p>\n\n\n\n<p><strong>Mitgliederverwaltung<\/strong><\/p>\n\n\n\n<p>Mitgliedsdaten (Name, Anschrift, Geburtsdatum, Bankverbindung, E-Mail ) werden von den jeweiligen Funktionstr\u00e4ger:innen unseres Vereins nur f\u00fcr die ihnen zugeordnete Aufgabenerf\u00fcllung verarbeitet. Im Einzelnen bedeutet dies:<br>Wenn der Vorstand Mitgliedsdaten ben\u00f6tigt, um seine Aufgaben zu erledigen, darf er auf alle hierf\u00fcr erforderlichen Mitgliedsdaten zugreifen. Dazu geh\u00f6rt insbesondere Einzug von Mitgliedsbeitr\u00e4gen, Einladungen zu Veranstaltungen, Rundschreiben.<\/p>\n\n\n\n<p>Der\/die Kassenwart:in verarbeitet die Mitgliedsdaten, die f\u00fcr den Einzug der Mitgliedsbeitr\u00e4ge, der\/die Kassenpr\u00fcfer:in verarbeitet die Mitgliedsdaten, die f\u00fcr die Kassenpr\u00fcfung relevant sind. Dies sind Vorname, Nachname, postalische Anschrift und Bankverbindung mit Zahlungsdaten sowie ggf. Zugriff auf die Lastschriftsverfahrensgenehmigung inklusive Unterschrift, sofern das Mitglied dem Verein ein Lastschriftmandat erteilt hat.<\/p>\n\n\n\n<p>Zweck f\u00fcr die Verarbeitung der Mitgliedsdaten ist die Verfolgung des Vereinszwecks und die Vereinsverwaltung. Rechtsgrundlage ist die Vereinsmitgliedschaft (Artikel 6 Absatz 1 b) DSGVO).<\/p>\n\n\n\n<p>Die aktuellen Mitgliedsdaten werden f\u00fcr die Dauer der Mitgliedschaft gespeichert. Nach Beendigung der Mitgliedschaft werden die Daten gel\u00f6scht, sofern sie nicht wie z.B. Kontoausz\u00fcge einer Aufbewahrungspflicht unterliegen.<\/p>\n\n\n\n<p>Daten von G\u00e4sten, die sich zu Veranstaltungen anmelden, werden nach dem Abschluss der Veranstaltung gel\u00f6scht, sofern sie nicht wie z.B. Kontoausz\u00fcge einer Aufbewahrungspflicht unterliegen.<\/p>\n\n\n\n<p><strong>Fotos bei Veranstaltungen<\/strong><\/p>\n\n\n\n<p>Fotos \u00fcber unser Vereinsgeschehen werden k\u00f6nnen zum Zweck der Au\u00dfendarstellung auf unserer Webseite ver\u00f6ffentlicht werden.<\/p>\n\n\n\n<p>F\u00fcr die Ver\u00f6ffentlichung folgender Fotos von Erwachsenen auf unserer Webseite ist die Rechtsgrundlage das nachfolgend beschriebene berechtigte Interesse unseres Vereins nach Artikel 6 Absatz 1 Satz 1 f) DSGVO:<\/p>\n\n\n\n<p>Fotos aufgrund unseres berechtigten Interesses, um \u00fcber das Vereinsgeschehen zu informieren, Fotos mit Bezug zu Veranstaltungen um aufgrund unseres berechtigten Interesses, \u00fcber das Vereinsgeschehen zu berichten, Fotos vom Publikum, das an der Veranstaltung teilgenommen hat oder Fotos, auf denen die Personen nur als Beiwerk erscheinen, aufgrund unseres berechtigten Interesses, \u00fcber die Veranstaltung zu berichten.<br>Sie haben die M\u00f6glichkeit, der Verwendung eines solchen Fotos, auf dem Sie zu sehen sind, gem\u00e4\u00df Artikel 21 Absatz 1 DSGVO zu widersprechen. Der Verein wird pr\u00fcfen, ob es zwingende schutzw\u00fcrdige Gr\u00fcnde f\u00fcr die Verarbeitung gibt, die Ihre Interessen, Rechte und Freiheiten \u00fcberwiegen. Wenn nicht, wird das entsprechende Foto gel\u00f6scht.<\/p>\n\n\n\n<p>Andere Fotos, auf denen eine erwachsene Person (Vereinsmitglied oder aus dem Publikum) im Mittelpunkt steht oder gezielt nur diese Person fotografiert wurde, ver\u00f6ffentlichen wir nur mit der Einwilligung dieser Person (Artikel 6 Absatz 1 Satz 1 a) DSGVO). Diese Einwilligung kann jederzeit f\u00fcr die Zukunft widerrufen werden.<\/p>\n\n\n\n<p><strong>Betroffenenrechte<\/strong><\/p>\n\n\n\n<p>Wenn wir personenbezogene Daten von Ihnen verarbeiten, haben Sie folgende Betroffenenrechte:<\/p>\n\n\n\n<p>Ein Recht auf Auskunft \u00fcber die verarbeiteten Daten und auf Kopie, ein Berichtigungsrecht, wenn wir falsche Daten \u00fcber Sie verarbeiten, ein Recht auf L\u00f6schung, es sei denn, dass noch Ausnahmen greifen, warum wir die Daten noch speichern, also zum Beispiel Aufbewahrungspflichten oder Verj\u00e4hrungsfristen, ein Recht auf Einschr\u00e4nkung der Verarbeitung, ein jederzeitiges Recht, Einwilligungen in die Datenverarbeitung zu widerrufen, ein Widerspruchsrecht gegen eine Verarbeitung im \u00f6ffentlichen oder bei berechtigtem Interesse, ein Recht auf Daten\u00fcbertragbarkeit, ein Beschwerderecht bei einer Datenschutz-Aufsichtsbeh\u00f6rde, wenn Sie finden, dass wir Ihre Daten nicht ordnungsgem\u00e4\u00df verarbeiten. F\u00fcr unseren Verein ist die Landesbeauftragte f\u00fcr Datenschutz und Informationsfreiheit Nordrhein-Westfalen zust\u00e4ndig. Wenn Sie sich in einem anderen Bundesland oder nicht in Deutschland aufhalten, k\u00f6nnen Sie sich aber auch an die dortige Datenschutzbeh\u00f6rde wenden.<\/p>\n\n\n\n<p class=\"has-small-font-size\">Dieser Text wurde zum Teil mit dem Generator f\u00fcr Datenschutzhinweise der <a href=\"https:\/\/stiftungdatenschutz.org\/startseite\" target=\"_blank\" rel=\"noreferrer noopener\">Stiftung Datenschutz<\/a> erstellt.<\/p>\n","protected":false},"excerpt":{"rendered":"<p>Datenschutzhinweise gem\u00e4\u00df Artikel 13 DSGVO Verantwortliche Stelle Weinfreunde vom Hellweg e.V.Ackerstra\u00dfe 2059423 UnnaE-Mail: vorstand@weinfreunde-vom-hellweg.de Bei Fragen zum Datenschutz stehen wir Ihnen unter vorstand@weinfreunde-vom-hellweg.de oder unter der oben angegebenen postalischen Anschrift zur Verf\u00fcgung. Datenverarbeitung im Rahmen unserer Vereinsarbeit. Mitgliederverwaltung Mitgliedsdaten (Name, &hellip; <a href=\"https:\/\/www.weinfreunde-vom-hellweg.de\/alex\/wordpress\/?page_id=4906\">Weiterlesen <span class=\"meta-nav\">&rarr;<\/span><\/a><\/p>\n","protected":false},"author":14,"featured_media":0,"parent":0,"menu_order":0,"comment_status":"closed","ping_status":"closed","template":"","meta":{"ngg_post_thumbnail":0,"footnotes":""},"class_list":["post-4906","page","type-page","status-publish","hentry"],"_links":{"self":[{"href":"https:\/\/www.weinfreunde-vom-hellweg.de\/alex\/wordpress\/index.php?rest_route=\/wp\/v2\/pages\/4906","targetHints":{"allow":["GET"]}}],"collection":[{"href":"https:\/\/www.weinfreunde-vom-hellweg.de\/alex\/wordpress\/index.php?rest_route=\/wp\/v2\/pages"}],"about":[{"href":"https:\/\/www.weinfreunde-vom-hellweg.de\/alex\/wordpress\/index.php?rest_route=\/wp\/v2\/types\/page"}],"author":[{"embeddable":true,"href":"https:\/\/www.weinfreunde-vom-hellweg.de\/alex\/wordpress\/index.php?rest_route=\/wp\/v2\/users\/14"}],"replies":[{"embeddable":true,"href":"https:\/\/www.weinfreunde-vom-hellweg.de\/alex\/wordpress\/index.php?rest_route=%2Fwp%2Fv2%2Fcomments&post=4906"}],"version-history":[{"count":3,"href":"https:\/\/www.weinfreunde-vom-hellweg.de\/alex\/wordpress\/index.php?rest_route=\/wp\/v2\/pages\/4906\/revisions"}],"predecessor-version":[{"id":5053,"href":"https:\/\/www.weinfreunde-vom-hellweg.de\/alex\/wordpress\/index.php?rest_route=\/wp\/v2\/pages\/4906\/revisions\/5053"}],"wp:attachment":[{"href":"https:\/\/www.weinfreunde-vom-hellweg.de\/alex\/wordpress\/index.php?rest_route=%2Fwp%2Fv2%2Fmedia&parent=4906"}],"curies":[{"name":"wp","href":"https:\/\/api.w.org\/{rel}","templated":true}]}}