{"id":4922,"date":"2024-12-23T19:05:16","date_gmt":"2024-12-23T18:05:16","guid":{"rendered":"https:\/\/www.weinfreunde-vom-hellweg.de\/alex\/wordpress\/?page_id=4922"},"modified":"2024-12-26T11:18:44","modified_gmt":"2024-12-26T10:18:44","slug":"jahreschronik-2008","status":"publish","type":"page","link":"https:\/\/www.weinfreunde-vom-hellweg.de\/alex\/wordpress\/?page_id=4922","title":{"rendered":"Jahreschronik 2008"},"content":{"rendered":"\n<hr class=\"wp-block-separator aligncenter has-alpha-channel-opacity is-style-wide\"\/>\n\n\n\n<p><strong>Neujahrsempfang<br><\/strong>Donnerstag, 03.01.2008 im Nicolaihaus Unna<\/p>\n\n\n\n<p>Wie jedes Jahr gab es auch in diesem Jahr ein Neujahrstreffen, zum 2. Mal im Nicolaihaus in Unna. Alle Mitglieder waren herzlich eingeladen. Nach der Begr\u00fc\u00dfung durch Reiner Sch\u00e4fer und einer Bilanz des letzten Jahres und der Vorstellung des neuen Programms, fanden angeregte Gespr\u00e4che statt.<br>Es gab verschiedene Sorten Wein aus unserem Keller und leckere&nbsp; H\u00e4ppchen, die von dem Vorstandsdamen-Team liebevoll zubereitet wurden.<\/p>\n\n\n\n<hr class=\"wp-block-separator aligncenter has-alpha-channel-opacity is-style-wide\"\/>\n\n\n\n<p><strong>Freundschaftstreffen Unna \u2013 Enkirch<br><\/strong>Donnerstag, 14.02.2008 im S\u00e4ulenkeller der Lindenbrauerei Unna<\/p>\n\n\n\n<p>Die Weinfreunde und der Verein f\u00fcr Lichtkunst veranstalteten im Rahmen eines Freundschaftstreffens der St\u00e4dte Enkirch und Unna eine Moselweinverkostung. Kellermeister Hans-Theo Schenk, zusammen mit Hubertus Langen leitet er das&nbsp; Weingut Rueff-R\u00f6chling, stellte uns die Weine vor.<br>Zur Weinprobe wurde Wildwurst aus dem eigenen Jagdrevier des Winzers und Enkircher Speckpl\u00e4tzje gereicht.<\/p>\n\n\n\n<p>Die Weine des Abends:<br>2005er Cremant Riesling brut; traditionelle Flascheng\u00e4rung, handger\u00fcttelt<br>2006er Rueff-R\u00f6chling&nbsp; Riesling QbA trocken, s\u00e4urearm<br>2006er \u201eL\u00f6wenbaum\u201c, Riesling Sp\u00e4tlese trocken<br>2006er Enkircher Steffensberg, Riesling Kabinett halbtrocken<br>2006er \u201eL\u00f6wenbaum\u201c, Riesling Sp\u00e4tlese halbtrocken<br>2006er \u201eK\u00f6nigin Sarah\u201c Enkircher Montenbeutel&nbsp; Riesling Sp\u00e4tlese feinherb<br>2006er \u00dcrziger W\u00fcrzgarten, Riesling Auslese<\/p>\n\n\n\n<figure class=\"wp-block-gallery has-nested-images columns-default is-cropped wp-block-gallery-1 is-layout-flex wp-block-gallery-is-layout-flex\">\n<figure class=\"wp-block-image size-large\"><img loading=\"lazy\" decoding=\"async\" width=\"1000\" height=\"637\" data-id=\"4949\" src=\"https:\/\/www.weinfreunde-vom-hellweg.de\/alex\/wordpress\/wp-content\/uploads\/2008-02-14-Enkirch-02.jpg\" alt=\"\" class=\"wp-image-4949\" srcset=\"https:\/\/www.weinfreunde-vom-hellweg.de\/alex\/wordpress\/wp-content\/uploads\/2008-02-14-Enkirch-02.jpg 1000w, https:\/\/www.weinfreunde-vom-hellweg.de\/alex\/wordpress\/wp-content\/uploads\/2008-02-14-Enkirch-02-300x191.jpg 300w, https:\/\/www.weinfreunde-vom-hellweg.de\/alex\/wordpress\/wp-content\/uploads\/2008-02-14-Enkirch-02-768x489.jpg 768w\" sizes=\"auto, (max-width: 1000px) 100vw, 1000px\" \/><\/figure>\n\n\n\n<figure class=\"wp-block-image size-large\"><img loading=\"lazy\" decoding=\"async\" width=\"1000\" height=\"667\" data-id=\"4950\" src=\"https:\/\/www.weinfreunde-vom-hellweg.de\/alex\/wordpress\/wp-content\/uploads\/2008-02-14-Enkirch-03.jpg\" alt=\"\" class=\"wp-image-4950\" srcset=\"https:\/\/www.weinfreunde-vom-hellweg.de\/alex\/wordpress\/wp-content\/uploads\/2008-02-14-Enkirch-03.jpg 1000w, https:\/\/www.weinfreunde-vom-hellweg.de\/alex\/wordpress\/wp-content\/uploads\/2008-02-14-Enkirch-03-300x200.jpg 300w, https:\/\/www.weinfreunde-vom-hellweg.de\/alex\/wordpress\/wp-content\/uploads\/2008-02-14-Enkirch-03-768x512.jpg 768w\" sizes=\"auto, (max-width: 1000px) 100vw, 1000px\" \/><\/figure>\n\n\n\n<figure class=\"wp-block-image size-large\"><img loading=\"lazy\" decoding=\"async\" width=\"1000\" height=\"667\" data-id=\"4948\" src=\"https:\/\/www.weinfreunde-vom-hellweg.de\/alex\/wordpress\/wp-content\/uploads\/2008-02-14-Enkirch-01.jpg\" alt=\"\" class=\"wp-image-4948\" srcset=\"https:\/\/www.weinfreunde-vom-hellweg.de\/alex\/wordpress\/wp-content\/uploads\/2008-02-14-Enkirch-01.jpg 1000w, https:\/\/www.weinfreunde-vom-hellweg.de\/alex\/wordpress\/wp-content\/uploads\/2008-02-14-Enkirch-01-300x200.jpg 300w, https:\/\/www.weinfreunde-vom-hellweg.de\/alex\/wordpress\/wp-content\/uploads\/2008-02-14-Enkirch-01-768x512.jpg 768w\" sizes=\"auto, (max-width: 1000px) 100vw, 1000px\" \/><\/figure>\n<\/figure>\n\n\n\n<hr class=\"wp-block-separator aligncenter has-alpha-channel-opacity is-style-wide\"\/>\n\n\n\n<p><strong>Ein Leseabend mit Bernd Stelter<br><\/strong>Freitag, 07.03.2008 im Atelier der Lindenbrauerei Unna<\/p>\n\n\n\n<p>Bernd Stelter, der&nbsp; bekannte Kabarettist, er z\u00e4hlt zu den besten Unterhaltern in Deutschland, las aus seinen erfolgreichen, lustigen B\u00fcchern: \u201eDas Leben ist zu kurz, um schlechten Wein zu trinken\u201c und \u201eNie wieder Ferienhaus\u201c vor. Passend dazu gab es die im ersten Buch erw\u00e4hnten Weine&nbsp; von bekannten Ahrwinzern.<\/p>\n\n\n\n<p>Die Weine des Abends:<br>2006er Sp\u00e4tburgunder Wei\u00dfherbst, QbA, trocken, Alkohol 13%<br>Weingut Deutzerhof, Mayschos<br><br>Us de la meng, Cuvee, QbA, trocken, Alkohol 12,5%<br>Weingut Meyer-N\u00e4kel, Dernau<br><br>2005er Dornfelder, QbA, trocken, Alkohol 13,5%<br>Weingut Deutzerhof, Mayschoss<br><br>2004er \u201eZ\u201c, Cuvee, Alkohol 14%<br>Weingut Meyer-N\u00e4kel, Dernau<br><br>2006er Sp\u00e4tburgunder \u201eCaspar C\u201c, QbA, trocken, Alkohol 14%<br>Weingut Deutzerhof, Mayschoss<\/p>\n\n\n\n<p><a href=\"https:\/\/www.weinfreunde-vom-hellweg.de\/alex\/wordpress\/wp-content\/uploads\/2008-03-07-Bernd-Stelter.pdf\" target=\"_blank\" rel=\"noreferrer noopener\">Zeitungsartikel<\/a><\/p>\n\n\n\n<hr class=\"wp-block-separator aligncenter has-alpha-channel-opacity is-style-wide\"\/>\n\n\n\n<p><strong>Weine aus Portugal<br><\/strong>Donnerstag, 10.04.2008 im Atelier der Lindenbrauerei Unna<\/p>\n\n\n\n<p>Peter Schampera stellte die unten aufgef\u00fchrten Weine aus Portugal vor.<\/p>\n\n\n\n<p>2007er Vinho Verde, DOC branco, Alkohol 9,5%<br>Cooperativa agricola de Felguairas<br>Reben: Alvarinho<br><br>2006er Vinho Verde branco, Tapada dos Monges, Alkohol 11,5%<br>M.da Costa Carvalho Lima &amp; Filhos, Lda., Fafe<br>Reben: Pederna (50%), Loureiro (35%), Trajadura (15%)<br><br>2006er Alentejo DOC branco, \u201cBorba\u201d, Alkohol 12,5%<br>Ageda Coop. De Borba V.Q.P.R.D.<br>Reben: Tamarez, Antao Vaz, Roupeiro<br><br>2006er Douro DOC branco, Reserva, Alkohol 13%<br>Quinta Seara d\u00b4Ordens<br>Reben: Rabigato, Malvasia Fina, Fernando Pires<br><br>2003er Beira interior DOC&nbsp; Vinho tinto (Dao), Alkohol 13%<br>Cova da Beira<br>Reben: Trincadeira, Rufete, Bastardo<br><br>2004er Vinho Regional Terras do Sado, Alkohol 13%<br>Periquita<br>Reben: Castelao, Trinca-deira, Aragonez<br><br>2005er Vinho Regional de&nbsp; Alentejo, Tinto de Anfora, Alkohol 14%<br>Reben:Trincadeira, Aragonez, Touriga National, Alfrocheiro, Cabernet Sauvignon<br><br>2005er Douro DOC tinto, Alkohol 13,5%<br>Quinta Seara d\u00b4Ordens<br>Reben: Touriga National, Touriga Franca, Tinto Roritz<\/p>\n\n\n\n<hr class=\"wp-block-separator aligncenter has-alpha-channel-opacity is-style-wide\"\/>\n\n\n\n<p><strong>Spargel und Wein<br><\/strong>Donnerstag, 15.05.2008 in der Kleingartenanlage Lebensfreude in Unna<\/p>\n\n\n\n<p>Spargelgerichte und der passende Wein &#8211; das feine wei\u00dfe Gem\u00fcse verlangt nach einem frischen, fruchtigen und spritzigen Begleiter &#8211; sind sehr reizvolle kulinarische Verbindungen.<br>Die kleinen aber feinen Spargelgerichte bereiteten einige Damen des Vereins zu. &nbsp;die passenden Weine stellte Karl Maringer vor.<\/p>\n\n\n\n<p>Die Weine des Abends:<br>2007er Hex vom Dasenstein, Rivaner QbA, Baden<br>2007er Freiburger Steinler Gutedel QbA, Baden<br>2007er Wei\u00dfburgunder QbA, Weinbaudom\u00e4ne Oppenheim, Rheinhessen<br>2007er D\u00fcrkheimer Steinberg, Riesling Kabinett, Pfalz<br>2007er Chardonnay QbA, WG Vierjahreszeiten, Pfalz<br>2006er Hex vom Dasenstein, Grauburgunder Kabinett, Baden<\/p>\n\n\n\n<hr class=\"wp-block-separator aligncenter has-alpha-channel-opacity is-style-wide\"\/>\n\n\n\n<p><strong>Weinreise Pfalz<br><\/strong>16.06. bis 22.06.2008<\/p>\n\n\n\n<p>Montag 16.6.2008<br>Nach gem\u00fctlicher Anreise bei trockenem Wetter wurden wir freundlich im G\u00e4stehaus Oswald in Forst empfangen. Der K\u00f6nigspudel mit den niedlichen Z\u00f6pfen schien f\u00fcr die Begr\u00fc\u00dfung besonders herausgeputzt.<br>Um 14 Uhr fand unser erstes Zusammentreffen im Fr\u00fchst\u00fccksraum statt. Heidi Sch\u00e4fer verw\u00f6hnte uns mit selbstgebackenem Kuchen und frischem Kaffee, w\u00e4hrend Reiner Sch\u00e4fer das Programm f\u00fcr die n\u00e4chsten Tage erl\u00e4uterte.<br>15:30 Uhr Abfahrt zum Weingut Vollmer in Ellerstadt, hier wurden wir von der Hausherrin mit gro\u00dfer Herzlichkeit empfangen. Zuerst besteigen wir den R\u00f6merturm und genie\u00dfen einen herrlichen Rundumblick \u00fcber die sonnigen Weing\u00e4rten. Die Weindegustation, mit anschlie\u00dfendem Imbiss erlebten wir im Innenraum des R\u00f6merturms. Herr Schreck, pensionierter Beamter vom Weininstitut, f\u00fchrte uns durch die Probe. Aber wie aus Heinrich Vollmer \u201eEnrique\u201c Vollmer wurde, erz\u00e4hlte uns der Winemaker pers\u00f6nlich; Extremsportler, Abenteurer, Offizier der Bundeswehr in dieser Funktion verschlug es ihn nach S\u00fcdamerika. Hier retteten ihm Einheimische das Leben. Aus Dankbarkeit entschloss er sich den Bewohnern Arbeit zu schaffen. Er kaufte 600 Hektar Weinberge in Argentinien. Eine H\u00e4lfte des Jahres verbringt er von nun an, vornehmlich zur Zeit der Weinlese, in seiner zweiten Heimat.<br>Der Malbec mundet nicht nur zum Argentinischen Rind, sondern schmeckte uns auch zur Pf\u00e4lzer Leberwurst.<\/p>\n\n\n\n<p>Dienstag 17.06.2008<br>Nach einem k\u00f6stlichen Fr\u00fchst\u00fcck&nbsp; fahren wir nach Neustadt. Treffpunkt war der Marktplatz das historische Zentrum der heimlichen Weinhauptstadt Deutschlands. Von hier aus st\u00f6berten wir durch die verwinkelten Gassen und betrachteten das Ordenshaus der Weinbruderschaft. Nicht zum letzten Mal wurden wir hier mit dem Wahlspruch der Weinbr\u00fcder IN VITE VITA (In der Rebe das Leben) konfrontiert.<br>Zur Mittagszeit war das Hambacher Schloss unser n\u00e4chstes Ziel.<br>\u201eHinauf Patrioten zum Schloss zum Schloss!\u201c Im Mai 1832 folgten diesem Aufruf fast 30.000 Menschen aus ganz Deutschland, Frankreich und Polen. Das Hambacher Schloss ist nicht nur die Wiege der deutschen Demokratie, sondern auch eine europ\u00e4ische Begegnungsst\u00e4tte. Aufgrund von Bauarbeiten konnte eine Innenbesichtigung nicht erfolgen.<br>Der s\u00fcdlichen Weinstra\u00dfe entlang ging es nach Sankt Martin. In einem gem\u00fctlichen Winzerhof, bei Zwiebelkuchen und k\u00fchlem Riesling tankten wir Kr\u00e4fte f\u00fcr weitere Unternehmungen.<br>Ab 18 Uhr wurden wir auf dem Wein- und Sektgut Wind-Rabold in Burrweiler zum Grillen empfangen. Ein Heimspiel f\u00fcr unsere Bruderschaft; Die Weinschwester traf auf ihre j\u00fcngere Schwester, die gemeinsam mit ihrem Mann sehr anschaulich von der Arbeit im Weinberg und den nicht kalkulierbaren Wettereinfl\u00fcssen berichtete.<\/p>\n\n\n\n<p>Mittwoch 18.06.2008<br>11 Uhr Weingut Biffar und Kandiermanufaktur in Deidesheim. Die Naschkatzen erlebten einen f\u00fcr den Gaumen spannenden Vormittag und genossen eine Weinprobe mit den hochwertigen Spezialit\u00e4ten der Konfiserie.<br>16 Uhr Weingut Eymael in Bad D\u00fcrkheim-Pfeffingen. Die besten Weinlagen des Gutes liegen unmittelbar am Haus der Winzerfamilie. Nach einem kleinen Gang durch die Weinberge luden uns auf einer leichten Anh\u00f6he Tische, St\u00fchle und gek\u00fchlter Wein zur Probe ein. Diese herrlichen Tropfen ben\u00f6tigten keine pathetischen Beschreibungen, es passte die ruhige sachliche Erkl\u00e4rung des Juniorchefs Jan Eymael. Diese Rieslingweine sind in der ganzen Welt begehrt, seine Mutter stellt sie just in New York vor.<br>19 Uhr Abendessen im Weingut Spindler in Forst. Leider fanden wir f\u00fcr dreizehn Personen keinen Platz in dem legend\u00e4ren Garten. Die reservierten Pl\u00e4tze im gem\u00fctlichen Gastraum und der Secco, spendiert vom Geburtskind Ute, entsch\u00e4digten uns jedoch.<\/p>\n\n\n\n<p>Donnerstag 19.06.2008<br>11 Uhr: Essigdegustation im Weinessiggut Doktorenhof in Venningen. Nach der Einf\u00fchrung zum Thema Essig wurden wir in einem schwarzen Pestilenzumhang eingeh\u00fcllt und in den Kerzen beleuchteten Keller gef\u00fchrt. In alten Eichenf\u00e4ssern reifen allerbeste Weine zu Essig heran. Die unterschiedlichen Essigsorten zu probieren, hatte einen unvergesslichen kulinarischen Reiz.<br>19 Uhr: Beginn des offiziellen Programms. Die Weinbruderschaft der Pfalz l\u00e4dt zum 19. Treffen der Gemeinschaft deutschsprachiger Weinbruderschaften ein. Der Begr\u00fc\u00dfungsabend findet in der Sektkellerei Schloss Wachenheim, der gr\u00f6\u00dfte Schaumweinhersteller der Welt, statt. Bei Sonnenschein, unter Kl\u00e4ngen einer Dixiland-Band genie\u00dfen wir einen Pf\u00e4lzer Cremant im erw\u00fcrdigen Schlosspark. Dr. Fritz Schumann, Ordensmeister der Weinbruderschaft der Pfalz und Herr Wolfgang Narjes, erster Vorsitzender der deutschen Weinbruderschaft halten die Begr\u00fc\u00dfungsreden. Ein Abendessen im Marmorsaal und eine dreiteilige Sektprobe aus der Editionslinie schlossen sich an. Zeitweise \u00fcbernahm \u201eK\u00f6nig Fu\u00dfball\u201c die Regie: Tore im Spiel gegen Portugal steigerten die Sektlaune.<\/p>\n\n\n\n<p>Freitag 20.06.2008<br>Zur Wahl standen zwei Exkursionen. Eine Fahrt folgte der Weinstra\u00dfe in den Norden, die andere in den S\u00fcden. Wir hatten die Qual der Wahl. So gab es am Abend in den verschiedenen Gruppen einen regen Erlebnisaustausch.<br>Die Nordtour f\u00fchrte \u00fcber das Leiningerland. Beginnend mit einem Sektfr\u00fchst\u00fcck inklusive Stadtf\u00fchrung in Neuleiningen, weiter zum Haus der deutschen Weinstra\u00dfe, dem n\u00f6rdlichsten Punkt ein Pendant zum Weintor in Schweigen. Junge dynamische Weinmacher pr\u00e4sentierten im Inneren des Hauses ihre Weine.<br>Anschlie\u00dfend fuhren wir nach Bad D\u00fcrkheim. Im gr\u00f6\u00dften Weinfass der Welt&nbsp; nahmen wir unser Mittagessen ein. Bei einem Umtrunk auf dem r\u00f6mischen Weingut auf dem Weilberg bei Ungstein stellte uns Dr. Fritz Schumann die geschichtlichen Hintergr\u00fcnde und sein pers\u00f6nliches Engagement vor.<br>Nicht minder erlebnisreich gestaltete sich die S\u00fcdtour, die nach Schweigen zum deutschen Weintor f\u00fchrte. Interessante H\u00f6hepunkte waren die gr\u00f6\u00dfte pf\u00e4lzische Winzergenossenschaft in Ilbesheim sowie das Institut f\u00fcr Rebenz\u00fcchtung im Geilweilerhof in Siebeldingen.<br>19 Uhr: Pf\u00e4lzerabend in der Jugendstilhalle in Landau. Dieser Musentempel wurde 1905 erbaut und bot einen festlichen Rahmen f\u00fcr das k\u00f6stliche eher els\u00e4ssische Buffet.<\/p>\n\n\n\n<p>Samstag 21.06.2008<br>An der Delegiertenkonferenz nahmen Reiner Sch\u00e4fer und Peter Schampera teil. Der gr\u00f6\u00dfte Teil der 300 Mitglieder nahm an der Exkursion nach Speyer teil. Sie besichtigten den Kaiser- und Mariendom zu Speyer verbunden mit einem Orgelkonzert. Speyer ist historisch und kulturell die bedeutendste Stadt am Oberrhein.<br>Ab 13 Uhr Weinfachtagung unter dem Motto \u201eWeinkultur im Dialog\u201c. Zur Pflege der Weinkultur geh\u00f6rt der Genuss des Weines aber auch die Landschaft, die Menschen und die Erzeugung des Weines, so Herr Wolfgang Narjes. Hochkar\u00e4tige Referenten waren Weinbaupr\u00e4sident Edwin Schrank, Heinz Schr\u00f6der und Dr. Georg Binder vom Dienstleistungszentrum L\u00e4ndlicher Raum. Wer an diesem Mittag lieber die Landschaft aus einer anderen Perspektive erleben wollte, fuhr mit dem historischen Dampfzug.<br>Die traditionelle \u201eliterarische\u201c Weinstunde der Weinbruderschaft der Pfalz war am Samstagabend im Saalbau zu Neustadt der H\u00f6hepunkt des Treffens. Der fr\u00fchere rheinland-pf\u00e4lzische Ministerpr\u00e4sident Bernhard Vogel hielt den Festvortrag und erinnerte nochmals an die wechselvolle Geschichte der Pfalz mit ihrer europ\u00e4ischen Dimension. Zum Abschluss des Abends \u00fcbergaben Wolfgang Narjes und Dr. Fritz Schumacher den Thyrsos Stab an den Ausrichter im Jahre 2010 die Weinbruderschaft Franken.<\/p>\n\n\n\n<p>Sonntag 22.06.2008<br>Dankesworte von Peter Schampera an das Ehepaar Sch\u00e4fer f\u00fcr die Organisation der Reise und ihr stets liebevolles K\u00fcmmern. Das Essigpr\u00e4sent soll beiden Genuss und Gesundheit bescheren.<br>Der erste Vorsitzende Wolfgang Narjes und der Ordensmeister Dr. Fritz Schumann verabschiedeten die 300 angereisten G\u00e4ste bei einem Glas Sekt auf dem Herrenhof in Mussbach.<br><br>Protokollant des Reiseberichtes: Michael Schmied<\/p>\n\n\n\n<hr class=\"wp-block-separator aligncenter has-alpha-channel-opacity is-style-wide\"\/>\n\n\n\n<p><strong>Mitgliederversammlung<br><\/strong>Donnerstag, 03.07.2008 im Atelier der Lindenbrauerei Unna<\/p>\n\n\n\n<hr class=\"wp-block-separator aligncenter has-alpha-channel-opacity is-style-wide\"\/>\n\n\n\n<p><strong>Weinland Rheinhessen &#8211; Auf zu neuen Ufern<br><\/strong>Donnerstag, 11.09.2008 im Atelier der Lindenbrauerei Unna<\/p>\n\n\n\n<p>Das gr\u00f6\u00dfte Weinanbaugebiet in Deutschland ist Rheinhessen. Nachdem in den letzten Jahren wieder mehr auf Qualit\u00e4t anstatt auf Quantit\u00e4t geachtet wird, z\u00e4hlen namhafte, erfolgreiche Weinerzeuger zu den besten und bekanntesten in Europa.<br>Reiner Sch\u00e4fer machte uns an diesem Abend mit ausgew\u00e4hlten Weinen von sehr engagierten Winzerfamilien bekannt.<\/p>\n\n\n\n<p>Die Weine des Abends:<br>2007er Rivaner Classic, Alkohol 12,5%<br>Weingut K\u00f6ster-Wolf, Albig<br><br>2007er Riesling, Saulheimer H\u00f6lle, trocken, Alkohol 13%<br>Winzerhof Th\u00f6rle, Saulheim<br><br>2007er Wei\u00dfer Burgunder, Westhofener Bergkloster, trocken, Alkohol 13%<br>Weingut Neef-Emmich, Bremersheim<br><br>2007er Grauer Burgunder, Siefersheimer Heerkretz, trocken, Alkohol 12,5%<br>Weingut Steitz, Stein-Bockenheim<br><br>2006er Scheurebe, Bechtholzheimer Petersberg, s\u00fc\u00df, Alkohol 9,5%<br>Weingut Bretz, Bechtolsheim<br><br>2007er Sp\u00e4tburgunderWei\u00dfherbst, Biebelnheimer Rosenberg, Alkohol 12,5%<br>Weingut Diel, Biebelnheim<br><br>2006er Portugieser, trocken, Alkohol 13%<br>Weingut K\u00f6ster-Wolf, Albig<br><br>2007er Dornfelder Classic, trocken, Alkohol 13%<br>Weingut Dreihornm\u00fchle Orb, Westhofen<br><br>2005er Sp\u00e4tburgunder, trocken Alkohol 13%<br>Weingut Teschke, Gau-Algesheim<\/p>\n\n\n\n<hr class=\"wp-block-separator aligncenter has-alpha-channel-opacity is-style-wide\"\/>\n\n\n\n<p><strong>Classic Weine &#8211; ein Qualit\u00e4tsmerkmal<br><\/strong>Donnerstag, 23.10.2008 im Atelier der Lindenbrauerei Unna<\/p>\n\n\n\n<p>Classic Weine signalisieren dem Weinfreund eine \u00fcberdurchschnittliche Qualit\u00e4t. Sie werden aus gebietstypischen Rebsorten, wie z.B. Riesling oder Grauer Burgunder hergestellt. Sie sind trocken ausgebaut. Der Alkoholgehalt liegt bei mindestens 12 % (Weine aus dem Mosel-Saar-Ruwer Gebiet haben manchmal auch nur 11,5%), und der Restzuckergehalt betr\u00e4gt nie mehr als 15 Gramm.<br>Die oben aufgef\u00fchrten Weine wurden blind verkostet. Die Weinfreunde sollten sich nicht von Namen und Etiketten beeinflussen lassen. Dementsprechend fielen die Bewertungen h\u00f6chst unterschiedlich aus.<br>Detlef Krischek gestaltete den Abend.<\/p>\n\n\n\n<p>Diese Weine wurden verk\u00f6stigt:<br>2005er Elbling Classic<\/p>\n\n\n\n<p>Weingut Mathias Hild, Wincheringen, Mosel, Alkohol 11,5%<br><br>2007er Wei\u00dfer Burgunder Classic<br>Weingut Michael Simon, Osann-Monzel, Mosel, Alkohol 12%<br><br>2007er Grauer Burgunder Classic<br>Weingut Rheingrafenhof, Frei-Laubersheim, Rheinhessen, Alkohol 12%<br><br>2007er Grauer Burgunder<br>Weingut Kr\u00e4mer, Langenlonsheim, Nahe, Alkohol 12,5%<br><br>2007er Dornfelder Classic<br>Weingut Kr\u00e4mer, Langenlonsheim, Nahe, Alkohol 12,5%<br><br>2006er Riesling Classic<br>DRK-Sozialwerk Bernkastel, Mosel, Alkohol 12%<br><br>2007er Riesling Classic<br>Weingut Sin\u00df, Windesheim, Nahe, Alkohol 12,5%<br><br>2007er Riesling Classic<br>Weingut Busch, Frei-Laubersheim, Nahe, Alkohol 12%<\/p>\n\n\n\n<hr class=\"wp-block-separator aligncenter has-alpha-channel-opacity is-style-wide\"\/>\n\n\n\n<p><strong>Rests\u00fc\u00dfe Weine<br><\/strong>Im November 2008<br>Leider sind keine Daten vorhanden<\/p>\n\n\n\n<hr class=\"wp-block-separator aligncenter has-alpha-channel-opacity is-style-wide\"\/>\n\n\n\n<p><strong>Tapas-Jahresabschluss<br><\/strong>Im Dezember 2008<br>Leider sind keine Daten vorhanden<\/p>\n","protected":false},"excerpt":{"rendered":"<p>NeujahrsempfangDonnerstag, 03.01.2008 im Nicolaihaus Unna Wie jedes Jahr gab es auch in diesem Jahr ein Neujahrstreffen, zum 2. Mal im Nicolaihaus in Unna. Alle Mitglieder waren herzlich eingeladen. Nach der Begr\u00fc\u00dfung durch Reiner Sch\u00e4fer und einer Bilanz des letzten Jahres &hellip; <a href=\"https:\/\/www.weinfreunde-vom-hellweg.de\/alex\/wordpress\/?page_id=4922\">Weiterlesen <span class=\"meta-nav\">&rarr;<\/span><\/a><\/p>\n","protected":false},"author":14,"featured_media":0,"parent":3098,"menu_order":2008,"comment_status":"closed","ping_status":"closed","template":"","meta":{"ngg_post_thumbnail":0,"footnotes":""},"class_list":["post-4922","page","type-page","status-publish","hentry"],"_links":{"self":[{"href":"https:\/\/www.weinfreunde-vom-hellweg.de\/alex\/wordpress\/index.php?rest_route=\/wp\/v2\/pages\/4922","targetHints":{"allow":["GET"]}}],"collection":[{"href":"https:\/\/www.weinfreunde-vom-hellweg.de\/alex\/wordpress\/index.php?rest_route=\/wp\/v2\/pages"}],"about":[{"href":"https:\/\/www.weinfreunde-vom-hellweg.de\/alex\/wordpress\/index.php?rest_route=\/wp\/v2\/types\/page"}],"author":[{"embeddable":true,"href":"https:\/\/www.weinfreunde-vom-hellweg.de\/alex\/wordpress\/index.php?rest_route=\/wp\/v2\/users\/14"}],"replies":[{"embeddable":true,"href":"https:\/\/www.weinfreunde-vom-hellweg.de\/alex\/wordpress\/index.php?rest_route=%2Fwp%2Fv2%2Fcomments&post=4922"}],"version-history":[{"count":5,"href":"https:\/\/www.weinfreunde-vom-hellweg.de\/alex\/wordpress\/index.php?rest_route=\/wp\/v2\/pages\/4922\/revisions"}],"predecessor-version":[{"id":4952,"href":"https:\/\/www.weinfreunde-vom-hellweg.de\/alex\/wordpress\/index.php?rest_route=\/wp\/v2\/pages\/4922\/revisions\/4952"}],"up":[{"embeddable":true,"href":"https:\/\/www.weinfreunde-vom-hellweg.de\/alex\/wordpress\/index.php?rest_route=\/wp\/v2\/pages\/3098"}],"wp:attachment":[{"href":"https:\/\/www.weinfreunde-vom-hellweg.de\/alex\/wordpress\/index.php?rest_route=%2Fwp%2Fv2%2Fmedia&parent=4922"}],"curies":[{"name":"wp","href":"https:\/\/api.w.org\/{rel}","templated":true}]}}