{"id":4998,"date":"2024-12-28T16:52:57","date_gmt":"2024-12-28T15:52:57","guid":{"rendered":"https:\/\/www.weinfreunde-vom-hellweg.de\/alex\/wordpress\/?page_id=4998"},"modified":"2024-12-28T16:57:13","modified_gmt":"2024-12-28T15:57:13","slug":"weingala-10-jahreweinfreunde-vom-hellweg","status":"publish","type":"page","link":"https:\/\/www.weinfreunde-vom-hellweg.de\/alex\/wordpress\/?page_id=4998","title":{"rendered":"Weingala: 10 Jahre \u201eWeinfreunde vom Hellweg\u201c"},"content":{"rendered":"\n<p>Samstag, 29.05.2010, 19:00 Uhr, B\u00fcrgerhaus im Rathaus Unna<\/p>\n\n\n\n<p>Vor 10 Jahren, am 17. Mai 2000\u00a0 gr\u00fcndeten begeisterte Weintrinker\/Innen den Weinverein \u201eWeinfreunde vom Hellweg\u201c. Die Zahl der Mitglieder hat sich bis heute auf fast 100 erh\u00f6ht. Viele informative Weinabende, veranstaltet von Mitgliedern, externen Weinfreunden und Winzern, fanden in dieser Zeit statt. Es wurden Freundschaften geschlossen. Einmal im Jahr besuchten und besuchen die Weinfreunde, immer \u00fcber den 1. Mai, ein deutsches Anbaugebiet. Ein H\u00f6hepunkt war die Aufnahme des Vereins in die \u201eGemeinschaft deutschsprachiger Weinbruderschaften (GDW)\u201c im Jahr 2006 in Wien.<\/p>\n\n\n\n<p>Zehn Jahre Weinfreunde vom Hellweg \u2013 ein Grund zum Feiern. Ein Festausschuss bereitete den Abend vor, eine Festschrift wurde erstellt. Die Feier fand mit den Mitgliedern und vielen lieben G\u00e4sten im B\u00fcrgerhaus im Rathaus der Stadt Unna statt.<\/p>\n\n\n\n<p>Begr\u00fc\u00dfungsworte sprach Reiner Sch\u00e4fer, 1. Vorsitzender, \u00a0und Renate Nick als Stellvertreterin des B\u00fcrgermeisters. Musikalisch begleitete das \u201eDuo Falsena\u201c den Abend, und Michael Sacher\u00a0 begleitete ihn literarisch. Dr. Fritz Schumann, Ordensmeister der Weinbruderschaft der Pfalz, stellte die guten Weine, die zum Essen an festlich gedeckten Tischen gereicht wurden, vor. Der Abend klang mit viel Wein und netten Gespr\u00e4chen weit nach Mitternacht aus.<\/p>\n\n\n\n<p><a href=\"https:\/\/www.weinfreunde-vom-hellweg.de\/alex\/wordpress\/wp-content\/uploads\/2010-05-29-Weingala-Programm.pdf\" target=\"_blank\" rel=\"noreferrer noopener\">Weingala \/ Programm<\/a> (PDF)<\/p>\n","protected":false},"excerpt":{"rendered":"<p>Samstag, 29.05.2010, 19:00 Uhr, B\u00fcrgerhaus im Rathaus Unna Vor 10 Jahren, am 17. Mai 2000\u00a0 gr\u00fcndeten begeisterte Weintrinker\/Innen den Weinverein \u201eWeinfreunde vom Hellweg\u201c. Die Zahl der Mitglieder hat sich bis heute auf fast 100 erh\u00f6ht. Viele informative Weinabende, veranstaltet von &hellip; <a href=\"https:\/\/www.weinfreunde-vom-hellweg.de\/alex\/wordpress\/?page_id=4998\">Weiterlesen <span class=\"meta-nav\">&rarr;<\/span><\/a><\/p>\n","protected":false},"author":14,"featured_media":0,"parent":3232,"menu_order":9,"comment_status":"closed","ping_status":"closed","template":"","meta":{"ngg_post_thumbnail":0,"footnotes":""},"class_list":["post-4998","page","type-page","status-publish","hentry"],"_links":{"self":[{"href":"https:\/\/www.weinfreunde-vom-hellweg.de\/alex\/wordpress\/index.php?rest_route=\/wp\/v2\/pages\/4998","targetHints":{"allow":["GET"]}}],"collection":[{"href":"https:\/\/www.weinfreunde-vom-hellweg.de\/alex\/wordpress\/index.php?rest_route=\/wp\/v2\/pages"}],"about":[{"href":"https:\/\/www.weinfreunde-vom-hellweg.de\/alex\/wordpress\/index.php?rest_route=\/wp\/v2\/types\/page"}],"author":[{"embeddable":true,"href":"https:\/\/www.weinfreunde-vom-hellweg.de\/alex\/wordpress\/index.php?rest_route=\/wp\/v2\/users\/14"}],"replies":[{"embeddable":true,"href":"https:\/\/www.weinfreunde-vom-hellweg.de\/alex\/wordpress\/index.php?rest_route=%2Fwp%2Fv2%2Fcomments&post=4998"}],"version-history":[{"count":3,"href":"https:\/\/www.weinfreunde-vom-hellweg.de\/alex\/wordpress\/index.php?rest_route=\/wp\/v2\/pages\/4998\/revisions"}],"predecessor-version":[{"id":5003,"href":"https:\/\/www.weinfreunde-vom-hellweg.de\/alex\/wordpress\/index.php?rest_route=\/wp\/v2\/pages\/4998\/revisions\/5003"}],"up":[{"embeddable":true,"href":"https:\/\/www.weinfreunde-vom-hellweg.de\/alex\/wordpress\/index.php?rest_route=\/wp\/v2\/pages\/3232"}],"wp:attachment":[{"href":"https:\/\/www.weinfreunde-vom-hellweg.de\/alex\/wordpress\/index.php?rest_route=%2Fwp%2Fv2%2Fmedia&parent=4998"}],"curies":[{"name":"wp","href":"https:\/\/api.w.org\/{rel}","templated":true}]}}