{"id":5004,"date":"2024-12-28T16:59:44","date_gmt":"2024-12-28T15:59:44","guid":{"rendered":"https:\/\/www.weinfreunde-vom-hellweg.de\/alex\/wordpress\/?page_id=5004"},"modified":"2024-12-28T17:12:40","modified_gmt":"2024-12-28T16:12:40","slug":"lieblingswein-der-wuerttemberger","status":"publish","type":"page","link":"https:\/\/www.weinfreunde-vom-hellweg.de\/alex\/wordpress\/?page_id=5004","title":{"rendered":"Lieblingswein der W\u00fcrttemberger"},"content":{"rendered":"\n<p>Donnerstag, 18.03.2010, 19:30 Uhr im Pfarrheim am Katharinenplatz Unna<\/p>\n\n\n\n<p>Der Trollinger, das schw\u00e4bische Nationalgetr\u00e4nk, ist in W\u00fcrttemberg die meist angebaute Rebsorte. Er kommt urspr\u00fcnglich aus Tirol und dem benachbarten Trentino, und ist dort unter dem Namen Vernatsch bekannt. Er wird meistens frisch und kernig ausgebaut und hat, abh\u00e4ngig vom Erntejahr, eine hell- bis rubinrote Farbe. Er ben\u00f6tigt keine mehrj\u00e4hrige Lagerung und man kann ihn innerhalb eines Jahres trinken. Oft wird er mit Lemberger verschnitten. Er passt gut zu deftigen Gerichten und Brotzeiten.<br>Reiner Sch\u00e4fer, Vorsitzender des Weinvereins, stellte uns die unten aufgef\u00fchrten Winzer und ihre Weine vor.<\/p>\n\n\n\n<p>Die Probenfolge:<br>2008er Trollinger Wartberg, QbA, trocken<br>Genossenschaftskellerei Heilbronn-Erlenbach-Weinsberg<br><br>2008er Trollinger Eschenauer Paradies, QbA, trocken, \u201eVinissima\u201c<br>Weingut Gruber Obersulm-Eschenau<br><br>2008er Trollinger Nordheimer Heuchelberg, QbA, trocken<br>Privatkellerei Weinbau Rolf Willy Nordheim<br><br>2008er Trollinger \u201eVinissima\u201c, QbA, trocken<br>Weing\u00e4rtner Willsbach<br><br>2008er Trollinger Fauna, QbA, trocken<br>Bottwartalkellerei Gro\u00dfbottwar<br><br>2008er Trollinger Hohenhaslacher Kirchberg, QbA, trocken<br>Weingut Martin Notz Sachsenheim-Hohenhaslach<br><br>2008er Trollinger Katzenbei\u00dfer, QbA, halbtrocken<br>Lauffener Weing\u00e4rtner<br><br>2008er Cuvee Trollinger\/Lemberger Katzenbei\u00dfer, QbA, halbtrocken<br>Lauffener Weing\u00e4rtner<br><br>2008er Muskat-Trollinger Rose, QbA, lieblich<br>Lauffener Weing\u00e4rtner<\/p>\n","protected":false},"excerpt":{"rendered":"<p>Donnerstag, 18.03.2010, 19:30 Uhr im Pfarrheim am Katharinenplatz Unna Der Trollinger, das schw\u00e4bische Nationalgetr\u00e4nk, ist in W\u00fcrttemberg die meist angebaute Rebsorte. Er kommt urspr\u00fcnglich aus Tirol und dem benachbarten Trentino, und ist dort unter dem Namen Vernatsch bekannt. Er wird &hellip; <a href=\"https:\/\/www.weinfreunde-vom-hellweg.de\/alex\/wordpress\/?page_id=5004\">Weiterlesen <span class=\"meta-nav\">&rarr;<\/span><\/a><\/p>\n","protected":false},"author":14,"featured_media":0,"parent":3232,"menu_order":5,"comment_status":"closed","ping_status":"closed","template":"","meta":{"ngg_post_thumbnail":0,"footnotes":""},"class_list":["post-5004","page","type-page","status-publish","hentry"],"_links":{"self":[{"href":"https:\/\/www.weinfreunde-vom-hellweg.de\/alex\/wordpress\/index.php?rest_route=\/wp\/v2\/pages\/5004","targetHints":{"allow":["GET"]}}],"collection":[{"href":"https:\/\/www.weinfreunde-vom-hellweg.de\/alex\/wordpress\/index.php?rest_route=\/wp\/v2\/pages"}],"about":[{"href":"https:\/\/www.weinfreunde-vom-hellweg.de\/alex\/wordpress\/index.php?rest_route=\/wp\/v2\/types\/page"}],"author":[{"embeddable":true,"href":"https:\/\/www.weinfreunde-vom-hellweg.de\/alex\/wordpress\/index.php?rest_route=\/wp\/v2\/users\/14"}],"replies":[{"embeddable":true,"href":"https:\/\/www.weinfreunde-vom-hellweg.de\/alex\/wordpress\/index.php?rest_route=%2Fwp%2Fv2%2Fcomments&post=5004"}],"version-history":[{"count":2,"href":"https:\/\/www.weinfreunde-vom-hellweg.de\/alex\/wordpress\/index.php?rest_route=\/wp\/v2\/pages\/5004\/revisions"}],"predecessor-version":[{"id":5010,"href":"https:\/\/www.weinfreunde-vom-hellweg.de\/alex\/wordpress\/index.php?rest_route=\/wp\/v2\/pages\/5004\/revisions\/5010"}],"up":[{"embeddable":true,"href":"https:\/\/www.weinfreunde-vom-hellweg.de\/alex\/wordpress\/index.php?rest_route=\/wp\/v2\/pages\/3232"}],"wp:attachment":[{"href":"https:\/\/www.weinfreunde-vom-hellweg.de\/alex\/wordpress\/index.php?rest_route=%2Fwp%2Fv2%2Fmedia&parent=5004"}],"curies":[{"name":"wp","href":"https:\/\/api.w.org\/{rel}","templated":true}]}}