{"id":5061,"date":"2024-12-30T15:23:25","date_gmt":"2024-12-30T14:23:25","guid":{"rendered":"https:\/\/www.weinfreunde-vom-hellweg.de\/alex\/wordpress\/?page_id=5061"},"modified":"2024-12-30T15:26:10","modified_gmt":"2024-12-30T14:26:10","slug":"ziele-philosophie-und-entwicklung-eines-bio-weingutes","status":"publish","type":"page","link":"https:\/\/www.weinfreunde-vom-hellweg.de\/alex\/wordpress\/?page_id=5061","title":{"rendered":"Ziele, Philosophie und Entwicklung eines Bio-Weingutes"},"content":{"rendered":"\n<p>Donnerstag, 19.03.2015, 19:30 Uhr im Atelier der Lindenbrauerei Unna<\/p>\n\n\n\n<p>Bio boomt &#8211; auch im Weinbau: Die Anbaufl\u00e4chen im \u00d6ko-Weinbau haben sich von 2006 bis 2011 in Deutschland mehr als verdoppelt. 6.900 Hektar Weinberge wurden 2011 \u00f6kologisch bewirtschaftet, was einem Anteil von rund 7,5 Prozent der Gesamtrebfl\u00e4che (Quelle DWI) entspricht. Grund genug, uns einmal n\u00e4her mit dem \u00f6kologischen Weinbau zu besch\u00e4ftigen. Der Unterschied zum konventionellen Weinbau liegt insbesondere in der Bearbeitung der Weinberge, aber auch im Ausbau. Ziel ist es, ein ausbalanciertes \u00d6kosystem im Weinberg zu erhalten und bek\u00f6mmlichere Weine zu kreieren. Dies erfolgt ohne den Einsatz chemisch-synthetischer Substanzen. Zur Stabilisierung der Reben werden ausschlie\u00dflich Mittel ausgebracht, die auch in der Natur vorkommen. Wir freuen uns \u00fcber die Zusage des Winzers (Dipl.-Ing. f\u00fcr Weinbau und Kellerwirtschaft) Paul-Gerhard Groebe, der in 4. Generation Inhaber des Bio-Familienweingutes Bergkloster in Westhofen ist. Er wird uns seine Ziele, Philosophie und den Weg seines Weingutes im Rahmen der Umstellung erl\u00e4utern. Selbstverst\u00e4ndlich werden wir an dem Abend auch ausgesuchte Bio-Weine des Weingutes Bergkloster verkosten.<\/p>\n\n\n\n<p><a href=\"https:\/\/www.weinfreunde-vom-hellweg.de\/alex\/wordpress\/wp-content\/uploads\/2015-03-19-Weinliste-Bioweine.pdf\" target=\"_blank\" rel=\"noreferrer noopener\">Weinliste<\/a> (PDF)<\/p>\n","protected":false},"excerpt":{"rendered":"<p>Donnerstag, 19.03.2015, 19:30 Uhr im Atelier der Lindenbrauerei Unna Bio boomt &#8211; auch im Weinbau: Die Anbaufl\u00e4chen im \u00d6ko-Weinbau haben sich von 2006 bis 2011 in Deutschland mehr als verdoppelt. 6.900 Hektar Weinberge wurden 2011 \u00f6kologisch bewirtschaftet, was einem Anteil &hellip; <a href=\"https:\/\/www.weinfreunde-vom-hellweg.de\/alex\/wordpress\/?page_id=5061\">Weiterlesen <span class=\"meta-nav\">&rarr;<\/span><\/a><\/p>\n","protected":false},"author":14,"featured_media":0,"parent":5029,"menu_order":20,"comment_status":"closed","ping_status":"closed","template":"","meta":{"ngg_post_thumbnail":0,"footnotes":""},"class_list":["post-5061","page","type-page","status-publish","hentry"],"_links":{"self":[{"href":"https:\/\/www.weinfreunde-vom-hellweg.de\/alex\/wordpress\/index.php?rest_route=\/wp\/v2\/pages\/5061","targetHints":{"allow":["GET"]}}],"collection":[{"href":"https:\/\/www.weinfreunde-vom-hellweg.de\/alex\/wordpress\/index.php?rest_route=\/wp\/v2\/pages"}],"about":[{"href":"https:\/\/www.weinfreunde-vom-hellweg.de\/alex\/wordpress\/index.php?rest_route=\/wp\/v2\/types\/page"}],"author":[{"embeddable":true,"href":"https:\/\/www.weinfreunde-vom-hellweg.de\/alex\/wordpress\/index.php?rest_route=\/wp\/v2\/users\/14"}],"replies":[{"embeddable":true,"href":"https:\/\/www.weinfreunde-vom-hellweg.de\/alex\/wordpress\/index.php?rest_route=%2Fwp%2Fv2%2Fcomments&post=5061"}],"version-history":[{"count":2,"href":"https:\/\/www.weinfreunde-vom-hellweg.de\/alex\/wordpress\/index.php?rest_route=\/wp\/v2\/pages\/5061\/revisions"}],"predecessor-version":[{"id":5065,"href":"https:\/\/www.weinfreunde-vom-hellweg.de\/alex\/wordpress\/index.php?rest_route=\/wp\/v2\/pages\/5061\/revisions\/5065"}],"up":[{"embeddable":true,"href":"https:\/\/www.weinfreunde-vom-hellweg.de\/alex\/wordpress\/index.php?rest_route=\/wp\/v2\/pages\/5029"}],"wp:attachment":[{"href":"https:\/\/www.weinfreunde-vom-hellweg.de\/alex\/wordpress\/index.php?rest_route=%2Fwp%2Fv2%2Fmedia&parent=5061"}],"curies":[{"name":"wp","href":"https:\/\/api.w.org\/{rel}","templated":true}]}}