{"id":5080,"date":"2024-12-30T16:01:50","date_gmt":"2024-12-30T15:01:50","guid":{"rendered":"https:\/\/www.weinfreunde-vom-hellweg.de\/alex\/wordpress\/?page_id=5080"},"modified":"2024-12-30T16:01:50","modified_gmt":"2024-12-30T15:01:50","slug":"brot-und-wein","status":"publish","type":"page","link":"https:\/\/www.weinfreunde-vom-hellweg.de\/alex\/wordpress\/?page_id=5080","title":{"rendered":"Brot und Wein"},"content":{"rendered":"\n<p>Donnerstag, 20.08.2015, 19:30 Uhr im Atelier der Lindenbrauerei Unna<\/p>\n\n\n\n<p>Brot und Wein sind nicht nur in der christlichen \u00dcberlieferung des Abendmahls pr\u00e4sent, Brot und Wein ist auch eine kulinarische Partnerschaft, die eine lange Tradition als Nahrungsmittel im t\u00e4glichen Leben hat. So wird ausgehend von den Br\u00e4uchen in den Mittelmeerl\u00e4ndern auch bei uns zum Wein in der Regel Wei\u00dfbrot oder Baguette gereicht. Aber die Geschmackskombinationen von Brot und Wein gehen wesentlich weiter. Gerade in Deutschland gibt es aufgrund der Getreidevielfalt, diverser Backzutaten und der verschiedensten Backkulturen eine immense Vielfalt an Brotsorten. Dies ist f\u00fcr uns Weinfreunde Grund genug, wieder einmal perfekte Geschmackskombinationen von Brot und Wein herauszufinden.<br>Unser Kellermeister Peter Schampera und Sabrina Schwierk von der B\u00e4ckerei Schwierk in Unna werden uns an dem Abend nicht nur unterschiedliche Brot- und Weinkombinationen pr\u00e4sentieren, sondern auch auf die handwerkliche Herstellung der verschiedenen Brotsorten eingehen und uns viele Gemeinsamkeiten von Brot und Wein bez\u00fcglich Geschichte, Vielfalt, Aromen- und Geschmackskomponenten n\u00e4herbringen. Die perfekte Harmonie von Brot und Wein ist ein Genuss.<\/p>\n","protected":false},"excerpt":{"rendered":"<p>Donnerstag, 20.08.2015, 19:30 Uhr im Atelier der Lindenbrauerei Unna Brot und Wein sind nicht nur in der christlichen \u00dcberlieferung des Abendmahls pr\u00e4sent, Brot und Wein ist auch eine kulinarische Partnerschaft, die eine lange Tradition als Nahrungsmittel im t\u00e4glichen Leben hat. &hellip; <a href=\"https:\/\/www.weinfreunde-vom-hellweg.de\/alex\/wordpress\/?page_id=5080\">Weiterlesen <span class=\"meta-nav\">&rarr;<\/span><\/a><\/p>\n","protected":false},"author":14,"featured_media":0,"parent":5029,"menu_order":70,"comment_status":"closed","ping_status":"closed","template":"","meta":{"ngg_post_thumbnail":0,"footnotes":""},"class_list":["post-5080","page","type-page","status-publish","hentry"],"_links":{"self":[{"href":"https:\/\/www.weinfreunde-vom-hellweg.de\/alex\/wordpress\/index.php?rest_route=\/wp\/v2\/pages\/5080","targetHints":{"allow":["GET"]}}],"collection":[{"href":"https:\/\/www.weinfreunde-vom-hellweg.de\/alex\/wordpress\/index.php?rest_route=\/wp\/v2\/pages"}],"about":[{"href":"https:\/\/www.weinfreunde-vom-hellweg.de\/alex\/wordpress\/index.php?rest_route=\/wp\/v2\/types\/page"}],"author":[{"embeddable":true,"href":"https:\/\/www.weinfreunde-vom-hellweg.de\/alex\/wordpress\/index.php?rest_route=\/wp\/v2\/users\/14"}],"replies":[{"embeddable":true,"href":"https:\/\/www.weinfreunde-vom-hellweg.de\/alex\/wordpress\/index.php?rest_route=%2Fwp%2Fv2%2Fcomments&post=5080"}],"version-history":[{"count":1,"href":"https:\/\/www.weinfreunde-vom-hellweg.de\/alex\/wordpress\/index.php?rest_route=\/wp\/v2\/pages\/5080\/revisions"}],"predecessor-version":[{"id":5081,"href":"https:\/\/www.weinfreunde-vom-hellweg.de\/alex\/wordpress\/index.php?rest_route=\/wp\/v2\/pages\/5080\/revisions\/5081"}],"up":[{"embeddable":true,"href":"https:\/\/www.weinfreunde-vom-hellweg.de\/alex\/wordpress\/index.php?rest_route=\/wp\/v2\/pages\/5029"}],"wp:attachment":[{"href":"https:\/\/www.weinfreunde-vom-hellweg.de\/alex\/wordpress\/index.php?rest_route=%2Fwp%2Fv2%2Fmedia&parent=5080"}],"curies":[{"name":"wp","href":"https:\/\/api.w.org\/{rel}","templated":true}]}}