{"id":5083,"date":"2024-12-30T16:06:19","date_gmt":"2024-12-30T15:06:19","guid":{"rendered":"https:\/\/www.weinfreunde-vom-hellweg.de\/alex\/wordpress\/?page_id=5083"},"modified":"2024-12-30T16:08:18","modified_gmt":"2024-12-30T15:08:18","slug":"gewuerztraminer","status":"publish","type":"page","link":"https:\/\/www.weinfreunde-vom-hellweg.de\/alex\/wordpress\/?page_id=5083","title":{"rendered":"Gew\u00fcrztraminer"},"content":{"rendered":"\n<p>Donnerstag, 10.09.2015, 19:30 Uhr im Atelier der Lindenbrauerei Unna<\/p>\n\n\n\n<p>Der heutige Abend, der von den Mitgliedern unseres Frauen-Probierkreises \u201eVinerva\u201c gestaltet wird, steht ganz im Zeichen eines Weines der auch als \u201eDenkmal deutscher Weinkultur\u201c (Quelle: DWI) bezeichnet wird, n\u00e4mlich dem Gew\u00fcrztraminer. Kennzeichnend f\u00fcr den Gew\u00fcrztraminer ist sein unvergleichliches Bukett. Sein Duft nach Rosen und zum Teil exotischen und w\u00fcrzigen Aromen machen ihn unverkennbar. Der Gew\u00fcrztraminer besitzt in der Regel nur eine geringe S\u00e4ure. Er wird zum Teil trocken oder halbtrocken, h\u00e4ufig aber auch rests\u00fc\u00df ausgebaut, was ihn, gepaart mit dem unverkennbaren Duft, oft als \u00fcppigen und nachhaltigen Wein erscheinen l\u00e4sst. Je nachdem, welche Speise er begleitet, ist die eine oder andere Variante besser. Aber auch solo genossen k\u00f6nnen Gew\u00fcrztraminer uns besondere Geschmackserlebnisse bereiten. Lassen wir uns also \u00fcberraschen, welche Varianten uns unsere weinkundigen Frauen pr\u00e4sentieren werden.<\/p>\n\n\n\n<p><a href=\"https:\/\/www.weinfreunde-vom-hellweg.de\/alex\/wordpress\/wp-content\/uploads\/2015-09-10-Weinbewertung-Gewuerztraminer.pdf\" target=\"_blank\" rel=\"noreferrer noopener\">Weinbewertung<\/a> (PDF)<\/p>\n","protected":false},"excerpt":{"rendered":"<p>Donnerstag, 10.09.2015, 19:30 Uhr im Atelier der Lindenbrauerei Unna Der heutige Abend, der von den Mitgliedern unseres Frauen-Probierkreises \u201eVinerva\u201c gestaltet wird, steht ganz im Zeichen eines Weines der auch als \u201eDenkmal deutscher Weinkultur\u201c (Quelle: DWI) bezeichnet wird, n\u00e4mlich dem Gew\u00fcrztraminer. &hellip; <a href=\"https:\/\/www.weinfreunde-vom-hellweg.de\/alex\/wordpress\/?page_id=5083\">Weiterlesen <span class=\"meta-nav\">&rarr;<\/span><\/a><\/p>\n","protected":false},"author":14,"featured_media":0,"parent":5029,"menu_order":80,"comment_status":"closed","ping_status":"closed","template":"","meta":{"ngg_post_thumbnail":0,"footnotes":""},"class_list":["post-5083","page","type-page","status-publish","hentry"],"_links":{"self":[{"href":"https:\/\/www.weinfreunde-vom-hellweg.de\/alex\/wordpress\/index.php?rest_route=\/wp\/v2\/pages\/5083","targetHints":{"allow":["GET"]}}],"collection":[{"href":"https:\/\/www.weinfreunde-vom-hellweg.de\/alex\/wordpress\/index.php?rest_route=\/wp\/v2\/pages"}],"about":[{"href":"https:\/\/www.weinfreunde-vom-hellweg.de\/alex\/wordpress\/index.php?rest_route=\/wp\/v2\/types\/page"}],"author":[{"embeddable":true,"href":"https:\/\/www.weinfreunde-vom-hellweg.de\/alex\/wordpress\/index.php?rest_route=\/wp\/v2\/users\/14"}],"replies":[{"embeddable":true,"href":"https:\/\/www.weinfreunde-vom-hellweg.de\/alex\/wordpress\/index.php?rest_route=%2Fwp%2Fv2%2Fcomments&post=5083"}],"version-history":[{"count":2,"href":"https:\/\/www.weinfreunde-vom-hellweg.de\/alex\/wordpress\/index.php?rest_route=\/wp\/v2\/pages\/5083\/revisions"}],"predecessor-version":[{"id":5087,"href":"https:\/\/www.weinfreunde-vom-hellweg.de\/alex\/wordpress\/index.php?rest_route=\/wp\/v2\/pages\/5083\/revisions\/5087"}],"up":[{"embeddable":true,"href":"https:\/\/www.weinfreunde-vom-hellweg.de\/alex\/wordpress\/index.php?rest_route=\/wp\/v2\/pages\/5029"}],"wp:attachment":[{"href":"https:\/\/www.weinfreunde-vom-hellweg.de\/alex\/wordpress\/index.php?rest_route=%2Fwp%2Fv2%2Fmedia&parent=5083"}],"curies":[{"name":"wp","href":"https:\/\/api.w.org\/{rel}","templated":true}]}}