{"id":5100,"date":"2025-01-01T17:18:26","date_gmt":"2025-01-01T16:18:26","guid":{"rendered":"https:\/\/www.weinfreunde-vom-hellweg.de\/alex\/wordpress\/?page_id=5100"},"modified":"2025-01-01T17:22:03","modified_gmt":"2025-01-01T16:22:03","slug":"autochthone-schaetze-und-reiseerinnerungen-aus-sizilien","status":"publish","type":"page","link":"https:\/\/www.weinfreunde-vom-hellweg.de\/alex\/wordpress\/?page_id=5100","title":{"rendered":"Autochthone Sch\u00e4tze und Reiseerinnerungen aus Sizilien"},"content":{"rendered":"\n<p>Donnerstag, 18.02.2016, 19:30 Uhr im Atelier der Lindenbrauerei Unna<\/p>\n\n\n\n<p>Sizilien bildet zusammen mit seinen kleinen Nebeninseln eine der autonomen Regionen Italiens und hat immerhin ca. 5 Millionen Einwohner. Trotz der \u00e4u\u00dferst wechselvollen Geschichte mit den unterschiedlichsten herrschenden V\u00f6lkern stellt der Weinbau seit weit mehr als 3.000 Jahren (also sogar in der Zeit vor dem griechischen Einfluss) eine kontinuierliche und wichtige Gr\u00f6\u00dfe dar. Somit z\u00e4hlt Sizilien zu den \u00e4ltesten Weinbauregionen Europas.<br>Nach einem etwa ein Jahrhundert dauernden H\u00f6henflug seit Anfang des 19. Jahrhunderts, bedingt durch den riesigen Erfolg des Marsala-Weins, geriet der Weinbau lange Zeit in eine gro\u00dfe Krise. Es wurden fast nur noch preiswerte Fassweine zur weiteren Verarbeitung produziert. Im Gegensatz zur Entwicklung in anderen aufstrebenden Weinbaugebieten Europas waren es dann vor einigen Jahrzehnten gerade die gro\u00dfen Produzenten des Landes, die die Qualit\u00e4t und das Potenzial der Region neu entdeckten und mit Stolz wieder Weine aus Sizilien erzeugten, die auch international Aufsehen erregten.<br>Aktuell ist die Rebfl\u00e4che Siziliens deutlich gr\u00f6\u00dfer als die in Deutschland, und es werden erstaunlicherweise auf rund 2\/3 dieses Areals Wei\u00dfweine angebaut, wovon der Gro\u00dfteil aus autochthonen, teilweise sehr alten Rebsorten besteht.<br>Mit unserem Weinfreund Helmut Eichhorst haben wir gl\u00fccklicherweise einen Kenner dieser sch\u00f6nen Insel, der uns seine Reiseerinnerungen schildern und mit eindrucksvollen Bildern untermalen wird. Dazu werden wir mit Unterst\u00fctzung von Ralph Tegethoff typische Wei\u00df- und Rotweine aller Qualit\u00e4tsstufen kennenlernen und einen Querschnitt der autochthonen Vielfalt dieser aufstrebenden europ\u00e4ischen Weinregion aufzeigen.<\/p>\n\n\n\n<p><a href=\"https:\/\/www.weinfreunde-vom-hellweg.de\/alex\/wordpress\/wp-content\/uploads\/2016-02-18-Weinliste-Sizilien.pdf\" target=\"_blank\" rel=\"noreferrer noopener\">Weinliste<\/a> (PDF)<\/p>\n\n\n\n<p><a href=\"https:\/\/www.weinfreunde-vom-hellweg.de\/alex\/wordpress\/wp-content\/uploads\/2016-02-18-Weinbewertung-Sizilien.pdf\" target=\"_blank\" rel=\"noreferrer noopener\">Weinbewertung<\/a> (PDF)<\/p>\n","protected":false},"excerpt":{"rendered":"<p>Donnerstag, 18.02.2016, 19:30 Uhr im Atelier der Lindenbrauerei Unna Sizilien bildet zusammen mit seinen kleinen Nebeninseln eine der autonomen Regionen Italiens und hat immerhin ca. 5 Millionen Einwohner. Trotz der \u00e4u\u00dferst wechselvollen Geschichte mit den unterschiedlichsten herrschenden V\u00f6lkern stellt der &hellip; <a href=\"https:\/\/www.weinfreunde-vom-hellweg.de\/alex\/wordpress\/?page_id=5100\">Weiterlesen <span class=\"meta-nav\">&rarr;<\/span><\/a><\/p>\n","protected":false},"author":14,"featured_media":0,"parent":5037,"menu_order":10,"comment_status":"closed","ping_status":"closed","template":"","meta":{"ngg_post_thumbnail":0,"footnotes":""},"class_list":["post-5100","page","type-page","status-publish","hentry"],"_links":{"self":[{"href":"https:\/\/www.weinfreunde-vom-hellweg.de\/alex\/wordpress\/index.php?rest_route=\/wp\/v2\/pages\/5100","targetHints":{"allow":["GET"]}}],"collection":[{"href":"https:\/\/www.weinfreunde-vom-hellweg.de\/alex\/wordpress\/index.php?rest_route=\/wp\/v2\/pages"}],"about":[{"href":"https:\/\/www.weinfreunde-vom-hellweg.de\/alex\/wordpress\/index.php?rest_route=\/wp\/v2\/types\/page"}],"author":[{"embeddable":true,"href":"https:\/\/www.weinfreunde-vom-hellweg.de\/alex\/wordpress\/index.php?rest_route=\/wp\/v2\/users\/14"}],"replies":[{"embeddable":true,"href":"https:\/\/www.weinfreunde-vom-hellweg.de\/alex\/wordpress\/index.php?rest_route=%2Fwp%2Fv2%2Fcomments&post=5100"}],"version-history":[{"count":3,"href":"https:\/\/www.weinfreunde-vom-hellweg.de\/alex\/wordpress\/index.php?rest_route=\/wp\/v2\/pages\/5100\/revisions"}],"predecessor-version":[{"id":5106,"href":"https:\/\/www.weinfreunde-vom-hellweg.de\/alex\/wordpress\/index.php?rest_route=\/wp\/v2\/pages\/5100\/revisions\/5106"}],"up":[{"embeddable":true,"href":"https:\/\/www.weinfreunde-vom-hellweg.de\/alex\/wordpress\/index.php?rest_route=\/wp\/v2\/pages\/5037"}],"wp:attachment":[{"href":"https:\/\/www.weinfreunde-vom-hellweg.de\/alex\/wordpress\/index.php?rest_route=%2Fwp%2Fv2%2Fmedia&parent=5100"}],"curies":[{"name":"wp","href":"https:\/\/api.w.org\/{rel}","templated":true}]}}