{"id":5110,"date":"2025-01-02T14:44:41","date_gmt":"2025-01-02T13:44:41","guid":{"rendered":"https:\/\/www.weinfreunde-vom-hellweg.de\/alex\/wordpress\/?page_id=5110"},"modified":"2025-01-02T14:48:15","modified_gmt":"2025-01-02T13:48:15","slug":"wein-und-krimi","status":"publish","type":"page","link":"https:\/\/www.weinfreunde-vom-hellweg.de\/alex\/wordpress\/?page_id=5110","title":{"rendered":"Wein und Krimi"},"content":{"rendered":"\n<p>Donnerstag, 17.03.2016, 19:30 Uhr im Atelier der Lindenbrauerei Unna<\/p>\n\n\n\n<p>Weinkrimis sind hochaktuell. Namhafte Krimi-Autoren wie Paul Grote, Carsten Sebastian Henn, Michael B\u00f6ckler und viele andere haben in den letzten Jahren einen regelrechten Fan-Kreis gewonnen. In den Romanen werden nicht nur hochspannende Handlungen rund um den Wein wiedergegeben, sondern oft auch viele Informationen zu Winzern, Weinen und den Anbaugebieten, in denen die jeweilige Handlung spielt, Auch kulinarische Elemente, Adressen und Rezepte werden oft mit den Handlungen verkn\u00fcpft. Michael Sacher, Mitinhaber der Buchhandlung Hornung in Unna, wird uns in einer Lesung verschiedene Weinkrimis von verschiedenen bekannten oder auch von noch nicht so bekannten Autoren n\u00e4her bringen und neueste Informationen zu aktuellen Sachb\u00fcchern zum Thema Wein geben. Das Literatur und Wein zwei besondere Verb\u00fcndete sind, werden wir im Zusammenhang zwischen den Romanausz\u00fcgen bei dem einen oder anderen Schl\u00fcckchen testen.<\/p>\n\n\n\n<p><a href=\"https:\/\/www.weinfreunde-vom-hellweg.de\/alex\/wordpress\/wp-content\/uploads\/2016-03-17-Buecherliste-Wein-und-Krimi.pdf\" target=\"_blank\" rel=\"noreferrer noopener\">B\u00fccherliste<\/a> (PDF)<\/p>\n\n\n\n<p><a href=\"https:\/\/www.weinfreunde-vom-hellweg.de\/alex\/wordpress\/wp-content\/uploads\/2016-03-17-Weinliste-Wein-und-Krimi.pdf\" target=\"_blank\" rel=\"noreferrer noopener\">Weinliste<\/a> (PDF)<\/p>\n\n\n\n<p><a href=\"https:\/\/www.weinfreunde-vom-hellweg.de\/alex\/wordpress\/wp-content\/uploads\/2016-03-17-Weinbewertung-Wein-und-Krimi.pdf\" target=\"_blank\" rel=\"noreferrer noopener\">Weinbewertung<\/a> (PDF)<\/p>\n","protected":false},"excerpt":{"rendered":"<p>Donnerstag, 17.03.2016, 19:30 Uhr im Atelier der Lindenbrauerei Unna Weinkrimis sind hochaktuell. Namhafte Krimi-Autoren wie Paul Grote, Carsten Sebastian Henn, Michael B\u00f6ckler und viele andere haben in den letzten Jahren einen regelrechten Fan-Kreis gewonnen. In den Romanen werden nicht nur &hellip; <a href=\"https:\/\/www.weinfreunde-vom-hellweg.de\/alex\/wordpress\/?page_id=5110\">Weiterlesen <span class=\"meta-nav\">&rarr;<\/span><\/a><\/p>\n","protected":false},"author":14,"featured_media":0,"parent":5037,"menu_order":30,"comment_status":"closed","ping_status":"closed","template":"","meta":{"ngg_post_thumbnail":0,"footnotes":""},"class_list":["post-5110","page","type-page","status-publish","hentry"],"_links":{"self":[{"href":"https:\/\/www.weinfreunde-vom-hellweg.de\/alex\/wordpress\/index.php?rest_route=\/wp\/v2\/pages\/5110","targetHints":{"allow":["GET"]}}],"collection":[{"href":"https:\/\/www.weinfreunde-vom-hellweg.de\/alex\/wordpress\/index.php?rest_route=\/wp\/v2\/pages"}],"about":[{"href":"https:\/\/www.weinfreunde-vom-hellweg.de\/alex\/wordpress\/index.php?rest_route=\/wp\/v2\/types\/page"}],"author":[{"embeddable":true,"href":"https:\/\/www.weinfreunde-vom-hellweg.de\/alex\/wordpress\/index.php?rest_route=\/wp\/v2\/users\/14"}],"replies":[{"embeddable":true,"href":"https:\/\/www.weinfreunde-vom-hellweg.de\/alex\/wordpress\/index.php?rest_route=%2Fwp%2Fv2%2Fcomments&post=5110"}],"version-history":[{"count":2,"href":"https:\/\/www.weinfreunde-vom-hellweg.de\/alex\/wordpress\/index.php?rest_route=\/wp\/v2\/pages\/5110\/revisions"}],"predecessor-version":[{"id":5117,"href":"https:\/\/www.weinfreunde-vom-hellweg.de\/alex\/wordpress\/index.php?rest_route=\/wp\/v2\/pages\/5110\/revisions\/5117"}],"up":[{"embeddable":true,"href":"https:\/\/www.weinfreunde-vom-hellweg.de\/alex\/wordpress\/index.php?rest_route=\/wp\/v2\/pages\/5037"}],"wp:attachment":[{"href":"https:\/\/www.weinfreunde-vom-hellweg.de\/alex\/wordpress\/index.php?rest_route=%2Fwp%2Fv2%2Fmedia&parent=5110"}],"curies":[{"name":"wp","href":"https:\/\/api.w.org\/{rel}","templated":true}]}}