{"id":5125,"date":"2025-01-02T15:56:20","date_gmt":"2025-01-02T14:56:20","guid":{"rendered":"https:\/\/www.weinfreunde-vom-hellweg.de\/alex\/wordpress\/?page_id=5125"},"modified":"2025-01-02T15:59:49","modified_gmt":"2025-01-02T14:59:49","slug":"entlang-der-donau-eineweinreise-durch-niederoesterreich","status":"publish","type":"page","link":"https:\/\/www.weinfreunde-vom-hellweg.de\/alex\/wordpress\/?page_id=5125","title":{"rendered":"Entlang der Donau \u2014 Eine Weinreise durch Nieder\u00f6sterreich"},"content":{"rendered":"\n<p>Donnerstag, 19.05.2016, 19:30 Uhr im Atelier der Lindenbrauerei Unna<\/p>\n\n\n\n<p>Die Wege entlang der Donau von Melk bis Wien f\u00fchren durch ein einzigartiges Weinland voller Gegens\u00e4tze. Reisende machen hier gern Halt und genie\u00dfen die au\u00dfergew\u00f6hnliche Mischung von Natur, Kultur und Weinen von Weltruf, Bei einem genussreichen Abend mit Spezialit\u00e4ten der Regionen Wachau, Krems und Kamptal sowie dem Weinbaugebiet Wagram stellen unsere Referenten, die Ehepaare Braier und Hasselbach, neben den typischen Weinen, wie Gr\u00fcner Veltliner, Riesling und Gelber Muskateller auch Rotweine und einen Prosecco vor. Untermalen werden sie diesen Abend mit stimmungsvollen Bildern und kleinen Geschichten, die ihr gemeinsamer Urlaub so geschrieben hat.<\/p>\n\n\n\n<p><a href=\"https:\/\/www.weinfreunde-vom-hellweg.de\/alex\/wordpress\/wp-content\/uploads\/2016-05-19-Weinliste-Weinreise-durch-Niederoesterreich.pdf\" target=\"_blank\" rel=\"noreferrer noopener\">Weinliste<\/a> (PDF)<\/p>\n","protected":false},"excerpt":{"rendered":"<p>Donnerstag, 19.05.2016, 19:30 Uhr im Atelier der Lindenbrauerei Unna Die Wege entlang der Donau von Melk bis Wien f\u00fchren durch ein einzigartiges Weinland voller Gegens\u00e4tze. Reisende machen hier gern Halt und genie\u00dfen die au\u00dfergew\u00f6hnliche Mischung von Natur, Kultur und Weinen &hellip; <a href=\"https:\/\/www.weinfreunde-vom-hellweg.de\/alex\/wordpress\/?page_id=5125\">Weiterlesen <span class=\"meta-nav\">&rarr;<\/span><\/a><\/p>\n","protected":false},"author":14,"featured_media":0,"parent":5037,"menu_order":50,"comment_status":"closed","ping_status":"closed","template":"","meta":{"ngg_post_thumbnail":0,"footnotes":""},"class_list":["post-5125","page","type-page","status-publish","hentry"],"_links":{"self":[{"href":"https:\/\/www.weinfreunde-vom-hellweg.de\/alex\/wordpress\/index.php?rest_route=\/wp\/v2\/pages\/5125","targetHints":{"allow":["GET"]}}],"collection":[{"href":"https:\/\/www.weinfreunde-vom-hellweg.de\/alex\/wordpress\/index.php?rest_route=\/wp\/v2\/pages"}],"about":[{"href":"https:\/\/www.weinfreunde-vom-hellweg.de\/alex\/wordpress\/index.php?rest_route=\/wp\/v2\/types\/page"}],"author":[{"embeddable":true,"href":"https:\/\/www.weinfreunde-vom-hellweg.de\/alex\/wordpress\/index.php?rest_route=\/wp\/v2\/users\/14"}],"replies":[{"embeddable":true,"href":"https:\/\/www.weinfreunde-vom-hellweg.de\/alex\/wordpress\/index.php?rest_route=%2Fwp%2Fv2%2Fcomments&post=5125"}],"version-history":[{"count":3,"href":"https:\/\/www.weinfreunde-vom-hellweg.de\/alex\/wordpress\/index.php?rest_route=\/wp\/v2\/pages\/5125\/revisions"}],"predecessor-version":[{"id":5130,"href":"https:\/\/www.weinfreunde-vom-hellweg.de\/alex\/wordpress\/index.php?rest_route=\/wp\/v2\/pages\/5125\/revisions\/5130"}],"up":[{"embeddable":true,"href":"https:\/\/www.weinfreunde-vom-hellweg.de\/alex\/wordpress\/index.php?rest_route=\/wp\/v2\/pages\/5037"}],"wp:attachment":[{"href":"https:\/\/www.weinfreunde-vom-hellweg.de\/alex\/wordpress\/index.php?rest_route=%2Fwp%2Fv2%2Fmedia&parent=5125"}],"curies":[{"name":"wp","href":"https:\/\/api.w.org\/{rel}","templated":true}]}}