{"id":5131,"date":"2025-01-02T16:04:13","date_gmt":"2025-01-02T15:04:13","guid":{"rendered":"https:\/\/www.weinfreunde-vom-hellweg.de\/alex\/wordpress\/?page_id=5131"},"modified":"2025-01-02T16:06:59","modified_gmt":"2025-01-02T15:06:59","slug":"sommerweine-praesentiert-von-unseren-mitgliedern","status":"publish","type":"page","link":"https:\/\/www.weinfreunde-vom-hellweg.de\/alex\/wordpress\/?page_id=5131","title":{"rendered":"Sommerweine, pr\u00e4sentiert von unseren Mitgliedern"},"content":{"rendered":"\n<p>Donnerstag, 18.08.2016, 19:30 Uhr im Atelier der Lindenbrauerei Unna<\/p>\n\n\n\n<p>Was ist ein Sommerwein und wodurch unterscheidet er sich von einem \u201enormalen\u201c Wein? Nun, zun\u00e4chst ist ein Sommerwein nichts anderes als ein klassischer Wein, der genau so hergestellt wird. Der Unterschied ist, dass er einfach besser zur warmen sommerlichen Jahreszeit und zu dem was wir dann essen passt. Wir essen im Sommer leichter z. B. mehr Salate, mehr Gem\u00fcse, mehr Fisch mehr Gefl\u00fcgel und es wird gegrillt. Dazu brauchen wir einen Wein, der leicht, frisch und fruchtig ist. Weiterhin ist es im Sommer z. B. auf der Terrasse h\u00e4ufig sehr warm, der Wein sollte dann gut gek\u00fchlt sein und wenig Alkohol besitzen, denn ein schwerer Rotwein mit hohen Alkoholwerten w\u00fcrde sehr schnell m\u00fcde machen. Ideale Sommerweine sind leichte trockene oder halbtrockene wei\u00dfe QuaIit\u00e4ts- und Kabinettweine mit einer knackigen S\u00e4ure und nat\u00fcrlich der Ros\u00e9 oder Blanc de Noir. Aber auch ein leichter Rotwein (z. B. der Trollinger) kann durchaus im Sommer seine Liebhaber finden. Gibt es nun den idealen Sommerwein? Nat\u00fcrlich nicht, denn der pers\u00f6nliche Geschmack, die klimatischen Bedingungen, aber auch die jeweilige Stimmung sind entscheidend f\u00fcr die Weinauswahl. Daher haben sich einige Mitglieder bereitgefunden, in dieser Veranstaltung ihren pers\u00f6nlichen Sommerwein-Favoriten vorzustellen. Lassen wir uns also \u00fcberraschen, welche Weine pr\u00e4sentiert werden.<\/p>\n\n\n\n<p><a href=\"https:\/\/www.weinfreunde-vom-hellweg.de\/alex\/wordpress\/wp-content\/uploads\/2016-08-18-Weinliste-Sommerweine.pdf\" target=\"_blank\" rel=\"noreferrer noopener\">Weinliste<\/a> (PDF)<\/p>\n\n\n\n<p><a href=\"https:\/\/www.weinfreunde-vom-hellweg.de\/alex\/wordpress\/wp-content\/uploads\/2016-08-18-Weinbewertung-Sommerweine.pdf\" target=\"_blank\" rel=\"noreferrer noopener\">Weinbewertung<\/a> (PDF)<\/p>\n","protected":false},"excerpt":{"rendered":"<p>Donnerstag, 18.08.2016, 19:30 Uhr im Atelier der Lindenbrauerei Unna Was ist ein Sommerwein und wodurch unterscheidet er sich von einem \u201enormalen\u201c Wein? Nun, zun\u00e4chst ist ein Sommerwein nichts anderes als ein klassischer Wein, der genau so hergestellt wird. Der Unterschied &hellip; <a href=\"https:\/\/www.weinfreunde-vom-hellweg.de\/alex\/wordpress\/?page_id=5131\">Weiterlesen <span class=\"meta-nav\">&rarr;<\/span><\/a><\/p>\n","protected":false},"author":14,"featured_media":0,"parent":5037,"menu_order":60,"comment_status":"closed","ping_status":"closed","template":"","meta":{"ngg_post_thumbnail":0,"footnotes":""},"class_list":["post-5131","page","type-page","status-publish","hentry"],"_links":{"self":[{"href":"https:\/\/www.weinfreunde-vom-hellweg.de\/alex\/wordpress\/index.php?rest_route=\/wp\/v2\/pages\/5131","targetHints":{"allow":["GET"]}}],"collection":[{"href":"https:\/\/www.weinfreunde-vom-hellweg.de\/alex\/wordpress\/index.php?rest_route=\/wp\/v2\/pages"}],"about":[{"href":"https:\/\/www.weinfreunde-vom-hellweg.de\/alex\/wordpress\/index.php?rest_route=\/wp\/v2\/types\/page"}],"author":[{"embeddable":true,"href":"https:\/\/www.weinfreunde-vom-hellweg.de\/alex\/wordpress\/index.php?rest_route=\/wp\/v2\/users\/14"}],"replies":[{"embeddable":true,"href":"https:\/\/www.weinfreunde-vom-hellweg.de\/alex\/wordpress\/index.php?rest_route=%2Fwp%2Fv2%2Fcomments&post=5131"}],"version-history":[{"count":2,"href":"https:\/\/www.weinfreunde-vom-hellweg.de\/alex\/wordpress\/index.php?rest_route=\/wp\/v2\/pages\/5131\/revisions"}],"predecessor-version":[{"id":5136,"href":"https:\/\/www.weinfreunde-vom-hellweg.de\/alex\/wordpress\/index.php?rest_route=\/wp\/v2\/pages\/5131\/revisions\/5136"}],"up":[{"embeddable":true,"href":"https:\/\/www.weinfreunde-vom-hellweg.de\/alex\/wordpress\/index.php?rest_route=\/wp\/v2\/pages\/5037"}],"wp:attachment":[{"href":"https:\/\/www.weinfreunde-vom-hellweg.de\/alex\/wordpress\/index.php?rest_route=%2Fwp%2Fv2%2Fmedia&parent=5131"}],"curies":[{"name":"wp","href":"https:\/\/api.w.org\/{rel}","templated":true}]}}