{"id":5137,"date":"2025-01-02T16:10:56","date_gmt":"2025-01-02T15:10:56","guid":{"rendered":"https:\/\/www.weinfreunde-vom-hellweg.de\/alex\/wordpress\/?page_id=5137"},"modified":"2025-01-02T16:12:34","modified_gmt":"2025-01-02T15:12:34","slug":"ueberraschungen-mit-schwarzen-glaesern","status":"publish","type":"page","link":"https:\/\/www.weinfreunde-vom-hellweg.de\/alex\/wordpress\/?page_id=5137","title":{"rendered":"\u00dcberraschungen mit schwarzen Gl\u00e4sern"},"content":{"rendered":"\n<p>Donnerstag, 15.09.2016, 19:30 Uhr im Atelier der Lindenbrauerei Unna<\/p>\n\n\n\n<p>Unser Weingeschmack wird im Wesentlichen durch Aromen bestimmt. W\u00e4h rend unsere Zunge nur die f\u00fcnf Geschmacksrichtungen s\u00fc\u00df, salzig sauer bitter und umami (fern\u00f6stlich-w\u00fcrzig) wahrnehmen kann, sind wir in der Lage zwischen 1000 und 10.000 verschiedene Aromen wahrzunehmen. Diese Wahrnehmung erfolgt nicht nur durch das Riechen im Weinglas, sondern unbewusst auch beim Schmecken retronasal durch die Verbindung zwischen dem Rachenraum der die Nasenh\u00f6hle.<br>Aber wie steht es nun mit dem Sehen? Bei der Weinbeurteilung spielt auch das Auge eine wichtige Rolle. Wir betrachten im Glas Farbe des Weines, beurteilen die Klarheit und Brillanz, die Dichte (Schlieren am Glas) und sehen eventuelle CO,-Bestandteile. Aber was ist, wenn wir die Farbe des Weines nicht sehen k\u00f6nnen? Nun etwas \u00dcberraschendes, denn das Auge trinkt gewisserma\u00dfen mit. Die Farbgebung hat, wie wir in anderen Weinproben eindrucksvoll festgestellt haben, nicht nur einen eindeutigen Einfluss auf den Weingeschmack, sondern durch die Wahrnehmung der Weinfarbe wissen wir auch schon etwas \u00fcber seinen Geschmack. Unser Ged\u00e4chtnis packt gewisserma\u00dfen Rot- Rose- und Wei\u00dfweine in bestimmte geschmackliche Erfahrungsraster. Fehlt nun die Wahrnehmung der Farbe, so werden vor allem nicht trainierten Weintrinkern, aber auch bei Experten, die Geschmacks und Geruchsorgane get\u00e4uscht. Man verwechselt z. B. Rot- und Wei\u00dfwein.<br>Inwieweit sich unsere Sinne t\u00e4uschen lassen, das wollen wir an diesem Abend in einigen Probendurchl\u00e4ufen mit klaren und schwarzen Gl\u00e4sern testen. Viel Vergn\u00fcgen!<\/p>\n\n\n\n<p><a href=\"https:\/\/www.weinfreunde-vom-hellweg.de\/alex\/wordpress\/wp-content\/uploads\/2016-09-15-Weinliste-Ueberraschung-aus-schwarzen-Glaesern.pdf\" target=\"_blank\" rel=\"noreferrer noopener\">Weinliste<\/a> (PDF)<\/p>\n","protected":false},"excerpt":{"rendered":"<p>Donnerstag, 15.09.2016, 19:30 Uhr im Atelier der Lindenbrauerei Unna Unser Weingeschmack wird im Wesentlichen durch Aromen bestimmt. W\u00e4h rend unsere Zunge nur die f\u00fcnf Geschmacksrichtungen s\u00fc\u00df, salzig sauer bitter und umami (fern\u00f6stlich-w\u00fcrzig) wahrnehmen kann, sind wir in der Lage zwischen &hellip; <a href=\"https:\/\/www.weinfreunde-vom-hellweg.de\/alex\/wordpress\/?page_id=5137\">Weiterlesen <span class=\"meta-nav\">&rarr;<\/span><\/a><\/p>\n","protected":false},"author":14,"featured_media":0,"parent":5037,"menu_order":70,"comment_status":"closed","ping_status":"closed","template":"","meta":{"ngg_post_thumbnail":0,"footnotes":""},"class_list":["post-5137","page","type-page","status-publish","hentry"],"_links":{"self":[{"href":"https:\/\/www.weinfreunde-vom-hellweg.de\/alex\/wordpress\/index.php?rest_route=\/wp\/v2\/pages\/5137","targetHints":{"allow":["GET"]}}],"collection":[{"href":"https:\/\/www.weinfreunde-vom-hellweg.de\/alex\/wordpress\/index.php?rest_route=\/wp\/v2\/pages"}],"about":[{"href":"https:\/\/www.weinfreunde-vom-hellweg.de\/alex\/wordpress\/index.php?rest_route=\/wp\/v2\/types\/page"}],"author":[{"embeddable":true,"href":"https:\/\/www.weinfreunde-vom-hellweg.de\/alex\/wordpress\/index.php?rest_route=\/wp\/v2\/users\/14"}],"replies":[{"embeddable":true,"href":"https:\/\/www.weinfreunde-vom-hellweg.de\/alex\/wordpress\/index.php?rest_route=%2Fwp%2Fv2%2Fcomments&post=5137"}],"version-history":[{"count":2,"href":"https:\/\/www.weinfreunde-vom-hellweg.de\/alex\/wordpress\/index.php?rest_route=\/wp\/v2\/pages\/5137\/revisions"}],"predecessor-version":[{"id":5141,"href":"https:\/\/www.weinfreunde-vom-hellweg.de\/alex\/wordpress\/index.php?rest_route=\/wp\/v2\/pages\/5137\/revisions\/5141"}],"up":[{"embeddable":true,"href":"https:\/\/www.weinfreunde-vom-hellweg.de\/alex\/wordpress\/index.php?rest_route=\/wp\/v2\/pages\/5037"}],"wp:attachment":[{"href":"https:\/\/www.weinfreunde-vom-hellweg.de\/alex\/wordpress\/index.php?rest_route=%2Fwp%2Fv2%2Fmedia&parent=5137"}],"curies":[{"name":"wp","href":"https:\/\/api.w.org\/{rel}","templated":true}]}}