{"id":5142,"date":"2025-01-02T16:16:33","date_gmt":"2025-01-02T15:16:33","guid":{"rendered":"https:\/\/www.weinfreunde-vom-hellweg.de\/alex\/wordpress\/?page_id=5142"},"modified":"2025-01-02T16:16:33","modified_gmt":"2025-01-02T15:16:33","slug":"erlesene-weine-aus-magnumflaschen","status":"publish","type":"page","link":"https:\/\/www.weinfreunde-vom-hellweg.de\/alex\/wordpress\/?page_id=5142","title":{"rendered":"Erlesene Weine aus Magnumflaschen"},"content":{"rendered":"\n<p>Donnerstag, 20.10.2016, 19:30 Uhr im Atelier der Lindenbrauerei Unna<\/p>\n\n\n\n<p>Zus\u00e4tzlich zu der Weinreise bieten wir im Oktober eine weitere Veranstaltung an, die sich mit dem Thema Magnumflaschen besch\u00e4ftigt. Magnumflaschen, mit dem doppelten Inhalt einer normalen Weinflasche sind, obwohl teurer, nicht nur als repr\u00e4sentatives Geschenk, sondern auch bei Weinsammlern beliebt. Magnumflaschen haben aber auch andere Vorteile: der Wein reift harmonischer und langsamer gegen\u00fcber der Normalflasche und ist durch die Flaschengr\u00f6\u00dfe und der Glasdicke weniger sensibel gegen\u00fcber pl\u00f6tzlichen Temperaturschwankungen. Wegen des verh\u00e4ltnism\u00e4\u00dfig geringeren Sauerstoffgehaltes und des kleineren Korkkontaktes oxidiert der Wein auch langsamer. Gerade die lange Lagerung von hochwertigen Weinen wird somit durch Magnumflaschen beg\u00fcnstigt, ein Grund, dass Winzer oftmals ihre hochwertigsten Weine in Magnumflaschen abf\u00fcllen.<br>Unser Weinfreund und stellvertretender Vorsitzender Dr. Ralph Tegethoff wird uns durch eine Weinprobe mit ganz unterschiedlichen Weinen, nicht nur aus Bordeaux und Burgund, die alle in Magnumflaschen abgef\u00fcllt sind, f\u00fchren.<\/p>\n","protected":false},"excerpt":{"rendered":"<p>Donnerstag, 20.10.2016, 19:30 Uhr im Atelier der Lindenbrauerei Unna Zus\u00e4tzlich zu der Weinreise bieten wir im Oktober eine weitere Veranstaltung an, die sich mit dem Thema Magnumflaschen besch\u00e4ftigt. Magnumflaschen, mit dem doppelten Inhalt einer normalen Weinflasche sind, obwohl teurer, nicht &hellip; <a href=\"https:\/\/www.weinfreunde-vom-hellweg.de\/alex\/wordpress\/?page_id=5142\">Weiterlesen <span class=\"meta-nav\">&rarr;<\/span><\/a><\/p>\n","protected":false},"author":14,"featured_media":0,"parent":5037,"menu_order":90,"comment_status":"closed","ping_status":"closed","template":"","meta":{"ngg_post_thumbnail":0,"footnotes":""},"class_list":["post-5142","page","type-page","status-publish","hentry"],"_links":{"self":[{"href":"https:\/\/www.weinfreunde-vom-hellweg.de\/alex\/wordpress\/index.php?rest_route=\/wp\/v2\/pages\/5142","targetHints":{"allow":["GET"]}}],"collection":[{"href":"https:\/\/www.weinfreunde-vom-hellweg.de\/alex\/wordpress\/index.php?rest_route=\/wp\/v2\/pages"}],"about":[{"href":"https:\/\/www.weinfreunde-vom-hellweg.de\/alex\/wordpress\/index.php?rest_route=\/wp\/v2\/types\/page"}],"author":[{"embeddable":true,"href":"https:\/\/www.weinfreunde-vom-hellweg.de\/alex\/wordpress\/index.php?rest_route=\/wp\/v2\/users\/14"}],"replies":[{"embeddable":true,"href":"https:\/\/www.weinfreunde-vom-hellweg.de\/alex\/wordpress\/index.php?rest_route=%2Fwp%2Fv2%2Fcomments&post=5142"}],"version-history":[{"count":1,"href":"https:\/\/www.weinfreunde-vom-hellweg.de\/alex\/wordpress\/index.php?rest_route=\/wp\/v2\/pages\/5142\/revisions"}],"predecessor-version":[{"id":5143,"href":"https:\/\/www.weinfreunde-vom-hellweg.de\/alex\/wordpress\/index.php?rest_route=\/wp\/v2\/pages\/5142\/revisions\/5143"}],"up":[{"embeddable":true,"href":"https:\/\/www.weinfreunde-vom-hellweg.de\/alex\/wordpress\/index.php?rest_route=\/wp\/v2\/pages\/5037"}],"wp:attachment":[{"href":"https:\/\/www.weinfreunde-vom-hellweg.de\/alex\/wordpress\/index.php?rest_route=%2Fwp%2Fv2%2Fmedia&parent=5142"}],"curies":[{"name":"wp","href":"https:\/\/api.w.org\/{rel}","templated":true}]}}