{"id":5150,"date":"2025-01-02T20:58:08","date_gmt":"2025-01-02T19:58:08","guid":{"rendered":"https:\/\/www.weinfreunde-vom-hellweg.de\/alex\/wordpress\/?page_id=5150"},"modified":"2025-01-02T21:00:28","modified_gmt":"2025-01-02T20:00:28","slug":"riesling-weltweitwertvollste-weissweintraube","status":"publish","type":"page","link":"https:\/\/www.weinfreunde-vom-hellweg.de\/alex\/wordpress\/?page_id=5150","title":{"rendered":"Riesling \u2013 weltweitwertvollste Wei\u00dfweintraube"},"content":{"rendered":"\n<p>Donnerstag, 04.08.2011, 19:30 Uhr im Kunstverein Unna<\/p>\n\n\n\n<p>Riesling wird weltweit als ein exquisiter, erlesener und gehaltvoller Wein gepriesen. In Deutschland z\u00e4hlen besonders die Anbaugebiete Mosel, Mittelrhein und der Rheingau zu den urspr\u00fcnglichen und typischen Regionen dieser einmaligen Rebsorte.<br>Um mehr \u00fcber die Terroirs zu erfahren und den besonderen Charakter der Weine aus diesen hervorragenden Rieslingstandorten noch besser kennen zu lernen, widmen wir der \u201eK\u00f6nigin der Rebsorten\u201c diesen Weinabend.<br>Moderation: Peter Schampera, Detlef Krischek<\/p>\n\n\n\n<p><a href=\"https:\/\/www.weinfreunde-vom-hellweg.de\/alex\/wordpress\/wp-content\/uploads\/2011-08-04-Weinliste-Riesling.pdf\" target=\"_blank\" rel=\"noreferrer noopener\">Weinliste<\/a> (PDF)<\/p>\n\n\n\n<p><a href=\"https:\/\/www.weinfreunde-vom-hellweg.de\/alex\/wordpress\/wp-content\/uploads\/2011-08-04-Weinbewertung-Riesling.pdf\" target=\"_blank\" rel=\"noreferrer noopener\">Weinbewertung<\/a> (PDF)<\/p>\n","protected":false},"excerpt":{"rendered":"<p>Donnerstag, 04.08.2011, 19:30 Uhr im Kunstverein Unna Riesling wird weltweit als ein exquisiter, erlesener und gehaltvoller Wein gepriesen. In Deutschland z\u00e4hlen besonders die Anbaugebiete Mosel, Mittelrhein und der Rheingau zu den urspr\u00fcnglichen und typischen Regionen dieser einmaligen Rebsorte.Um mehr \u00fcber &hellip; <a href=\"https:\/\/www.weinfreunde-vom-hellweg.de\/alex\/wordpress\/?page_id=5150\">Weiterlesen <span class=\"meta-nav\">&rarr;<\/span><\/a><\/p>\n","protected":false},"author":14,"featured_media":0,"parent":3230,"menu_order":60,"comment_status":"closed","ping_status":"closed","template":"","meta":{"ngg_post_thumbnail":0,"footnotes":""},"class_list":["post-5150","page","type-page","status-publish","hentry"],"_links":{"self":[{"href":"https:\/\/www.weinfreunde-vom-hellweg.de\/alex\/wordpress\/index.php?rest_route=\/wp\/v2\/pages\/5150","targetHints":{"allow":["GET"]}}],"collection":[{"href":"https:\/\/www.weinfreunde-vom-hellweg.de\/alex\/wordpress\/index.php?rest_route=\/wp\/v2\/pages"}],"about":[{"href":"https:\/\/www.weinfreunde-vom-hellweg.de\/alex\/wordpress\/index.php?rest_route=\/wp\/v2\/types\/page"}],"author":[{"embeddable":true,"href":"https:\/\/www.weinfreunde-vom-hellweg.de\/alex\/wordpress\/index.php?rest_route=\/wp\/v2\/users\/14"}],"replies":[{"embeddable":true,"href":"https:\/\/www.weinfreunde-vom-hellweg.de\/alex\/wordpress\/index.php?rest_route=%2Fwp%2Fv2%2Fcomments&post=5150"}],"version-history":[{"count":2,"href":"https:\/\/www.weinfreunde-vom-hellweg.de\/alex\/wordpress\/index.php?rest_route=\/wp\/v2\/pages\/5150\/revisions"}],"predecessor-version":[{"id":5155,"href":"https:\/\/www.weinfreunde-vom-hellweg.de\/alex\/wordpress\/index.php?rest_route=\/wp\/v2\/pages\/5150\/revisions\/5155"}],"up":[{"embeddable":true,"href":"https:\/\/www.weinfreunde-vom-hellweg.de\/alex\/wordpress\/index.php?rest_route=\/wp\/v2\/pages\/3230"}],"wp:attachment":[{"href":"https:\/\/www.weinfreunde-vom-hellweg.de\/alex\/wordpress\/index.php?rest_route=%2Fwp%2Fv2%2Fmedia&parent=5150"}],"curies":[{"name":"wp","href":"https:\/\/api.w.org\/{rel}","templated":true}]}}