{"id":5160,"date":"2025-01-02T21:15:44","date_gmt":"2025-01-02T20:15:44","guid":{"rendered":"https:\/\/www.weinfreunde-vom-hellweg.de\/alex\/wordpress\/?page_id=5160"},"modified":"2025-01-02T21:19:59","modified_gmt":"2025-01-02T20:19:59","slug":"kaesespezialitaeten-und-wein","status":"publish","type":"page","link":"https:\/\/www.weinfreunde-vom-hellweg.de\/alex\/wordpress\/?page_id=5160","title":{"rendered":"K\u00e4sespezialit\u00e4ten und Wein"},"content":{"rendered":"\n<p>Donnerstag, 10.11.2011, 19:30 Uhr im Kunstverein Unna<\/p>\n\n\n\n<p>K\u00e4se und Wein geh\u00f6ren zu den \u00e4ltesten Lebensmitteln der Welt! Beide Naturprodukte haben sich aber in den vergangenen Jahrtausenden vielfach ver\u00e4ndert. Sie spielen heute bei der modernen Ern\u00e4hrung eine wichtige Rolle. Dabei haben sowohl der K\u00e4se als auch der Wein eine Wandlung vom Lebensmittel zum Genussmittel erfahren. Deshalb sollen alle Genie\u00dfer und die es werden wollen wieder einmal Gelegenheit bekommen, diese sich vortrefflich erg\u00e4nzenden Partner in einer umfangreichen Probe zu verkosten.<br>Moderation: Reiner Sch\u00e4fer und Anette Wellie.<\/p>\n\n\n\n<p><a href=\"https:\/\/www.weinfreunde-vom-hellweg.de\/alex\/wordpress\/wp-content\/uploads\/2011-11-10-Weinliste-Kaese-und-Wein.pdf\" target=\"_blank\" rel=\"noreferrer noopener\">Weinliste<\/a> (PDF)<\/p>\n\n\n\n<p><a href=\"https:\/\/www.weinfreunde-vom-hellweg.de\/alex\/wordpress\/wp-content\/uploads\/2011-11-10-Weinbewertung-Wein-und-Kaese.pdf\" target=\"_blank\" rel=\"noreferrer noopener\">Weinbewertung<\/a> (PDF)<\/p>\n","protected":false},"excerpt":{"rendered":"<p>Donnerstag, 10.11.2011, 19:30 Uhr im Kunstverein Unna K\u00e4se und Wein geh\u00f6ren zu den \u00e4ltesten Lebensmitteln der Welt! Beide Naturprodukte haben sich aber in den vergangenen Jahrtausenden vielfach ver\u00e4ndert. Sie spielen heute bei der modernen Ern\u00e4hrung eine wichtige Rolle. Dabei haben &hellip; <a href=\"https:\/\/www.weinfreunde-vom-hellweg.de\/alex\/wordpress\/?page_id=5160\">Weiterlesen <span class=\"meta-nav\">&rarr;<\/span><\/a><\/p>\n","protected":false},"author":14,"featured_media":0,"parent":3230,"menu_order":90,"comment_status":"closed","ping_status":"closed","template":"","meta":{"ngg_post_thumbnail":0,"footnotes":""},"class_list":["post-5160","page","type-page","status-publish","hentry"],"_links":{"self":[{"href":"https:\/\/www.weinfreunde-vom-hellweg.de\/alex\/wordpress\/index.php?rest_route=\/wp\/v2\/pages\/5160","targetHints":{"allow":["GET"]}}],"collection":[{"href":"https:\/\/www.weinfreunde-vom-hellweg.de\/alex\/wordpress\/index.php?rest_route=\/wp\/v2\/pages"}],"about":[{"href":"https:\/\/www.weinfreunde-vom-hellweg.de\/alex\/wordpress\/index.php?rest_route=\/wp\/v2\/types\/page"}],"author":[{"embeddable":true,"href":"https:\/\/www.weinfreunde-vom-hellweg.de\/alex\/wordpress\/index.php?rest_route=\/wp\/v2\/users\/14"}],"replies":[{"embeddable":true,"href":"https:\/\/www.weinfreunde-vom-hellweg.de\/alex\/wordpress\/index.php?rest_route=%2Fwp%2Fv2%2Fcomments&post=5160"}],"version-history":[{"count":2,"href":"https:\/\/www.weinfreunde-vom-hellweg.de\/alex\/wordpress\/index.php?rest_route=\/wp\/v2\/pages\/5160\/revisions"}],"predecessor-version":[{"id":5165,"href":"https:\/\/www.weinfreunde-vom-hellweg.de\/alex\/wordpress\/index.php?rest_route=\/wp\/v2\/pages\/5160\/revisions\/5165"}],"up":[{"embeddable":true,"href":"https:\/\/www.weinfreunde-vom-hellweg.de\/alex\/wordpress\/index.php?rest_route=\/wp\/v2\/pages\/3230"}],"wp:attachment":[{"href":"https:\/\/www.weinfreunde-vom-hellweg.de\/alex\/wordpress\/index.php?rest_route=%2Fwp%2Fv2%2Fmedia&parent=5160"}],"curies":[{"name":"wp","href":"https:\/\/api.w.org\/{rel}","templated":true}]}}