{"id":5209,"date":"2025-01-03T18:24:23","date_gmt":"2025-01-03T17:24:23","guid":{"rendered":"https:\/\/www.weinfreunde-vom-hellweg.de\/alex\/wordpress\/?page_id=5209"},"modified":"2025-01-03T18:27:19","modified_gmt":"2025-01-03T17:27:19","slug":"weinraritaeten","status":"publish","type":"page","link":"https:\/\/www.weinfreunde-vom-hellweg.de\/alex\/wordpress\/?page_id=5209","title":{"rendered":"Weinrarit\u00e4ten"},"content":{"rendered":"\n<p>Dienstag, 20.10.2015 im Stadtfenster Unna<\/p>\n\n\n\n<p>Unsere Weinfreunde Maria und Gerhard Balster hatten im Rahmen eines Stammtisches zu einer au\u00dfergew\u00f6hnlichen Weinprobe in den R\u00e4umen des Stadtfensters eingeladen.<br>Unter der fachkundigen Moderation von Peter Schampera konnten 33 Weinfreundinnen und Weinfreunde miterleben und genie\u00dfen, welche Potentiale gereifte Weinrarit\u00e4ten haben k\u00f6nnen.<br>In der Probe von 30 gereiften Wei\u00df- und Rotweinen gab es nur einen Totalausfall (1976er Iph\u00f6fer Julius Echterberg Scheurebe Sp\u00e4tlese) und 4 Weine in zweifelhaftem Zustand. Alle anderen Weine, von denen der \u00e4lteste 67 Jahre alt war (1948 Beaujolais Vieux Gamay AOC) waren in befriedigender, zum Teil auch noch in ausgezeichneten Verfassung.<br>Es war schon ein Erlebnis, Sekund\u00e4raromen genie\u00dfen zu k\u00f6nnen, die in jungen Weinen nicht oder nur sehr verhalten vorkommen und zu beobachten, wie sich die Weine unter Sauerstoffeinfluss \u00fcberwiegend zum Positiven ver\u00e4ndert haben. Auch Wei\u00dfweine, denen man es nicht zugetraut hatte, stellten sich, wenn sie urspr\u00fcnglich mit einer stabilen S\u00e4urestruktur ausgestattet waren, in einem erstaunlich guten Zustand dar, obwohl sie schon mehrere Jahrzehnte alt waren.<br>Besonders zu erw\u00e4hnen ist der Genuss der 16 bzw. 27 Jahre alten Gand Crue Bordeaux, die perfekt Ihre H\u00f6hepunkte dargestellt haben. Weiterer Genussh\u00f6hepunkte waren die 1976er Eitelsbacher Marienholz Riesling Beerenauslese sowie ein \u00fcber mehrere Jahrzehnte gereifter Sauternes.<br>Wir bedanken uns ganz herzlich bei unseren Gastgebern, die den Kostenbeitrag zu diesem Abend und die Erl\u00f6se aus dem Verkauf von gereiften Weinen unserer Vereinskasse gespendet haben.<\/p>\n","protected":false},"excerpt":{"rendered":"<p>Dienstag, 20.10.2015 im Stadtfenster Unna Unsere Weinfreunde Maria und Gerhard Balster hatten im Rahmen eines Stammtisches zu einer au\u00dfergew\u00f6hnlichen Weinprobe in den R\u00e4umen des Stadtfensters eingeladen.Unter der fachkundigen Moderation von Peter Schampera konnten 33 Weinfreundinnen und Weinfreunde miterleben und genie\u00dfen, &hellip; <a href=\"https:\/\/www.weinfreunde-vom-hellweg.de\/alex\/wordpress\/?page_id=5209\">Weiterlesen <span class=\"meta-nav\">&rarr;<\/span><\/a><\/p>\n","protected":false},"author":14,"featured_media":0,"parent":5029,"menu_order":85,"comment_status":"closed","ping_status":"closed","template":"","meta":{"ngg_post_thumbnail":0,"footnotes":""},"class_list":["post-5209","page","type-page","status-publish","hentry"],"_links":{"self":[{"href":"https:\/\/www.weinfreunde-vom-hellweg.de\/alex\/wordpress\/index.php?rest_route=\/wp\/v2\/pages\/5209","targetHints":{"allow":["GET"]}}],"collection":[{"href":"https:\/\/www.weinfreunde-vom-hellweg.de\/alex\/wordpress\/index.php?rest_route=\/wp\/v2\/pages"}],"about":[{"href":"https:\/\/www.weinfreunde-vom-hellweg.de\/alex\/wordpress\/index.php?rest_route=\/wp\/v2\/types\/page"}],"author":[{"embeddable":true,"href":"https:\/\/www.weinfreunde-vom-hellweg.de\/alex\/wordpress\/index.php?rest_route=\/wp\/v2\/users\/14"}],"replies":[{"embeddable":true,"href":"https:\/\/www.weinfreunde-vom-hellweg.de\/alex\/wordpress\/index.php?rest_route=%2Fwp%2Fv2%2Fcomments&post=5209"}],"version-history":[{"count":2,"href":"https:\/\/www.weinfreunde-vom-hellweg.de\/alex\/wordpress\/index.php?rest_route=\/wp\/v2\/pages\/5209\/revisions"}],"predecessor-version":[{"id":5213,"href":"https:\/\/www.weinfreunde-vom-hellweg.de\/alex\/wordpress\/index.php?rest_route=\/wp\/v2\/pages\/5209\/revisions\/5213"}],"up":[{"embeddable":true,"href":"https:\/\/www.weinfreunde-vom-hellweg.de\/alex\/wordpress\/index.php?rest_route=\/wp\/v2\/pages\/5029"}],"wp:attachment":[{"href":"https:\/\/www.weinfreunde-vom-hellweg.de\/alex\/wordpress\/index.php?rest_route=%2Fwp%2Fv2%2Fmedia&parent=5209"}],"curies":[{"name":"wp","href":"https:\/\/api.w.org\/{rel}","templated":true}]}}