{"id":5345,"date":"2025-01-14T10:51:50","date_gmt":"2025-01-14T09:51:50","guid":{"rendered":"https:\/\/www.weinfreunde-vom-hellweg.de\/alex\/wordpress\/?page_id=5345"},"modified":"2025-03-07T11:12:05","modified_gmt":"2025-03-07T10:12:05","slug":"une-soiree-francaise-vins-et-chansons","status":"publish","type":"page","link":"https:\/\/www.weinfreunde-vom-hellweg.de\/alex\/wordpress\/?page_id=5345","title":{"rendered":"Une Soir\u00e9e Fran\u00e7aise -Vins et Chansons"},"content":{"rendered":"\n<p>Donnerstag, 27.02.2025, 19 Uhr im Atelier der Lindenbrauerei Unna<\/p>\n\n\n\n<figure class=\"wp-block-table\"><table class=\"has-fixed-layout\"><tbody><tr><td><img loading=\"lazy\" decoding=\"async\" width=\"300\" height=\"300\" class=\"wp-image-5409\" style=\"width: 300px;\" src=\"https:\/\/www.weinfreunde-vom-hellweg.de\/alex\/wordpress\/wp-content\/uploads\/2025-02-27-Vins-et-Chansons-01.jpg\" alt=\"\" srcset=\"https:\/\/www.weinfreunde-vom-hellweg.de\/alex\/wordpress\/wp-content\/uploads\/2025-02-27-Vins-et-Chansons-01.jpg 512w, https:\/\/www.weinfreunde-vom-hellweg.de\/alex\/wordpress\/wp-content\/uploads\/2025-02-27-Vins-et-Chansons-01-300x300.jpg 300w, https:\/\/www.weinfreunde-vom-hellweg.de\/alex\/wordpress\/wp-content\/uploads\/2025-02-27-Vins-et-Chansons-01-150x150.jpg 150w\" sizes=\"auto, (max-width: 300px) 100vw, 300px\" \/><\/td><td><img loading=\"lazy\" decoding=\"async\" width=\"300\" height=\"300\" class=\"wp-image-5410\" style=\"width: 300px;\" src=\"https:\/\/www.weinfreunde-vom-hellweg.de\/alex\/wordpress\/wp-content\/uploads\/2025-02-27-Vins-et-Chansons-02.jpg\" alt=\"\" srcset=\"https:\/\/www.weinfreunde-vom-hellweg.de\/alex\/wordpress\/wp-content\/uploads\/2025-02-27-Vins-et-Chansons-02.jpg 512w, https:\/\/www.weinfreunde-vom-hellweg.de\/alex\/wordpress\/wp-content\/uploads\/2025-02-27-Vins-et-Chansons-02-300x300.jpg 300w, https:\/\/www.weinfreunde-vom-hellweg.de\/alex\/wordpress\/wp-content\/uploads\/2025-02-27-Vins-et-Chansons-02-150x150.jpg 150w\" sizes=\"auto, (max-width: 300px) 100vw, 300px\" \/><\/td><\/tr><\/tbody><\/table><\/figure>\n\n\n\n<p>Zu Beginn des neuen Jahres, den bevorstehenden Fr\u00fchling schon im Blick und nur wenige Tage nach dem Valentinstag, laden uns unsere Weinfreunde Markus Besler und Hans Neufeld zu einer Soir\u00e9e Fran\u00e7aise mit musikalischen und geschmacklichen H\u00f6henfl\u00fcgen ein. Sie pr\u00e4sentieren Chansons begleitet von Weinen aus unterschiedlichen Regionen Frankreichs. Freut Euch auf Chansons aus den 70er, 80er und 90er Jahren, die teilweise schon zum franz\u00f6sischen Kulturerbe geh\u00f6ren und auch auf aktuelle Songs der Pop Fran\u00e7aise. Chansons und Weine sind solche, die das gewisse Etwas haben und deshalb aus der Masse herausragen. Von Schmetterlingen im Bauch, \u00fcber Herz- und Trennungs-schmerz, Erotik und einer Prise Humor ist vieles dabei. Kenntnisse der franz\u00f6sischen Sprache oder individuelles Gesangstalent sind in keiner Weise erforderlich.<br>Also, lehnt Euch zur\u00fcck und genie\u00dft!<\/p>\n\n\n\n<p><a href=\"https:\/\/www.weinfreunde-vom-hellweg.de\/alex\/wordpress\/wp-content\/uploads\/2025-02-27-Vins-et-Chansons-Weinliste.pdf\" target=\"_blank\" rel=\"noreferrer noopener\">Weinliste<\/a> (PDF)<br><a href=\"https:\/\/www.weinfreunde-vom-hellweg.de\/alex\/wordpress\/wp-content\/uploads\/2025-02-27-Vins-et-Chansons-Weinbewertung.pdf\" target=\"_blank\" rel=\"noreferrer noopener\">Weinbewertung<\/a> (PDF)<br><a href=\"https:\/\/www.weinfreunde-vom-hellweg.de\/alex\/wordpress\/wp-content\/uploads\/2025-02-27-Vins-et-Chansons-Artikel.pdf\" target=\"_blank\" rel=\"noreferrer noopener\">Zeitungsartikel<\/a> (PDF)<\/p>\n\n\n\nngg_shortcode_0_placeholder\n","protected":false},"excerpt":{"rendered":"<p>Donnerstag, 27.02.2025, 19 Uhr im Atelier der Lindenbrauerei Unna Zu Beginn des neuen Jahres, den bevorstehenden Fr\u00fchling schon im Blick und nur wenige Tage nach dem Valentinstag, laden uns unsere Weinfreunde Markus Besler und Hans Neufeld zu einer Soir\u00e9e Fran\u00e7aise &hellip; <a href=\"https:\/\/www.weinfreunde-vom-hellweg.de\/alex\/wordpress\/?page_id=5345\">Weiterlesen <span class=\"meta-nav\">&rarr;<\/span><\/a><\/p>\n","protected":false},"author":14,"featured_media":0,"parent":3389,"menu_order":5,"comment_status":"closed","ping_status":"closed","template":"","meta":{"ngg_post_thumbnail":0,"footnotes":""},"class_list":["post-5345","page","type-page","status-publish","hentry"],"_links":{"self":[{"href":"https:\/\/www.weinfreunde-vom-hellweg.de\/alex\/wordpress\/index.php?rest_route=\/wp\/v2\/pages\/5345","targetHints":{"allow":["GET"]}}],"collection":[{"href":"https:\/\/www.weinfreunde-vom-hellweg.de\/alex\/wordpress\/index.php?rest_route=\/wp\/v2\/pages"}],"about":[{"href":"https:\/\/www.weinfreunde-vom-hellweg.de\/alex\/wordpress\/index.php?rest_route=\/wp\/v2\/types\/page"}],"author":[{"embeddable":true,"href":"https:\/\/www.weinfreunde-vom-hellweg.de\/alex\/wordpress\/index.php?rest_route=\/wp\/v2\/users\/14"}],"replies":[{"embeddable":true,"href":"https:\/\/www.weinfreunde-vom-hellweg.de\/alex\/wordpress\/index.php?rest_route=%2Fwp%2Fv2%2Fcomments&post=5345"}],"version-history":[{"count":8,"href":"https:\/\/www.weinfreunde-vom-hellweg.de\/alex\/wordpress\/index.php?rest_route=\/wp\/v2\/pages\/5345\/revisions"}],"predecessor-version":[{"id":5500,"href":"https:\/\/www.weinfreunde-vom-hellweg.de\/alex\/wordpress\/index.php?rest_route=\/wp\/v2\/pages\/5345\/revisions\/5500"}],"up":[{"embeddable":true,"href":"https:\/\/www.weinfreunde-vom-hellweg.de\/alex\/wordpress\/index.php?rest_route=\/wp\/v2\/pages\/3389"}],"wp:attachment":[{"href":"https:\/\/www.weinfreunde-vom-hellweg.de\/alex\/wordpress\/index.php?rest_route=%2Fwp%2Fv2%2Fmedia&parent=5345"}],"curies":[{"name":"wp","href":"https:\/\/api.w.org\/{rel}","templated":true}]}}