{"id":5348,"date":"2025-01-14T10:55:01","date_gmt":"2025-01-14T09:55:01","guid":{"rendered":"https:\/\/www.weinfreunde-vom-hellweg.de\/alex\/wordpress\/?page_id=5348"},"modified":"2025-04-12T19:32:08","modified_gmt":"2025-04-12T17:32:08","slug":"historische-rebsorten","status":"publish","type":"page","link":"https:\/\/www.weinfreunde-vom-hellweg.de\/alex\/wordpress\/?page_id=5348","title":{"rendered":"Historische Rebsorten"},"content":{"rendered":"\n<figure class=\"wp-block-image size-full\"><img loading=\"lazy\" decoding=\"async\" width=\"1000\" height=\"250\" src=\"https:\/\/www.weinfreunde-vom-hellweg.de\/alex\/wordpress\/wp-content\/uploads\/2025-03-20-Historische-Rebsorten.jpg\" alt=\"\" class=\"wp-image-5414\" srcset=\"https:\/\/www.weinfreunde-vom-hellweg.de\/alex\/wordpress\/wp-content\/uploads\/2025-03-20-Historische-Rebsorten.jpg 1000w, https:\/\/www.weinfreunde-vom-hellweg.de\/alex\/wordpress\/wp-content\/uploads\/2025-03-20-Historische-Rebsorten-300x75.jpg 300w, https:\/\/www.weinfreunde-vom-hellweg.de\/alex\/wordpress\/wp-content\/uploads\/2025-03-20-Historische-Rebsorten-768x192.jpg 768w\" sizes=\"auto, (max-width: 1000px) 100vw, 1000px\" \/><\/figure>\n\n\n\n<p>Weinanbau gibt es bereits seit vielen tausend Jahren. Durch Mutationen und nat\u00fcrlichen Kreuzungen haben sich im Laufe der Zeit viele verschiedene Rebsorten entwickelt. Allein in Deutschland sind \u00fcber die Jahrtausende etwa 800 verschiedene Rebsorten, h\u00e4ufig im gemischten Satz, angebaut worden. Ein Gro\u00dfteil dieser Rebsorten wurde vergessen oder gilt heute als ausgestorben. Neben der kleinen Eiszeit (ca. 1450 bis ca.1850), in der nur die frostresistenten Rebsorten \u00fcberlebten, ist der Verlust dieser Sortenvielfalt zum gro\u00dfen Teil erst durch Menschen in den letzten 200 Jahren verursacht worden. Urs\u00e4chlich hierf\u00fcr waren die Reblauskatastrophe, das Umdenken auf den sortenreinen Anbau, die beiden Weltkriege und auch das Gesetz der Nazis, das den Weinanbau auf 18 Rebsorten beschr\u00e4nkte.<br>Vision\u00e4ren, vor allem Prof. Dr. Jung, ein renommierter Ampelograph und Botaniker, ist es gelungen, einen Teil dieser fast vergessenen Sorten in Brachlagen wieder zu entdeckten. Uli Martin, Inhaber einer gro\u00dfen Rebschule in Gundheim, hat sich zur Aufgabe gesetzt, diese historischen Rebsorten wieder vermehren. Die wiederentdeckten Rebsorten bereichern nicht nur die Vielfalt an genetischem Material f\u00fcr zuk\u00fcnftige Kreuzungen, sondern bieten vor allem eine Chance f\u00fcr die Winzer, auf den sich vollziehenden Klimawandel reagieren zu k\u00f6nnen. Denn die historischen Sorten, die seit Jahrhunderten klimatischen Ver\u00e4nderungen widerstanden haben, k\u00f6nnten Alternativen darstellen, wenn die klassischen Rebsorten dem sich wandelnden Klima nicht mehr gewachsen sind.<br>In dieser von Hermann Bley moderierten Veranstaltung, werden wir nicht nur verschiedenen historische Rebsorten kennenlernen und verkosten, sondern auch Wissenswertes und interessante Einzelheiten zur Entdeckung historischer Rebsorten, zum Anbau, den Winzern und nat\u00fcrlich auch zu den Geschmackskomponenten erfahren.<\/p>\n\n\n\n<p><a href=\"https:\/\/www.weinfreunde-vom-hellweg.de\/alex\/wordpress\/wp-content\/uploads\/2025-03-20-Historische-Rebsorten-Weinliste.pdf\" target=\"_blank\" rel=\"noreferrer noopener\">Weinliste<\/a> (PDF)<br><a href=\"https:\/\/www.weinfreunde-vom-hellweg.de\/alex\/wordpress\/wp-content\/uploads\/2025-03-20-Historische-Rebsorten-Weinbewertung.pdf\" target=\"_blank\" rel=\"noreferrer noopener\">Weinbewertung<\/a> (PDF)<br><a href=\"https:\/\/www.weinfreunde-vom-hellweg.de\/alex\/wordpress\/wp-content\/uploads\/2025-03-20-Historische-Rebsorten-Entwurf-Zeitungsartikel.pdf\" target=\"_blank\" rel=\"noreferrer noopener\">Entwurf Zeitungsartikel<\/a> (PDF)<br><a href=\"https:\/\/www.weinfreunde-vom-hellweg.de\/alex\/wordpress\/wp-content\/uploads\/2025-03-20-Historische-Rebsorten-Zeitungsartikel.pdf\" target=\"_blank\" rel=\"noreferrer noopener\">Zeitungsartikel<\/a> (PDF)<\/p>\n\n\n\n<p><a href=\"https:\/\/www.youtube.com\/watch?v=AeMwR2i733s\">Eine nicht ganz ernst gemeinte Werbung f\u00fcr historische Weine<\/a> (YouTube)<br><a href=\"https:\/\/www.youtube.com\/watch?v=6KqckVFTTg0\" target=\"_blank\" rel=\"noreferrer noopener\">Kann man Geschichte schmecken?<\/a> (YouTube)<br><a href=\"https:\/\/www.youtube.com\/watch?v=XrckFIxFpec\" target=\"_blank\" rel=\"noreferrer noopener\">Noch mehr nicht ganz ernst gemeinte Werbung f\u00fcr historische Weine<\/a> (YouTube)<\/p>\n\n\n\nngg_shortcode_0_placeholder\n","protected":false},"excerpt":{"rendered":"<p>Weinanbau gibt es bereits seit vielen tausend Jahren. Durch Mutationen und nat\u00fcrlichen Kreuzungen haben sich im Laufe der Zeit viele verschiedene Rebsorten entwickelt. Allein in Deutschland sind \u00fcber die Jahrtausende etwa 800 verschiedene Rebsorten, h\u00e4ufig im gemischten Satz, angebaut worden. &hellip; <a href=\"https:\/\/www.weinfreunde-vom-hellweg.de\/alex\/wordpress\/?page_id=5348\">Weiterlesen <span class=\"meta-nav\">&rarr;<\/span><\/a><\/p>\n","protected":false},"author":14,"featured_media":0,"parent":3389,"menu_order":10,"comment_status":"closed","ping_status":"closed","template":"","meta":{"ngg_post_thumbnail":0,"footnotes":""},"class_list":["post-5348","page","type-page","status-publish","hentry"],"_links":{"self":[{"href":"https:\/\/www.weinfreunde-vom-hellweg.de\/alex\/wordpress\/index.php?rest_route=\/wp\/v2\/pages\/5348","targetHints":{"allow":["GET"]}}],"collection":[{"href":"https:\/\/www.weinfreunde-vom-hellweg.de\/alex\/wordpress\/index.php?rest_route=\/wp\/v2\/pages"}],"about":[{"href":"https:\/\/www.weinfreunde-vom-hellweg.de\/alex\/wordpress\/index.php?rest_route=\/wp\/v2\/types\/page"}],"author":[{"embeddable":true,"href":"https:\/\/www.weinfreunde-vom-hellweg.de\/alex\/wordpress\/index.php?rest_route=\/wp\/v2\/users\/14"}],"replies":[{"embeddable":true,"href":"https:\/\/www.weinfreunde-vom-hellweg.de\/alex\/wordpress\/index.php?rest_route=%2Fwp%2Fv2%2Fcomments&post=5348"}],"version-history":[{"count":8,"href":"https:\/\/www.weinfreunde-vom-hellweg.de\/alex\/wordpress\/index.php?rest_route=\/wp\/v2\/pages\/5348\/revisions"}],"predecessor-version":[{"id":5565,"href":"https:\/\/www.weinfreunde-vom-hellweg.de\/alex\/wordpress\/index.php?rest_route=\/wp\/v2\/pages\/5348\/revisions\/5565"}],"up":[{"embeddable":true,"href":"https:\/\/www.weinfreunde-vom-hellweg.de\/alex\/wordpress\/index.php?rest_route=\/wp\/v2\/pages\/3389"}],"wp:attachment":[{"href":"https:\/\/www.weinfreunde-vom-hellweg.de\/alex\/wordpress\/index.php?rest_route=%2Fwp%2Fv2%2Fmedia&parent=5348"}],"curies":[{"name":"wp","href":"https:\/\/api.w.org\/{rel}","templated":true}]}}