{"id":5351,"date":"2025-01-14T10:57:51","date_gmt":"2025-01-14T09:57:51","guid":{"rendered":"https:\/\/www.weinfreunde-vom-hellweg.de\/alex\/wordpress\/?page_id=5351"},"modified":"2025-04-15T09:39:30","modified_gmt":"2025-04-15T07:39:30","slug":"eine-reise-durch-die-grosse-welt-des-sauvignon-blanc","status":"publish","type":"page","link":"https:\/\/www.weinfreunde-vom-hellweg.de\/alex\/wordpress\/?page_id=5351","title":{"rendered":"Eine Reise durch die gro\u00dfe Welt des Sauvignon blanc"},"content":{"rendered":"\n<figure class=\"wp-block-image size-full\"><img loading=\"lazy\" decoding=\"async\" width=\"1000\" height=\"250\" src=\"https:\/\/www.weinfreunde-vom-hellweg.de\/alex\/wordpress\/wp-content\/uploads\/2025-04-10-Sauvignon-Blanc-03.jpg\" alt=\"\" class=\"wp-image-5429\" srcset=\"https:\/\/www.weinfreunde-vom-hellweg.de\/alex\/wordpress\/wp-content\/uploads\/2025-04-10-Sauvignon-Blanc-03.jpg 1000w, https:\/\/www.weinfreunde-vom-hellweg.de\/alex\/wordpress\/wp-content\/uploads\/2025-04-10-Sauvignon-Blanc-03-300x75.jpg 300w, https:\/\/www.weinfreunde-vom-hellweg.de\/alex\/wordpress\/wp-content\/uploads\/2025-04-10-Sauvignon-Blanc-03-768x192.jpg 768w\" sizes=\"auto, (max-width: 1000px) 100vw, 1000px\" \/><\/figure>\n\n\n\n<p>Der Sauvignon blanc ist eine der beiden wichtigsten wei\u00dfen Rebsorten weltweit. Vermutlich wurde die Rebe in Frankreich im Loiretal gez\u00fcchtet und findet sich heute in nahezu jedem namhaften Weinbaugebiet der Erde. Je nach Anbaugebiet zeigt der Sauvignon blanc seine unverkennbaren Aromen nach Johannisbeere, Stachelbeere, gr\u00fcner Paprika, frisch gem\u00e4htem Gras und mineralischen Noten.<br>Unsere Weinfreunde Andreas Braier und Matthias Metzger (beide begeisterte Verehrer dieser Weine) begleiten uns bei unserer Entdeckungstour durch die Weinanbaugebiete dieser spannenden Rebsorte. Neben interessanten Informationen werden wir nat\u00fcrlich auch einige k\u00f6stliche Tropfen verkosten und: Der Sauvignon Blanc ist nicht nur ein sauleckerer Wein f\u00fcr den gem\u00fctlichen Abend auf dem Sofa, sondern auch ein toller Speisebegleiter zu vielen kulinarischen Gen\u00fcssen. Dazu gibt es einige Tipps und Anregungen.<br>Wir freuen uns auf einen spannenden Weinabend, und hoffen sehr, dass unsere Geschmackssinne Beifall klatschen.<\/p>\n\n\n\n<p><a href=\"https:\/\/www.weinfreunde-vom-hellweg.de\/alex\/wordpress\/wp-content\/uploads\/2025-04-10-Sauvignon-blanc-Weinliste.pdf\" target=\"_blank\" rel=\"noreferrer noopener\">Weinliste<\/a> (PDF)<br><a href=\"https:\/\/www.weinfreunde-vom-hellweg.de\/alex\/wordpress\/wp-content\/uploads\/2025-04-10-Sauvignon-blanc-Weinbewertung.pdf\" target=\"_blank\" rel=\"noreferrer noopener\">Weinbewertung<\/a> (PDF)<\/p>\n\n\n\nngg_shortcode_0_placeholder\n","protected":false},"excerpt":{"rendered":"<p>Der Sauvignon blanc ist eine der beiden wichtigsten wei\u00dfen Rebsorten weltweit. Vermutlich wurde die Rebe in Frankreich im Loiretal gez\u00fcchtet und findet sich heute in nahezu jedem namhaften Weinbaugebiet der Erde. Je nach Anbaugebiet zeigt der Sauvignon blanc seine unverkennbaren &hellip; <a href=\"https:\/\/www.weinfreunde-vom-hellweg.de\/alex\/wordpress\/?page_id=5351\">Weiterlesen <span class=\"meta-nav\">&rarr;<\/span><\/a><\/p>\n","protected":false},"author":14,"featured_media":0,"parent":3389,"menu_order":30,"comment_status":"closed","ping_status":"closed","template":"","meta":{"ngg_post_thumbnail":0,"footnotes":""},"class_list":["post-5351","page","type-page","status-publish","hentry"],"_links":{"self":[{"href":"https:\/\/www.weinfreunde-vom-hellweg.de\/alex\/wordpress\/index.php?rest_route=\/wp\/v2\/pages\/5351","targetHints":{"allow":["GET"]}}],"collection":[{"href":"https:\/\/www.weinfreunde-vom-hellweg.de\/alex\/wordpress\/index.php?rest_route=\/wp\/v2\/pages"}],"about":[{"href":"https:\/\/www.weinfreunde-vom-hellweg.de\/alex\/wordpress\/index.php?rest_route=\/wp\/v2\/types\/page"}],"author":[{"embeddable":true,"href":"https:\/\/www.weinfreunde-vom-hellweg.de\/alex\/wordpress\/index.php?rest_route=\/wp\/v2\/users\/14"}],"replies":[{"embeddable":true,"href":"https:\/\/www.weinfreunde-vom-hellweg.de\/alex\/wordpress\/index.php?rest_route=%2Fwp%2Fv2%2Fcomments&post=5351"}],"version-history":[{"count":8,"href":"https:\/\/www.weinfreunde-vom-hellweg.de\/alex\/wordpress\/index.php?rest_route=\/wp\/v2\/pages\/5351\/revisions"}],"predecessor-version":[{"id":5571,"href":"https:\/\/www.weinfreunde-vom-hellweg.de\/alex\/wordpress\/index.php?rest_route=\/wp\/v2\/pages\/5351\/revisions\/5571"}],"up":[{"embeddable":true,"href":"https:\/\/www.weinfreunde-vom-hellweg.de\/alex\/wordpress\/index.php?rest_route=\/wp\/v2\/pages\/3389"}],"wp:attachment":[{"href":"https:\/\/www.weinfreunde-vom-hellweg.de\/alex\/wordpress\/index.php?rest_route=%2Fwp%2Fv2%2Fmedia&parent=5351"}],"curies":[{"name":"wp","href":"https:\/\/api.w.org\/{rel}","templated":true}]}}