{"id":5766,"date":"2025-08-03T16:15:54","date_gmt":"2025-08-03T14:15:54","guid":{"rendered":"https:\/\/www.weinfreunde-vom-hellweg.de\/alex\/wordpress\/?page_id=5766"},"modified":"2025-08-22T12:32:58","modified_gmt":"2025-08-22T10:32:58","slug":"mediterrane-kleinigkeiten","status":"publish","type":"page","link":"https:\/\/www.weinfreunde-vom-hellweg.de\/alex\/wordpress\/?page_id=5766","title":{"rendered":"Mediterrane Kleinigkeiten"},"content":{"rendered":"\n<figure class=\"wp-block-image size-full\"><img loading=\"lazy\" decoding=\"async\" width=\"925\" height=\"230\" src=\"https:\/\/www.weinfreunde-vom-hellweg.de\/alex\/wordpress\/wp-content\/uploads\/2025-08-21-Mediterrane-Kleinigkeiten.jpg\" alt=\"\" class=\"wp-image-5768\" srcset=\"https:\/\/www.weinfreunde-vom-hellweg.de\/alex\/wordpress\/wp-content\/uploads\/2025-08-21-Mediterrane-Kleinigkeiten.jpg 925w, https:\/\/www.weinfreunde-vom-hellweg.de\/alex\/wordpress\/wp-content\/uploads\/2025-08-21-Mediterrane-Kleinigkeiten-300x75.jpg 300w, https:\/\/www.weinfreunde-vom-hellweg.de\/alex\/wordpress\/wp-content\/uploads\/2025-08-21-Mediterrane-Kleinigkeiten-768x191.jpg 768w\" sizes=\"auto, (max-width: 925px) 100vw, 925px\" \/><\/figure>\n\n\n\n<p>Sommerzeit ist die Zeit leichter sommerlicher Weine \u2013 in Kombination mit kleinen mediterranen K\u00f6stlichkeiten ein Genuss auch auf der heimischen Terrasse. Mit der n\u00e4chsten Weinprobe m\u00f6chten wir das Urlaubsfeeling nach Unna holen. Wir laden euch hiermit herzlich ein zur Weinprobe \u201eMediterrane Kleinigkeiten zum Wein\u201c.<br>Bei den mediterranen Kleinigkeiten bitten wir um eure tatkr\u00e4ftige Unterst\u00fctzung. Wir suchen Freiwillige, die mit ihren \u201eLieblings-Antipasti\u201c zum Gelingen der Veranstaltung beitragen m\u00f6chten. Raffiniert oder einfach, egal ob selbstgemacht oder mit Liebe eingekauft \u2013 jeder Beitrag ist herzlich willkommen!<\/p>\n\n\n\n<p><a href=\"https:\/\/www.weinfreunde-vom-hellweg.de\/alex\/wordpress\/wp-content\/uploads\/2025-08-21-Mediterrane-Kleinigkeiten-Weinliste.pdf\" target=\"_blank\" rel=\"noreferrer noopener\">Weinliste<\/a> (PDF)<\/p>\n\n\n\n<p><a href=\"https:\/\/www.weinfreunde-vom-hellweg.de\/alex\/wordpress\/wp-content\/uploads\/2025-08-21-Mediterrane-Kleinigkeiten-Weinbewertung.pdf\" target=\"_blank\" rel=\"noreferrer noopener\">Weinbewertung<\/a> (PDF)<\/p>\n\n\n\nngg_shortcode_0_placeholder\n","protected":false},"excerpt":{"rendered":"<p>Sommerzeit ist die Zeit leichter sommerlicher Weine \u2013 in Kombination mit kleinen mediterranen K\u00f6stlichkeiten ein Genuss auch auf der heimischen Terrasse. Mit der n\u00e4chsten Weinprobe m\u00f6chten wir das Urlaubsfeeling nach Unna holen. Wir laden euch hiermit herzlich ein zur Weinprobe &hellip; <a href=\"https:\/\/www.weinfreunde-vom-hellweg.de\/alex\/wordpress\/?page_id=5766\">Weiterlesen <span class=\"meta-nav\">&rarr;<\/span><\/a><\/p>\n","protected":false},"author":14,"featured_media":0,"parent":3389,"menu_order":50,"comment_status":"closed","ping_status":"closed","template":"","meta":{"ngg_post_thumbnail":0,"footnotes":""},"class_list":["post-5766","page","type-page","status-publish","hentry"],"_links":{"self":[{"href":"https:\/\/www.weinfreunde-vom-hellweg.de\/alex\/wordpress\/index.php?rest_route=\/wp\/v2\/pages\/5766","targetHints":{"allow":["GET"]}}],"collection":[{"href":"https:\/\/www.weinfreunde-vom-hellweg.de\/alex\/wordpress\/index.php?rest_route=\/wp\/v2\/pages"}],"about":[{"href":"https:\/\/www.weinfreunde-vom-hellweg.de\/alex\/wordpress\/index.php?rest_route=\/wp\/v2\/types\/page"}],"author":[{"embeddable":true,"href":"https:\/\/www.weinfreunde-vom-hellweg.de\/alex\/wordpress\/index.php?rest_route=\/wp\/v2\/users\/14"}],"replies":[{"embeddable":true,"href":"https:\/\/www.weinfreunde-vom-hellweg.de\/alex\/wordpress\/index.php?rest_route=%2Fwp%2Fv2%2Fcomments&post=5766"}],"version-history":[{"count":8,"href":"https:\/\/www.weinfreunde-vom-hellweg.de\/alex\/wordpress\/index.php?rest_route=\/wp\/v2\/pages\/5766\/revisions"}],"predecessor-version":[{"id":5816,"href":"https:\/\/www.weinfreunde-vom-hellweg.de\/alex\/wordpress\/index.php?rest_route=\/wp\/v2\/pages\/5766\/revisions\/5816"}],"up":[{"embeddable":true,"href":"https:\/\/www.weinfreunde-vom-hellweg.de\/alex\/wordpress\/index.php?rest_route=\/wp\/v2\/pages\/3389"}],"wp:attachment":[{"href":"https:\/\/www.weinfreunde-vom-hellweg.de\/alex\/wordpress\/index.php?rest_route=%2Fwp%2Fv2%2Fmedia&parent=5766"}],"curies":[{"name":"wp","href":"https:\/\/api.w.org\/{rel}","templated":true}]}}