{"id":5793,"date":"2025-08-18T19:33:47","date_gmt":"2025-08-18T17:33:47","guid":{"rendered":"https:\/\/www.weinfreunde-vom-hellweg.de\/alex\/wordpress\/?page_id=5793"},"modified":"2025-08-23T11:49:26","modified_gmt":"2025-08-23T09:49:26","slug":"literarische-weinprobe","status":"publish","type":"page","link":"https:\/\/www.weinfreunde-vom-hellweg.de\/alex\/wordpress\/?page_id=5793","title":{"rendered":"Literarische Weinprobe"},"content":{"rendered":"\n<p><strong>Die Weinfreunde am Hellweg e.V.<\/strong>&nbsp;bieten um 14:45 Uhr und 18:00 Uhr unter dem Titel \u201eMit Wein Staat machen!\u201c eine literarische Weinprobe an, bei der Andreas Kleineweischede und Matthias Metzger von den Weinfreunden vom Hellweg nicht nur 3 Weine vorstellen, sondern auch mit Leseh\u00e4ppchen den Beweis antreten, dass man mit Wein Politik machen kann. Denn bis in die Neuzeit hinein wurde Wein oft als diplomatisches Mittel eingesetzt. Ob als Katalysator f\u00fcr Debatten, als Zeichen von Wohlstand oder als diplomatisches Instrument &#8211;  Wein hat Politik \u00fcber Jahrhunderte hinweg geformt. Wer m\u00f6chte, ist herzlich eingeladen, auch einen Blick in den Weinkeller der Weinfreunde vom Hellweg zu werfen.<\/p>\n\n\n\n<p><a href=\"https:\/\/www.wlb.de\/projekte\/literatur-sommer-hellweg\/2799-literatursommerhellweg-in-unna-2025\" target=\"_blank\" rel=\"noreferrer noopener\">Programm des \u201eLiteraturSommerHellweg\u201c in Unna 2025<\/a><\/p>\n\n\n\n<p><a href=\"https:\/\/www.weinfreunde-vom-hellweg.de\/alex\/wordpress\/wp-content\/uploads\/2025-08-30-Zeitungsartike-01.pdf\" target=\"_blank\" rel=\"noreferrer noopener\">Zeitungsartikel vom 22.08.2025<\/a> (PDF)<\/p>\n","protected":false},"excerpt":{"rendered":"<p>Die Weinfreunde am Hellweg e.V.&nbsp;bieten um 14:45 Uhr und 18:00 Uhr unter dem Titel \u201eMit Wein Staat machen!\u201c eine literarische Weinprobe an, bei der Andreas Kleineweischede und Matthias Metzger von den Weinfreunden vom Hellweg nicht nur 3 Weine vorstellen, sondern &hellip; <a href=\"https:\/\/www.weinfreunde-vom-hellweg.de\/alex\/wordpress\/?page_id=5793\">Weiterlesen <span class=\"meta-nav\">&rarr;<\/span><\/a><\/p>\n","protected":false},"author":14,"featured_media":0,"parent":3389,"menu_order":60,"comment_status":"closed","ping_status":"closed","template":"","meta":{"ngg_post_thumbnail":0,"footnotes":""},"class_list":["post-5793","page","type-page","status-publish","hentry"],"_links":{"self":[{"href":"https:\/\/www.weinfreunde-vom-hellweg.de\/alex\/wordpress\/index.php?rest_route=\/wp\/v2\/pages\/5793","targetHints":{"allow":["GET"]}}],"collection":[{"href":"https:\/\/www.weinfreunde-vom-hellweg.de\/alex\/wordpress\/index.php?rest_route=\/wp\/v2\/pages"}],"about":[{"href":"https:\/\/www.weinfreunde-vom-hellweg.de\/alex\/wordpress\/index.php?rest_route=\/wp\/v2\/types\/page"}],"author":[{"embeddable":true,"href":"https:\/\/www.weinfreunde-vom-hellweg.de\/alex\/wordpress\/index.php?rest_route=\/wp\/v2\/users\/14"}],"replies":[{"embeddable":true,"href":"https:\/\/www.weinfreunde-vom-hellweg.de\/alex\/wordpress\/index.php?rest_route=%2Fwp%2Fv2%2Fcomments&post=5793"}],"version-history":[{"count":4,"href":"https:\/\/www.weinfreunde-vom-hellweg.de\/alex\/wordpress\/index.php?rest_route=\/wp\/v2\/pages\/5793\/revisions"}],"predecessor-version":[{"id":5818,"href":"https:\/\/www.weinfreunde-vom-hellweg.de\/alex\/wordpress\/index.php?rest_route=\/wp\/v2\/pages\/5793\/revisions\/5818"}],"up":[{"embeddable":true,"href":"https:\/\/www.weinfreunde-vom-hellweg.de\/alex\/wordpress\/index.php?rest_route=\/wp\/v2\/pages\/3389"}],"wp:attachment":[{"href":"https:\/\/www.weinfreunde-vom-hellweg.de\/alex\/wordpress\/index.php?rest_route=%2Fwp%2Fv2%2Fmedia&parent=5793"}],"curies":[{"name":"wp","href":"https:\/\/api.w.org\/{rel}","templated":true}]}}