{"id":5977,"date":"2025-12-31T16:48:03","date_gmt":"2025-12-31T15:48:03","guid":{"rendered":"https:\/\/www.weinfreunde-vom-hellweg.de\/alex\/wordpress\/?page_id=5977"},"modified":"2026-01-18T18:48:51","modified_gmt":"2026-01-18T17:48:51","slug":"neujahrsempfang","status":"publish","type":"page","link":"https:\/\/www.weinfreunde-vom-hellweg.de\/alex\/wordpress\/?page_id=5977","title":{"rendered":"Neujahrsempfang"},"content":{"rendered":"\n<p>Donnerstag, 15.01.2026, 19 Uhr im Atelier der Lindenbrauerei Unna<\/p>\n\n\n\n<figure class=\"wp-block-image size-large\"><img loading=\"lazy\" decoding=\"async\" width=\"1024\" height=\"535\" src=\"https:\/\/www.weinfreunde-vom-hellweg.de\/alex\/wordpress\/wp-content\/uploads\/2026-01-15-Neujahrsempfang-1024x535.jpg\" alt=\"\" class=\"wp-image-5982\" srcset=\"https:\/\/www.weinfreunde-vom-hellweg.de\/alex\/wordpress\/wp-content\/uploads\/2026-01-15-Neujahrsempfang-1024x535.jpg 1024w, https:\/\/www.weinfreunde-vom-hellweg.de\/alex\/wordpress\/wp-content\/uploads\/2026-01-15-Neujahrsempfang-300x157.jpg 300w, https:\/\/www.weinfreunde-vom-hellweg.de\/alex\/wordpress\/wp-content\/uploads\/2026-01-15-Neujahrsempfang-768x401.jpg 768w, https:\/\/www.weinfreunde-vom-hellweg.de\/alex\/wordpress\/wp-content\/uploads\/2026-01-15-Neujahrsempfang.jpg 1408w\" sizes=\"auto, (max-width: 1024px) 100vw, 1024px\" \/><\/figure>\n\n\n\n<p>An diesem Abend m\u00f6chten wir in geselliger Runde das Glas heben. Wir blicken zur\u00fcck auf die H\u00f6hepunkte des vergangenen Jahres und wagen einen spannenden Ausblick auf unser Vereinsprogramm im 1. Halbjahr 2026 \u2013 freut Euch auf neue Entdeckungen, exklusive Verkostungen und bereichernde Begegnungen.<br>F\u00fcr das leibliche Wohl ist bestens gesorgt: Passend zum festlichen Anlass kredenzen wir neben Weinen aus unserem Weinkeller auch einen edlen Bordeaux-Wein aus der Imperialflasche (Spende von Peter Hasselbach). Begleitet werden die Weine von einem kalten Buffet unter dem Motto \u201eVive la France\u201c, das mit franz\u00f6sischen Kleinigkeiten f\u00fcr den passenden kulinarischen Rahmen sorgt.<\/p>\n\n\n\n<p><a href=\"https:\/\/www.weinfreunde-vom-hellweg.de\/alex\/wordpress\/wp-content\/uploads\/2026-01-15-Neujahrsempfang-Weinliste.pdf\" data-type=\"link\" data-id=\"https:\/\/www.weinfreunde-vom-hellweg.de\/alex\/wordpress\/wp-content\/uploads\/2026-01-15-Neujahrsempfang-Weinliste.pdf\" target=\"_blank\" rel=\"noreferrer noopener\">Weinliste<\/a> (PDF)<\/p>\n\n\n\n<p><a href=\"https:\/\/www.weinfreunde-vom-hellweg.de\/alex\/wordpress\/wp-content\/uploads\/2026-01-15-Neujahrsempfang-Kaltes-Buffet.pdf\" target=\"_blank\" rel=\"noreferrer noopener\">Kaltes Buffet<\/a> (PDF)<\/p>\n\n\n\nngg_shortcode_0_placeholder\n","protected":false},"excerpt":{"rendered":"<p>Donnerstag, 15.01.2026, 19 Uhr im Atelier der Lindenbrauerei Unna An diesem Abend m\u00f6chten wir in geselliger Runde das Glas heben. Wir blicken zur\u00fcck auf die H\u00f6hepunkte des vergangenen Jahres und wagen einen spannenden Ausblick auf unser Vereinsprogramm im 1. Halbjahr &hellip; <a href=\"https:\/\/www.weinfreunde-vom-hellweg.de\/alex\/wordpress\/?page_id=5977\">Weiterlesen <span class=\"meta-nav\">&rarr;<\/span><\/a><\/p>\n","protected":false},"author":14,"featured_media":0,"parent":5867,"menu_order":10,"comment_status":"closed","ping_status":"closed","template":"","meta":{"ngg_post_thumbnail":0,"footnotes":""},"class_list":["post-5977","page","type-page","status-publish","hentry"],"_links":{"self":[{"href":"https:\/\/www.weinfreunde-vom-hellweg.de\/alex\/wordpress\/index.php?rest_route=\/wp\/v2\/pages\/5977","targetHints":{"allow":["GET"]}}],"collection":[{"href":"https:\/\/www.weinfreunde-vom-hellweg.de\/alex\/wordpress\/index.php?rest_route=\/wp\/v2\/pages"}],"about":[{"href":"https:\/\/www.weinfreunde-vom-hellweg.de\/alex\/wordpress\/index.php?rest_route=\/wp\/v2\/types\/page"}],"author":[{"embeddable":true,"href":"https:\/\/www.weinfreunde-vom-hellweg.de\/alex\/wordpress\/index.php?rest_route=\/wp\/v2\/users\/14"}],"replies":[{"embeddable":true,"href":"https:\/\/www.weinfreunde-vom-hellweg.de\/alex\/wordpress\/index.php?rest_route=%2Fwp%2Fv2%2Fcomments&post=5977"}],"version-history":[{"count":7,"href":"https:\/\/www.weinfreunde-vom-hellweg.de\/alex\/wordpress\/index.php?rest_route=\/wp\/v2\/pages\/5977\/revisions"}],"predecessor-version":[{"id":6034,"href":"https:\/\/www.weinfreunde-vom-hellweg.de\/alex\/wordpress\/index.php?rest_route=\/wp\/v2\/pages\/5977\/revisions\/6034"}],"up":[{"embeddable":true,"href":"https:\/\/www.weinfreunde-vom-hellweg.de\/alex\/wordpress\/index.php?rest_route=\/wp\/v2\/pages\/5867"}],"wp:attachment":[{"href":"https:\/\/www.weinfreunde-vom-hellweg.de\/alex\/wordpress\/index.php?rest_route=%2Fwp%2Fv2%2Fmedia&parent=5977"}],"curies":[{"name":"wp","href":"https:\/\/api.w.org\/{rel}","templated":true}]}}