{"id":5990,"date":"2026-01-16T19:39:30","date_gmt":"2026-01-16T18:39:30","guid":{"rendered":"https:\/\/www.weinfreunde-vom-hellweg.de\/alex\/wordpress\/?page_id=5990"},"modified":"2026-02-20T17:32:43","modified_gmt":"2026-02-20T16:32:43","slug":"lizenz-zum-geniessen-james-bond-weine","status":"publish","type":"page","link":"https:\/\/www.weinfreunde-vom-hellweg.de\/alex\/wordpress\/?page_id=5990","title":{"rendered":"Lizenz zum Genie\u00dfen &#8211; James Bond Weine"},"content":{"rendered":"\n<figure class=\"wp-block-image size-large\"><img loading=\"lazy\" decoding=\"async\" width=\"1024\" height=\"306\" src=\"https:\/\/www.weinfreunde-vom-hellweg.de\/alex\/wordpress\/wp-content\/uploads\/2026-02-19-James-Bond-Weine-1024x306.jpg\" alt=\"\" class=\"wp-image-6036\" srcset=\"https:\/\/www.weinfreunde-vom-hellweg.de\/alex\/wordpress\/wp-content\/uploads\/2026-02-19-James-Bond-Weine-1024x306.jpg 1024w, https:\/\/www.weinfreunde-vom-hellweg.de\/alex\/wordpress\/wp-content\/uploads\/2026-02-19-James-Bond-Weine-300x90.jpg 300w, https:\/\/www.weinfreunde-vom-hellweg.de\/alex\/wordpress\/wp-content\/uploads\/2026-02-19-James-Bond-Weine-768x230.jpg 768w, https:\/\/www.weinfreunde-vom-hellweg.de\/alex\/wordpress\/wp-content\/uploads\/2026-02-19-James-Bond-Weine.jpg 1370w\" sizes=\"auto, (max-width: 1024px) 100vw, 1024px\" \/><\/figure>\n\n\n\n<p>Exotische Schaupl\u00e4tze, atemberaubende Frauen mit Charakter und raffiniertem Charme, finstere Schurken, die von der Weltherrschaft tr\u00e4umen, knallharte Action und ein Agent, der immer ein stilvolles Getr\u00e4nk in Reichweite hat. Das sind die Zutaten f\u00fcr die Abenteuer des ber\u00fchmtesten aller Geheimagenten. Taucht ein in die schillernde und glamour\u00f6se Welt von James Bond mit Weinen, die selbst dem redegewandten 007 die Sprache verschlagen w\u00fcrden.<br><br>Unsere Weinfreunde Markus Besler und Hans Neufeld pr\u00e4sentieren u. a. prickelnden Champagner, Bordeauxweine mit mehr Tiefgang als ein Lotus Esprit unter Wasser, einen Chianti, der feindliche Agenten verr\u00e4t und weitere ausgew\u00e4hlte Weine, die derzeit noch streng geheim gehalten bleiben und weder gesch\u00fcttelt noch ger\u00fchrt werden.<br><br>Begebt Euch auf eine spannende, genussreiche Mission voller Eleganz, Humor, dem einen oder anderen unwiderstehlichen Moment einschlie\u00dflich einem Hauch Weltrettung und pr\u00fcft, ob James Bond tats\u00e4chlich ein Weinkenner ist.<br><br><a href=\"https:\/\/www.weinfreunde-vom-hellweg.de\/alex\/wordpress\/wp-content\/uploads\/2026-02-19-James-Bond-Weinliste.pdf\" target=\"_blank\" rel=\"noreferrer noopener\">Weinliste<\/a> (PDF)<\/p>\n\n\n\n<p><a href=\"https:\/\/www.weinfreunde-vom-hellweg.de\/alex\/wordpress\/wp-content\/uploads\/2026-02-19-James-Bond-Weinbewertung.pdf\" target=\"_blank\" rel=\"noreferrer noopener\">Weinbewertung<\/a> (PDF)<\/p>\n\n\n\nngg_shortcode_0_placeholder\n","protected":false},"excerpt":{"rendered":"<p>Exotische Schaupl\u00e4tze, atemberaubende Frauen mit Charakter und raffiniertem Charme, finstere Schurken, die von der Weltherrschaft tr\u00e4umen, knallharte Action und ein Agent, der immer ein stilvolles Getr\u00e4nk in Reichweite hat. Das sind die Zutaten f\u00fcr die Abenteuer des ber\u00fchmtesten aller Geheimagenten. &hellip; <a href=\"https:\/\/www.weinfreunde-vom-hellweg.de\/alex\/wordpress\/?page_id=5990\">Weiterlesen <span class=\"meta-nav\">&rarr;<\/span><\/a><\/p>\n","protected":false},"author":14,"featured_media":0,"parent":5867,"menu_order":20,"comment_status":"closed","ping_status":"closed","template":"","meta":{"ngg_post_thumbnail":0,"footnotes":""},"class_list":["post-5990","page","type-page","status-publish","hentry"],"_links":{"self":[{"href":"https:\/\/www.weinfreunde-vom-hellweg.de\/alex\/wordpress\/index.php?rest_route=\/wp\/v2\/pages\/5990","targetHints":{"allow":["GET"]}}],"collection":[{"href":"https:\/\/www.weinfreunde-vom-hellweg.de\/alex\/wordpress\/index.php?rest_route=\/wp\/v2\/pages"}],"about":[{"href":"https:\/\/www.weinfreunde-vom-hellweg.de\/alex\/wordpress\/index.php?rest_route=\/wp\/v2\/types\/page"}],"author":[{"embeddable":true,"href":"https:\/\/www.weinfreunde-vom-hellweg.de\/alex\/wordpress\/index.php?rest_route=\/wp\/v2\/users\/14"}],"replies":[{"embeddable":true,"href":"https:\/\/www.weinfreunde-vom-hellweg.de\/alex\/wordpress\/index.php?rest_route=%2Fwp%2Fv2%2Fcomments&post=5990"}],"version-history":[{"count":11,"href":"https:\/\/www.weinfreunde-vom-hellweg.de\/alex\/wordpress\/index.php?rest_route=\/wp\/v2\/pages\/5990\/revisions"}],"predecessor-version":[{"id":6096,"href":"https:\/\/www.weinfreunde-vom-hellweg.de\/alex\/wordpress\/index.php?rest_route=\/wp\/v2\/pages\/5990\/revisions\/6096"}],"up":[{"embeddable":true,"href":"https:\/\/www.weinfreunde-vom-hellweg.de\/alex\/wordpress\/index.php?rest_route=\/wp\/v2\/pages\/5867"}],"wp:attachment":[{"href":"https:\/\/www.weinfreunde-vom-hellweg.de\/alex\/wordpress\/index.php?rest_route=%2Fwp%2Fv2%2Fmedia&parent=5990"}],"curies":[{"name":"wp","href":"https:\/\/api.w.org\/{rel}","templated":true}]}}