{"id":6057,"date":"2026-02-03T20:08:37","date_gmt":"2026-02-03T19:08:37","guid":{"rendered":"https:\/\/www.weinfreunde-vom-hellweg.de\/alex\/wordpress\/?page_id=6057"},"modified":"2026-04-07T18:51:01","modified_gmt":"2026-04-07T16:51:01","slug":"weinprobe-im-kino","status":"publish","type":"page","link":"https:\/\/www.weinfreunde-vom-hellweg.de\/alex\/wordpress\/?page_id=6057","title":{"rendered":"Vino im Kino \u2013 Kochen ist Chefsache"},"content":{"rendered":"\n<p>Donnerstag, 26.03.2026, 19 Uhr im&nbsp;<a href=\"https:\/\/www.kino-unna.de\" target=\"_blank\" rel=\"noreferrer noopener\">Kinorama<\/a>&nbsp;Unna<\/p>\n\n\n\n<p>Wir rollen den roten Teppich aus \u2014 nicht f\u00fcr Hollywood, sondern f\u00fcr Wein, Genuss und gute Gesellschaft. Denn wir laden euch herzlich ein zu einem Abend, der Kino und Kulinarik auf k\u00f6stlichste Weise verbindet.<br><br>In Kooperation mit dem <a href=\"https:\/\/www.kino-unna.de\" target=\"_blank\" rel=\"noreferrer noopener\">Kinorama<\/a> bieten wir eine besondere Weinprobe an \u2013 f\u00fcr Liebhaber guten Weins und guter Filmunterhaltung. \u201eKochen ist Chefsache\u201c ist eine warmherzige, humorvolle und inspirierende Geschichte \u00fcber zweite Chancen, gro\u00dfe Aromen der Haute Cuisine und der Molekularen K\u00fcche sowie der Kunst, sich selbst wiederzufinden. Ein Film voller Genussmomente, Humor und Herz \u2013 ein Fest f\u00fcr alle, die glauben, dass gutes Essen mehr ist als Nahrung: Es ist ein Lebensgef\u00fchl.<br><br>Wein ist mehr als ein Getr\u00e4nk &#8211; es ist das Lebensgef\u00fchl, das man trinken kann. Wenn wir schon keine Kostproben der Haute Cuisine oder der Molekularen K\u00fcche genie\u00dfen k\u00f6nnen, wollen wir thematisch zum Film passende Weine probieren. Lasst euch \u00fcberraschen!<\/p>\n\n\n\n<p>Wir freuen uns auf einen Abend voller Genuss und einem Film, der uns daran erinnert, dass Kochen vielleicht Chefsache ist\u2026 aber Wein definitiv Herzenssache!<\/p>\n\n\n\n<p><a href=\"https:\/\/www.weinfreunde-vom-hellweg.de\/alex\/wordpress\/wp-content\/uploads\/2026-03-26-Vino-im-Kino-Zeitungsbericht.pdf\" target=\"_blank\" rel=\"noreferrer noopener\">Zeitungsbericht<\/a> (PDF)<\/p>\n","protected":false},"excerpt":{"rendered":"<p>Donnerstag, 26.03.2026, 19 Uhr im&nbsp;Kinorama&nbsp;Unna Wir rollen den roten Teppich aus \u2014 nicht f\u00fcr Hollywood, sondern f\u00fcr Wein, Genuss und gute Gesellschaft. Denn wir laden euch herzlich ein zu einem Abend, der Kino und Kulinarik auf k\u00f6stlichste Weise verbindet. In &hellip; <a href=\"https:\/\/www.weinfreunde-vom-hellweg.de\/alex\/wordpress\/?page_id=6057\">Weiterlesen <span class=\"meta-nav\">&rarr;<\/span><\/a><\/p>\n","protected":false},"author":14,"featured_media":0,"parent":5867,"menu_order":30,"comment_status":"closed","ping_status":"closed","template":"","meta":{"ngg_post_thumbnail":0,"footnotes":""},"class_list":["post-6057","page","type-page","status-publish","hentry"],"_links":{"self":[{"href":"https:\/\/www.weinfreunde-vom-hellweg.de\/alex\/wordpress\/index.php?rest_route=\/wp\/v2\/pages\/6057","targetHints":{"allow":["GET"]}}],"collection":[{"href":"https:\/\/www.weinfreunde-vom-hellweg.de\/alex\/wordpress\/index.php?rest_route=\/wp\/v2\/pages"}],"about":[{"href":"https:\/\/www.weinfreunde-vom-hellweg.de\/alex\/wordpress\/index.php?rest_route=\/wp\/v2\/types\/page"}],"author":[{"embeddable":true,"href":"https:\/\/www.weinfreunde-vom-hellweg.de\/alex\/wordpress\/index.php?rest_route=\/wp\/v2\/users\/14"}],"replies":[{"embeddable":true,"href":"https:\/\/www.weinfreunde-vom-hellweg.de\/alex\/wordpress\/index.php?rest_route=%2Fwp%2Fv2%2Fcomments&post=6057"}],"version-history":[{"count":12,"href":"https:\/\/www.weinfreunde-vom-hellweg.de\/alex\/wordpress\/index.php?rest_route=\/wp\/v2\/pages\/6057\/revisions"}],"predecessor-version":[{"id":6164,"href":"https:\/\/www.weinfreunde-vom-hellweg.de\/alex\/wordpress\/index.php?rest_route=\/wp\/v2\/pages\/6057\/revisions\/6164"}],"up":[{"embeddable":true,"href":"https:\/\/www.weinfreunde-vom-hellweg.de\/alex\/wordpress\/index.php?rest_route=\/wp\/v2\/pages\/5867"}],"wp:attachment":[{"href":"https:\/\/www.weinfreunde-vom-hellweg.de\/alex\/wordpress\/index.php?rest_route=%2Fwp%2Fv2%2Fmedia&parent=6057"}],"curies":[{"name":"wp","href":"https:\/\/api.w.org\/{rel}","templated":true}]}}