{"id":6138,"date":"2026-03-25T13:37:49","date_gmt":"2026-03-25T12:37:49","guid":{"rendered":"https:\/\/www.weinfreunde-vom-hellweg.de\/alex\/wordpress\/?page_id=6138"},"modified":"2026-04-15T20:09:56","modified_gmt":"2026-04-15T18:09:56","slug":"zeitreise-mit-wein","status":"publish","type":"page","link":"https:\/\/www.weinfreunde-vom-hellweg.de\/alex\/wordpress\/?page_id=6138","title":{"rendered":"Zeitreise mit Wein"},"content":{"rendered":"\n<p>Donnerstag, 07.05.2026, 19 Uhr im Atelier der Lindenbrauerei Unna<\/p>\n\n\n\n<p>Eine genussvolle Expedition durch Ursprung, Wandel und Zukunft des Weins \u2013 bei einer au\u00dfergew\u00f6hnlichen Weinprobe, die mehr ist als ein Abend mit guten Tropfen.<br>Einer Sage nach soll Noah am Berg Ararat vor \u00fcber 8.000 Jahren die ersten Rebst\u00f6cke gepflanzt haben. Seinerzeit nutzten Kulturen im Kaukasus, in Georgien und sp\u00e4ter im Mittelmeerraum Amphoren und Quevri, um Trauben zu verg\u00e4ren und zu lagern. Mit der r\u00f6mischen Expansion und dem Wissen der Kelten setzte sich das Holzfass als Standard durch. Es war leichter zu transportieren, robuster und bot neue M\u00f6glichkeiten der Weinreifung.<br>Seit den 1960er Jahren hat der Edelstahltank den Weinbau erneut ver\u00e4ndert. Er brachte eine technische Pr\u00e4zision, die zuvor kaum m\u00f6glich war.<br>Freut euch auf eine sensorische Reise mit Weinen nachhaltig hergestellt aus autochthonen, klassischen hybriden oder wiederentdeckten Rebsorten sowie pilzwiderstandsf\u00e4higen Neuz\u00fcchtungen und gekeltert in verschiedenen Ausbauformen \u2013 Quevri, Stahltank, Fassausbau oder als Naturwein.<\/p>\n\n\n\n<p>Kosten: 19,- \u20ac f\u00fcr Mitglieder (23 \u20ac f\u00fcr G\u00e4ste)<br>G\u00e4ste sind zu der Veranstaltung herzlich willkommen und melden sich bitte telefonisch (0176-20996878) oder per Mail (<a href=\"mailto:vorstand@weinfreunde-vom-hellweg.de\" target=\"_blank\" rel=\"noreferrer noopener\">vorstand@weinfreunde-vom-hellweg.de<\/a>) an.<\/p>\n","protected":false},"excerpt":{"rendered":"<p>Donnerstag, 07.05.2026, 19 Uhr im Atelier der Lindenbrauerei Unna Eine genussvolle Expedition durch Ursprung, Wandel und Zukunft des Weins \u2013 bei einer au\u00dfergew\u00f6hnlichen Weinprobe, die mehr ist als ein Abend mit guten Tropfen.Einer Sage nach soll Noah am Berg Ararat &hellip; <a href=\"https:\/\/www.weinfreunde-vom-hellweg.de\/alex\/wordpress\/?page_id=6138\">Weiterlesen <span class=\"meta-nav\">&rarr;<\/span><\/a><\/p>\n","protected":false},"author":14,"featured_media":0,"parent":5867,"menu_order":40,"comment_status":"closed","ping_status":"closed","template":"","meta":{"ngg_post_thumbnail":0,"footnotes":""},"class_list":["post-6138","page","type-page","status-publish","hentry"],"_links":{"self":[{"href":"https:\/\/www.weinfreunde-vom-hellweg.de\/alex\/wordpress\/index.php?rest_route=\/wp\/v2\/pages\/6138","targetHints":{"allow":["GET"]}}],"collection":[{"href":"https:\/\/www.weinfreunde-vom-hellweg.de\/alex\/wordpress\/index.php?rest_route=\/wp\/v2\/pages"}],"about":[{"href":"https:\/\/www.weinfreunde-vom-hellweg.de\/alex\/wordpress\/index.php?rest_route=\/wp\/v2\/types\/page"}],"author":[{"embeddable":true,"href":"https:\/\/www.weinfreunde-vom-hellweg.de\/alex\/wordpress\/index.php?rest_route=\/wp\/v2\/users\/14"}],"replies":[{"embeddable":true,"href":"https:\/\/www.weinfreunde-vom-hellweg.de\/alex\/wordpress\/index.php?rest_route=%2Fwp%2Fv2%2Fcomments&post=6138"}],"version-history":[{"count":5,"href":"https:\/\/www.weinfreunde-vom-hellweg.de\/alex\/wordpress\/index.php?rest_route=\/wp\/v2\/pages\/6138\/revisions"}],"predecessor-version":[{"id":6170,"href":"https:\/\/www.weinfreunde-vom-hellweg.de\/alex\/wordpress\/index.php?rest_route=\/wp\/v2\/pages\/6138\/revisions\/6170"}],"up":[{"embeddable":true,"href":"https:\/\/www.weinfreunde-vom-hellweg.de\/alex\/wordpress\/index.php?rest_route=\/wp\/v2\/pages\/5867"}],"wp:attachment":[{"href":"https:\/\/www.weinfreunde-vom-hellweg.de\/alex\/wordpress\/index.php?rest_route=%2Fwp%2Fv2%2Fmedia&parent=6138"}],"curies":[{"name":"wp","href":"https:\/\/api.w.org\/{rel}","templated":true}]}}