{"id":6142,"date":"2026-03-25T13:47:36","date_gmt":"2026-03-25T12:47:36","guid":{"rendered":"https:\/\/www.weinfreunde-vom-hellweg.de\/alex\/wordpress\/?page_id=6142"},"modified":"2026-03-25T13:52:25","modified_gmt":"2026-03-25T12:52:25","slug":"weinfreunde-besuchen-orte-der-hellweg-region","status":"publish","type":"page","link":"https:\/\/www.weinfreunde-vom-hellweg.de\/alex\/wordpress\/?page_id=6142","title":{"rendered":"Weinfreunde besuchen Orte der Hellweg-Region"},"content":{"rendered":"\n<p>Samstag, 20.06.2026, 13:30 Uhr, 59557 Lippstadt, Hansastra\u00dfe 11<\/p>\n\n\n\n<p>In diesem Jahr f\u00fchrt uns unser Ausflug in die Hellweg-Region nach Lippstadt in die <a href=\"https:\/\/www.peters-schokowelt.de\/\" target=\"_blank\" rel=\"noreferrer noopener\">PETERS SchokoWelt<\/a>. Nachdem wir bereits bei einigen Veranstaltungen erleben durften, welch besonderes Geschmackserlebnis die perfekte Kombination aus Schokolade, Pralinen und Wein sein kann, werden wir bei einer F\u00fchrung durch die SchokoWelt live die Herstellung von Pralinen und Schokolade erleben und Kostproben genie\u00dfen d\u00fcrfen.<br>Nach einem Kaffeetrinken im HutmacherCaf\u00e9 und einem Besuch im PralinenShop geht es zur\u00fcck nach Unna, wo wir den Tag im Nicolaihaus bei Weinen aus dem Weinkeller ausklingen lassen.<\/p>\n","protected":false},"excerpt":{"rendered":"<p>Samstag, 20.06.2026, 13:30 Uhr, 59557 Lippstadt, Hansastra\u00dfe 11 In diesem Jahr f\u00fchrt uns unser Ausflug in die Hellweg-Region nach Lippstadt in die PETERS SchokoWelt. Nachdem wir bereits bei einigen Veranstaltungen erleben durften, welch besonderes Geschmackserlebnis die perfekte Kombination aus Schokolade, &hellip; <a href=\"https:\/\/www.weinfreunde-vom-hellweg.de\/alex\/wordpress\/?page_id=6142\">Weiterlesen <span class=\"meta-nav\">&rarr;<\/span><\/a><\/p>\n","protected":false},"author":14,"featured_media":0,"parent":5867,"menu_order":50,"comment_status":"closed","ping_status":"closed","template":"","meta":{"ngg_post_thumbnail":0,"footnotes":""},"class_list":["post-6142","page","type-page","status-publish","hentry"],"_links":{"self":[{"href":"https:\/\/www.weinfreunde-vom-hellweg.de\/alex\/wordpress\/index.php?rest_route=\/wp\/v2\/pages\/6142","targetHints":{"allow":["GET"]}}],"collection":[{"href":"https:\/\/www.weinfreunde-vom-hellweg.de\/alex\/wordpress\/index.php?rest_route=\/wp\/v2\/pages"}],"about":[{"href":"https:\/\/www.weinfreunde-vom-hellweg.de\/alex\/wordpress\/index.php?rest_route=\/wp\/v2\/types\/page"}],"author":[{"embeddable":true,"href":"https:\/\/www.weinfreunde-vom-hellweg.de\/alex\/wordpress\/index.php?rest_route=\/wp\/v2\/users\/14"}],"replies":[{"embeddable":true,"href":"https:\/\/www.weinfreunde-vom-hellweg.de\/alex\/wordpress\/index.php?rest_route=%2Fwp%2Fv2%2Fcomments&post=6142"}],"version-history":[{"count":2,"href":"https:\/\/www.weinfreunde-vom-hellweg.de\/alex\/wordpress\/index.php?rest_route=\/wp\/v2\/pages\/6142\/revisions"}],"predecessor-version":[{"id":6149,"href":"https:\/\/www.weinfreunde-vom-hellweg.de\/alex\/wordpress\/index.php?rest_route=\/wp\/v2\/pages\/6142\/revisions\/6149"}],"up":[{"embeddable":true,"href":"https:\/\/www.weinfreunde-vom-hellweg.de\/alex\/wordpress\/index.php?rest_route=\/wp\/v2\/pages\/5867"}],"wp:attachment":[{"href":"https:\/\/www.weinfreunde-vom-hellweg.de\/alex\/wordpress\/index.php?rest_route=%2Fwp%2Fv2%2Fmedia&parent=6142"}],"curies":[{"name":"wp","href":"https:\/\/api.w.org\/{rel}","templated":true}]}}